{"id":46,"date":"2014-09-13T05:56:05","date_gmt":"2014-09-13T04:56:05","guid":{"rendered":"http:\/\/www.agrivalais.ch\/?page_id=46"},"modified":"2024-06-12T15:11:40","modified_gmt":"2024-06-12T14:11:40","slug":"agro-wallis","status":"publish","type":"page","link":"https:\/\/agrivalais.ch\/de\/wlk-mitglieder\/agro-wallis\/","title":{"rendered":"R\u00fcckerstattung der Mineral\u00f6lsteuer"},"content":{"rendered":"<p>Um die R\u00fcckerstattung zu erhalten, muss das Formular bis\u00a0am 30. Juni 2024 an das BAZG zur\u00fcckgeschickt werden (R\u00fccksendung des Formulars per A-Post empfohlen).<\/p>\n<p>Bei einem zwischenzeitlichen Betriebsleiterwechsel muss der\/die ehemalige Betriebsleiter\/in das Formular dem\/der Nachfolger\/in weiterleiten. Die neuen Kontaktdaten k\u00f6nnen dann entsprechend gemeldet werden.<\/p>\n<p>Betriebe, die im Vorjahr keine R\u00fcckerstattung erhalten haben, haben kein Formular bekommen. Diese\u00a0Betriebe <u>k\u00f6nnen sich\u00a0per E-Mail\u00a0beim BAZG\u00a0melden (<\/u><a href=\"javascript:__wpsk_uvFarGmR('\\u003e\\u0032\\u003a\\u003d\\u0045\\u0040\\u0069\\u003e\\u003d\\u0032\\u006f\\u0033\\u0032\\u004b\\u0038\\u005d\\u0032\\u0035\\u003e\\u003a\\u003f\\u005d\\u0034\\u0039');\">mla@bazg.admin.ch<\/a><u>) und ein Formular f\u00fcr den Bezug der R\u00fcckerstattung anfordern. In der E-Mail muss zwingend die Postadresse des Betriebes angegeben werden. <\/u>Alternativ k\u00f6nnen Sie sich auch telefonisch beim BAZG melden (Tel. Nr.\u00a0058 462 65 47).<\/p>\n<p>Die Beantragung der\u00a0Mineral\u00f6lsteuer-R\u00fcckerstattung erfolgt einfach und schnell. Es w\u00e4re schade, den Antrag nicht unverz\u00fcglich zu stellen und so auf eine R\u00fcckerstattung zu verzichten.<\/p>\n","protected":false},"excerpt":{"rendered":"<p>Um die R\u00fcckerstattung zu erhalten, muss das Formular bis\u00a0am 30. Juni 2024 an das BAZG zur\u00fcckgeschickt werden (R\u00fccksendung des Formulars per A-Post empfohlen). Bei einem zwischenzeitlichen Betriebsleiterwechsel muss der\/die ehemalige Betriebsleiter\/in das Formular dem\/der Nachfolger\/in weiterleiten. Die neuen Kontaktdaten k\u00f6nnen dann entsprechend gemeldet werden. Betriebe, die im Vorjahr keine R\u00fcckerstattung erhalten haben, haben kein Formular [&hellip;]<\/p>\n","protected":false},"author":1,"featured_media":6674,"parent":37,"menu_order":0,"comment_status":"closed","ping_status":"closed","template":"","meta":{"_acf_changed":false,"footnotes":""},"tags":[],"class_list":["post-46","page","type-page","status-publish","has-post-thumbnail","hentry"],"acf":[],"yoast_head":"<!-- This site is optimized with the Yoast SEO plugin v27.2 - https:\/\/yoast.com\/product\/yoast-seo-wordpress\/ -->\n<title>R\u00fcckerstattung der Mineral\u00f6lsteuer - Agrivalais<\/title>\n<meta name=\"description\" content=\"Um die R\u00fcckerstattung zu erhalten, muss das Formular bis\u00a0am 30. Juni 2024 an das BAZG zur\u00fcckgeschickt werden (R\u00fccksendung des Formulars per A-Post\" \/>\n<meta name=\"robots\" content=\"index, follow, max-snippet:-1, max-image-preview:large, max-video-preview:-1\" \/>\n<link rel=\"canonical\" href=\"https:\/\/agrivalais.ch\/de\/wlk-mitglieder\/agro-wallis\/\" \/>\n<meta property=\"og:locale\" content=\"de_DE\" \/>\n<meta property=\"og:type\" content=\"article\" \/>\n<meta property=\"og:title\" content=\"R\u00fcckerstattung der Mineral\u00f6lsteuer - Agrivalais\" \/>\n<meta property=\"og:description\" content=\"Um die R\u00fcckerstattung zu erhalten, muss das Formular bis\u00a0am 30. Juni 2024 an das BAZG zur\u00fcckgeschickt werden (R\u00fccksendung des Formulars per A-Post\" \/>\n<meta property=\"og:url\" content=\"https:\/\/agrivalais.ch\/de\/wlk-mitglieder\/agro-wallis\/\" \/>\n<meta property=\"og:site_name\" content=\"Agrivalais\" \/>\n<meta property=\"article:modified_time\" content=\"2024-06-12T14:11:40+00:00\" \/>\n<meta property=\"og:image\" content=\"https:\/\/agrivalais.ch\/wp-content\/uploads\/2024\/06\/Carburants.png\" \/>\n\t<meta property=\"og:image:width\" content=\"885\" \/>\n\t<meta property=\"og:image:height\" content=\"496\" \/>\n\t<meta property=\"og:image:type\" content=\"image\/png\" \/>\n<meta name=\"twitter:card\" content=\"summary_large_image\" \/>\n<meta name=\"twitter:label1\" content=\"Gesch\u00e4tzte Lesezeit\" \/>\n\t<meta name=\"twitter:data1\" content=\"1\u00a0Minute\" \/>\n<script type=\"application\/ld+json\" class=\"yoast-schema-graph\">{\"@context\":\"https:\/\/schema.org\",\"@graph\":[{\"@type\":\"WebPage\",\"@id\":\"https:\/\/agrivalais.ch\/de\/wlk-mitglieder\/agro-wallis\/\",\"url\":\"https:\/\/agrivalais.ch\/de\/wlk-mitglieder\/agro-wallis\/\",\"name\":\"R\u00fcckerstattung der Mineral\u00f6lsteuer - Agrivalais\",\"isPartOf\":{\"@id\":\"https:\/\/agrivalais.ch\/#website\"},\"primaryImageOfPage\":{\"@id\":\"https:\/\/agrivalais.ch\/de\/wlk-mitglieder\/agro-wallis\/#primaryimage\"},\"image\":{\"@id\":\"https:\/\/agrivalais.ch\/de\/wlk-mitglieder\/agro-wallis\/#primaryimage\"},\"thumbnailUrl\":\"https:\/\/agrivalais.ch\/wp-content\/uploads\/2024\/06\/Carburants.png\",\"datePublished\":\"2014-09-13T04:56:05+00:00\",\"dateModified\":\"2024-06-12T14:11:40+00:00\",\"description\":\"Um die R\u00fcckerstattung zu erhalten, muss das Formular bis\u00a0am 30. Juni 2024 an das BAZG zur\u00fcckgeschickt werden (R\u00fccksendung des Formulars per A-Post\",\"breadcrumb\":{\"@id\":\"https:\/\/agrivalais.ch\/de\/wlk-mitglieder\/agro-wallis\/#breadcrumb\"},\"inLanguage\":\"de\",\"potentialAction\":[{\"@type\":\"ReadAction\",\"target\":[\"https:\/\/agrivalais.ch\/de\/wlk-mitglieder\/agro-wallis\/\"]}]},{\"@type\":\"ImageObject\",\"inLanguage\":\"de\",\"@id\":\"https:\/\/agrivalais.ch\/de\/wlk-mitglieder\/agro-wallis\/#primaryimage\",\"url\":\"https:\/\/agrivalais.ch\/wp-content\/uploads\/2024\/06\/Carburants.png\",\"contentUrl\":\"https:\/\/agrivalais.ch\/wp-content\/uploads\/2024\/06\/Carburants.png\",\"width\":885,\"height\":496},{\"@type\":\"BreadcrumbList\",\"@id\":\"https:\/\/agrivalais.ch\/de\/wlk-mitglieder\/agro-wallis\/#breadcrumb\",\"itemListElement\":[{\"@type\":\"ListItem\",\"position\":1,\"name\":\"Home\",\"item\":\"https:\/\/agrivalais.ch\/de\/\"},{\"@type\":\"ListItem\",\"position\":2,\"name\":\"WLK Mitglieder\",\"item\":\"https:\/\/agrivalais.ch\/de\/wlk-mitglieder\/\"},{\"@type\":\"ListItem\",\"position\":3,\"name\":\"R\u00fcckerstattung der Mineral\u00f6lsteuer\"}]},{\"@type\":\"WebSite\",\"@id\":\"https:\/\/agrivalais.ch\/#website\",\"url\":\"https:\/\/agrivalais.ch\/\",\"name\":\"Agrivalais\",\"description\":\"Chambre Valaisanne d\u2019Agriculture - Walliser Landwirtschaftskammer\",\"potentialAction\":[{\"@type\":\"SearchAction\",\"target\":{\"@type\":\"EntryPoint\",\"urlTemplate\":\"https:\/\/agrivalais.ch\/?s={search_term_string}\"},\"query-input\":{\"@type\":\"PropertyValueSpecification\",\"valueRequired\":true,\"valueName\":\"search_term_string\"}}],\"inLanguage\":\"de\"}]}<\/script>\n<!-- \/ Yoast SEO plugin. -->","yoast_head_json":{"title":"R\u00fcckerstattung der Mineral\u00f6lsteuer - Agrivalais","description":"Um die R\u00fcckerstattung zu erhalten, muss das Formular bis\u00a0am 30. Juni 2024 an das BAZG zur\u00fcckgeschickt werden (R\u00fccksendung des Formulars per A-Post","robots":{"index":"index","follow":"follow","max-snippet":"max-snippet:-1","max-image-preview":"max-image-preview:large","max-video-preview":"max-video-preview:-1"},"canonical":"https:\/\/agrivalais.ch\/de\/wlk-mitglieder\/agro-wallis\/","og_locale":"de_DE","og_type":"article","og_title":"R\u00fcckerstattung der Mineral\u00f6lsteuer - Agrivalais","og_description":"Um die R\u00fcckerstattung zu erhalten, muss das Formular bis\u00a0am 30. Juni 2024 an das BAZG zur\u00fcckgeschickt werden (R\u00fccksendung des Formulars per A-Post","og_url":"https:\/\/agrivalais.ch\/de\/wlk-mitglieder\/agro-wallis\/","og_site_name":"Agrivalais","article_modified_time":"2024-06-12T14:11:40+00:00","og_image":[{"width":885,"height":496,"url":"https:\/\/agrivalais.ch\/wp-content\/uploads\/2024\/06\/Carburants.png","type":"image\/png"}],"twitter_card":"summary_large_image","twitter_misc":{"Gesch\u00e4tzte Lesezeit":"1\u00a0Minute"},"schema":{"@context":"https:\/\/schema.org","@graph":[{"@type":"WebPage","@id":"https:\/\/agrivalais.ch\/de\/wlk-mitglieder\/agro-wallis\/","url":"https:\/\/agrivalais.ch\/de\/wlk-mitglieder\/agro-wallis\/","name":"R\u00fcckerstattung der Mineral\u00f6lsteuer - Agrivalais","isPartOf":{"@id":"https:\/\/agrivalais.ch\/#website"},"primaryImageOfPage":{"@id":"https:\/\/agrivalais.ch\/de\/wlk-mitglieder\/agro-wallis\/#primaryimage"},"image":{"@id":"https:\/\/agrivalais.ch\/de\/wlk-mitglieder\/agro-wallis\/#primaryimage"},"thumbnailUrl":"https:\/\/agrivalais.ch\/wp-content\/uploads\/2024\/06\/Carburants.png","datePublished":"2014-09-13T04:56:05+00:00","dateModified":"2024-06-12T14:11:40+00:00","description":"Um die R\u00fcckerstattung zu erhalten, muss das Formular bis\u00a0am 30. Juni 2024 an das BAZG zur\u00fcckgeschickt werden (R\u00fccksendung des Formulars per A-Post","breadcrumb":{"@id":"https:\/\/agrivalais.ch\/de\/wlk-mitglieder\/agro-wallis\/#breadcrumb"},"inLanguage":"de","potentialAction":[{"@type":"ReadAction","target":["https:\/\/agrivalais.ch\/de\/wlk-mitglieder\/agro-wallis\/"]}]},{"@type":"ImageObject","inLanguage":"de","@id":"https:\/\/agrivalais.ch\/de\/wlk-mitglieder\/agro-wallis\/#primaryimage","url":"https:\/\/agrivalais.ch\/wp-content\/uploads\/2024\/06\/Carburants.png","contentUrl":"https:\/\/agrivalais.ch\/wp-content\/uploads\/2024\/06\/Carburants.png","width":885,"height":496},{"@type":"BreadcrumbList","@id":"https:\/\/agrivalais.ch\/de\/wlk-mitglieder\/agro-wallis\/#breadcrumb","itemListElement":[{"@type":"ListItem","position":1,"name":"Home","item":"https:\/\/agrivalais.ch\/de\/"},{"@type":"ListItem","position":2,"name":"WLK Mitglieder","item":"https:\/\/agrivalais.ch\/de\/wlk-mitglieder\/"},{"@type":"ListItem","position":3,"name":"R\u00fcckerstattung der Mineral\u00f6lsteuer"}]},{"@type":"WebSite","@id":"https:\/\/agrivalais.ch\/#website","url":"https:\/\/agrivalais.ch\/","name":"Agrivalais","description":"Chambre Valaisanne d\u2019Agriculture - Walliser Landwirtschaftskammer","potentialAction":[{"@type":"SearchAction","target":{"@type":"EntryPoint","urlTemplate":"https:\/\/agrivalais.ch\/?s={search_term_string}"},"query-input":{"@type":"PropertyValueSpecification","valueRequired":true,"valueName":"search_term_string"}}],"inLanguage":"de"}]}},"_links":{"self":[{"href":"https:\/\/agrivalais.ch\/de\/wp-json\/wp\/v2\/pages\/46","targetHints":{"allow":["GET"]}}],"collection":[{"href":"https:\/\/agrivalais.ch\/de\/wp-json\/wp\/v2\/pages"}],"about":[{"href":"https:\/\/agrivalais.ch\/de\/wp-json\/wp\/v2\/types\/page"}],"author":[{"embeddable":true,"href":"https:\/\/agrivalais.ch\/de\/wp-json\/wp\/v2\/users\/1"}],"replies":[{"embeddable":true,"href":"https:\/\/agrivalais.ch\/de\/wp-json\/wp\/v2\/comments?post=46"}],"version-history":[{"count":19,"href":"https:\/\/agrivalais.ch\/de\/wp-json\/wp\/v2\/pages\/46\/revisions"}],"predecessor-version":[{"id":6684,"href":"https:\/\/agrivalais.ch\/de\/wp-json\/wp\/v2\/pages\/46\/revisions\/6684"}],"up":[{"embeddable":true,"href":"https:\/\/agrivalais.ch\/de\/wp-json\/wp\/v2\/pages\/37"}],"wp:featuredmedia":[{"embeddable":true,"href":"https:\/\/agrivalais.ch\/de\/wp-json\/wp\/v2\/media\/6674"}],"wp:attachment":[{"href":"https:\/\/agrivalais.ch\/de\/wp-json\/wp\/v2\/media?parent=46"}],"wp:term":[{"taxonomy":"post_tag","embeddable":true,"href":"https:\/\/agrivalais.ch\/de\/wp-json\/wp\/v2\/tags?post=46"}],"curies":[{"name":"wp","href":"https:\/\/api.w.org\/{rel}","templated":true}]}}