{"id":4001,"date":"2020-03-13T16:00:21","date_gmt":"2020-03-13T16:00:21","guid":{"rendered":"http:\/\/www.agrivalais.ch\/?page_id=4001\/"},"modified":"2020-03-13T16:00:21","modified_gmt":"2020-03-13T16:00:21","slug":"weinbau","status":"publish","type":"page","link":"https:\/\/agrivalais.ch\/de\/bauern\/weinbau\/","title":{"rendered":"Weinbau"},"content":{"rendered":"<p>Weisung der kantonalen Steuerverwaltung: Weinbau \u2013 Ausbleibende Erntezahlungen<\/p>\n<p>Es kommt immer \u00f6fters vor, dass Weinh\u00e4ndler in finanzielle Schwierigkeiten geraten und ihre Traubenlieferanten oder die Pachtzinse f\u00fcr die Reben im Erntejahr nicht bezahlen k\u00f6nnen. Die KSV hat daher eine Praxis definiert, die in solchen F\u00e4llen anzuwenden ist.<\/p>\n<p><a href=\"http:\/\/www.agrivalais.ch\/wp-content\/uploads\/2020\/03\/Weisung_Landwirtschaft_Weinbau_ausbleibende-Erntezahlungen.pdf\" target=\"_blank\" rel=\"noopener noreferrer\">Richtlinie lesen <\/a><\/p>\n","protected":false},"excerpt":{"rendered":"<p>Weisung der kantonalen Steuerverwaltung: Weinbau \u2013 Ausbleibende Erntezahlungen Es kommt immer \u00f6fters vor, dass Weinh\u00e4ndler in finanzielle Schwierigkeiten geraten und ihre Traubenlieferanten oder die Pachtzinse f\u00fcr die Reben im Erntejahr nicht bezahlen k\u00f6nnen. Die KSV hat daher eine Praxis definiert, die in solchen F\u00e4llen anzuwenden ist. Richtlinie lesen<\/p>\n","protected":false},"author":4,"featured_media":2981,"parent":49,"menu_order":6,"comment_status":"closed","ping_status":"closed","template":"","meta":{"_acf_changed":false,"footnotes":""},"tags":[],"class_list":["post-4001","page","type-page","status-publish","has-post-thumbnail","hentry"],"acf":[],"yoast_head":"<!-- This site is optimized with the Yoast SEO plugin v27.2 - https:\/\/yoast.com\/product\/yoast-seo-wordpress\/ -->\n<title>Weinbau - Agrivalais<\/title>\n<meta name=\"description\" content=\"Weisung der kantonalen Steuerverwaltung: Weinbau \u2013 Ausbleibende Erntezahlungen Es kommt immer \u00f6fters vor, dass Weinh\u00e4ndler in finanzielle Schwierigkeiten\" \/>\n<meta name=\"robots\" content=\"index, follow, max-snippet:-1, max-image-preview:large, max-video-preview:-1\" \/>\n<link rel=\"canonical\" href=\"https:\/\/agrivalais.ch\/de\/bauern\/weinbau\/\" \/>\n<meta property=\"og:locale\" content=\"de_DE\" \/>\n<meta property=\"og:type\" content=\"article\" \/>\n<meta property=\"og:title\" content=\"Weinbau - Agrivalais\" \/>\n<meta property=\"og:description\" content=\"Weisung der kantonalen Steuerverwaltung: Weinbau \u2013 Ausbleibende Erntezahlungen Es kommt immer \u00f6fters vor, dass Weinh\u00e4ndler in finanzielle Schwierigkeiten\" \/>\n<meta property=\"og:url\" content=\"https:\/\/agrivalais.ch\/de\/bauern\/weinbau\/\" \/>\n<meta property=\"og:site_name\" content=\"Agrivalais\" \/>\n<meta property=\"og:image\" content=\"https:\/\/agrivalais.ch\/wp-content\/uploads\/2018\/03\/dsc_0017-vendangeur.jpg\" \/>\n\t<meta property=\"og:image:width\" content=\"1162\" \/>\n\t<meta property=\"og:image:height\" content=\"778\" \/>\n\t<meta property=\"og:image:type\" content=\"image\/jpeg\" \/>\n<meta name=\"twitter:card\" content=\"summary_large_image\" \/>\n<script type=\"application\/ld+json\" class=\"yoast-schema-graph\">{\"@context\":\"https:\/\/schema.org\",\"@graph\":[{\"@type\":\"WebPage\",\"@id\":\"https:\/\/agrivalais.ch\/de\/bauern\/weinbau\/\",\"url\":\"https:\/\/agrivalais.ch\/de\/bauern\/weinbau\/\",\"name\":\"Weinbau - Agrivalais\",\"isPartOf\":{\"@id\":\"https:\/\/agrivalais.ch\/#website\"},\"primaryImageOfPage\":{\"@id\":\"https:\/\/agrivalais.ch\/de\/bauern\/weinbau\/#primaryimage\"},\"image\":{\"@id\":\"https:\/\/agrivalais.ch\/de\/bauern\/weinbau\/#primaryimage\"},\"thumbnailUrl\":\"https:\/\/agrivalais.ch\/wp-content\/uploads\/2018\/03\/dsc_0017-vendangeur.jpg\",\"datePublished\":\"2020-03-13T16:00:21+00:00\",\"description\":\"Weisung der kantonalen Steuerverwaltung: Weinbau \u2013 Ausbleibende Erntezahlungen Es kommt immer \u00f6fters vor, dass Weinh\u00e4ndler in finanzielle Schwierigkeiten\",\"breadcrumb\":{\"@id\":\"https:\/\/agrivalais.ch\/de\/bauern\/weinbau\/#breadcrumb\"},\"inLanguage\":\"de\",\"potentialAction\":[{\"@type\":\"ReadAction\",\"target\":[\"https:\/\/agrivalais.ch\/de\/bauern\/weinbau\/\"]}]},{\"@type\":\"ImageObject\",\"inLanguage\":\"de\",\"@id\":\"https:\/\/agrivalais.ch\/de\/bauern\/weinbau\/#primaryimage\",\"url\":\"https:\/\/agrivalais.ch\/wp-content\/uploads\/2018\/03\/dsc_0017-vendangeur.jpg\",\"contentUrl\":\"https:\/\/agrivalais.ch\/wp-content\/uploads\/2018\/03\/dsc_0017-vendangeur.jpg\",\"width\":1162,\"height\":778},{\"@type\":\"BreadcrumbList\",\"@id\":\"https:\/\/agrivalais.ch\/de\/bauern\/weinbau\/#breadcrumb\",\"itemListElement\":[{\"@type\":\"ListItem\",\"position\":1,\"name\":\"Home\",\"item\":\"https:\/\/agrivalais.ch\/de\/\"},{\"@type\":\"ListItem\",\"position\":2,\"name\":\"Betreiber\",\"item\":\"https:\/\/agrivalais.ch\/de\/bauern\/\"},{\"@type\":\"ListItem\",\"position\":3,\"name\":\"Weinbau\"}]},{\"@type\":\"WebSite\",\"@id\":\"https:\/\/agrivalais.ch\/#website\",\"url\":\"https:\/\/agrivalais.ch\/\",\"name\":\"Agrivalais\",\"description\":\"Chambre Valaisanne d\u2019Agriculture - Walliser Landwirtschaftskammer\",\"potentialAction\":[{\"@type\":\"SearchAction\",\"target\":{\"@type\":\"EntryPoint\",\"urlTemplate\":\"https:\/\/agrivalais.ch\/?s={search_term_string}\"},\"query-input\":{\"@type\":\"PropertyValueSpecification\",\"valueRequired\":true,\"valueName\":\"search_term_string\"}}],\"inLanguage\":\"de\"}]}<\/script>\n<!-- \/ Yoast SEO plugin. -->","yoast_head_json":{"title":"Weinbau - Agrivalais","description":"Weisung der kantonalen Steuerverwaltung: Weinbau \u2013 Ausbleibende Erntezahlungen Es kommt immer \u00f6fters vor, dass Weinh\u00e4ndler in finanzielle Schwierigkeiten","robots":{"index":"index","follow":"follow","max-snippet":"max-snippet:-1","max-image-preview":"max-image-preview:large","max-video-preview":"max-video-preview:-1"},"canonical":"https:\/\/agrivalais.ch\/de\/bauern\/weinbau\/","og_locale":"de_DE","og_type":"article","og_title":"Weinbau - Agrivalais","og_description":"Weisung der kantonalen Steuerverwaltung: Weinbau \u2013 Ausbleibende Erntezahlungen Es kommt immer \u00f6fters vor, dass Weinh\u00e4ndler in finanzielle Schwierigkeiten","og_url":"https:\/\/agrivalais.ch\/de\/bauern\/weinbau\/","og_site_name":"Agrivalais","og_image":[{"width":1162,"height":778,"url":"https:\/\/agrivalais.ch\/wp-content\/uploads\/2018\/03\/dsc_0017-vendangeur.jpg","type":"image\/jpeg"}],"twitter_card":"summary_large_image","schema":{"@context":"https:\/\/schema.org","@graph":[{"@type":"WebPage","@id":"https:\/\/agrivalais.ch\/de\/bauern\/weinbau\/","url":"https:\/\/agrivalais.ch\/de\/bauern\/weinbau\/","name":"Weinbau - Agrivalais","isPartOf":{"@id":"https:\/\/agrivalais.ch\/#website"},"primaryImageOfPage":{"@id":"https:\/\/agrivalais.ch\/de\/bauern\/weinbau\/#primaryimage"},"image":{"@id":"https:\/\/agrivalais.ch\/de\/bauern\/weinbau\/#primaryimage"},"thumbnailUrl":"https:\/\/agrivalais.ch\/wp-content\/uploads\/2018\/03\/dsc_0017-vendangeur.jpg","datePublished":"2020-03-13T16:00:21+00:00","description":"Weisung der kantonalen Steuerverwaltung: Weinbau \u2013 Ausbleibende Erntezahlungen Es kommt immer \u00f6fters vor, dass Weinh\u00e4ndler in finanzielle Schwierigkeiten","breadcrumb":{"@id":"https:\/\/agrivalais.ch\/de\/bauern\/weinbau\/#breadcrumb"},"inLanguage":"de","potentialAction":[{"@type":"ReadAction","target":["https:\/\/agrivalais.ch\/de\/bauern\/weinbau\/"]}]},{"@type":"ImageObject","inLanguage":"de","@id":"https:\/\/agrivalais.ch\/de\/bauern\/weinbau\/#primaryimage","url":"https:\/\/agrivalais.ch\/wp-content\/uploads\/2018\/03\/dsc_0017-vendangeur.jpg","contentUrl":"https:\/\/agrivalais.ch\/wp-content\/uploads\/2018\/03\/dsc_0017-vendangeur.jpg","width":1162,"height":778},{"@type":"BreadcrumbList","@id":"https:\/\/agrivalais.ch\/de\/bauern\/weinbau\/#breadcrumb","itemListElement":[{"@type":"ListItem","position":1,"name":"Home","item":"https:\/\/agrivalais.ch\/de\/"},{"@type":"ListItem","position":2,"name":"Betreiber","item":"https:\/\/agrivalais.ch\/de\/bauern\/"},{"@type":"ListItem","position":3,"name":"Weinbau"}]},{"@type":"WebSite","@id":"https:\/\/agrivalais.ch\/#website","url":"https:\/\/agrivalais.ch\/","name":"Agrivalais","description":"Chambre Valaisanne d\u2019Agriculture - Walliser Landwirtschaftskammer","potentialAction":[{"@type":"SearchAction","target":{"@type":"EntryPoint","urlTemplate":"https:\/\/agrivalais.ch\/?s={search_term_string}"},"query-input":{"@type":"PropertyValueSpecification","valueRequired":true,"valueName":"search_term_string"}}],"inLanguage":"de"}]}},"_links":{"self":[{"href":"https:\/\/agrivalais.ch\/de\/wp-json\/wp\/v2\/pages\/4001","targetHints":{"allow":["GET"]}}],"collection":[{"href":"https:\/\/agrivalais.ch\/de\/wp-json\/wp\/v2\/pages"}],"about":[{"href":"https:\/\/agrivalais.ch\/de\/wp-json\/wp\/v2\/types\/page"}],"author":[{"embeddable":true,"href":"https:\/\/agrivalais.ch\/de\/wp-json\/wp\/v2\/users\/4"}],"replies":[{"embeddable":true,"href":"https:\/\/agrivalais.ch\/de\/wp-json\/wp\/v2\/comments?post=4001"}],"version-history":[{"count":1,"href":"https:\/\/agrivalais.ch\/de\/wp-json\/wp\/v2\/pages\/4001\/revisions"}],"predecessor-version":[{"id":4002,"href":"https:\/\/agrivalais.ch\/de\/wp-json\/wp\/v2\/pages\/4001\/revisions\/4002"}],"up":[{"embeddable":true,"href":"https:\/\/agrivalais.ch\/de\/wp-json\/wp\/v2\/pages\/49"}],"wp:featuredmedia":[{"embeddable":true,"href":"https:\/\/agrivalais.ch\/de\/wp-json\/wp\/v2\/media\/2981"}],"wp:attachment":[{"href":"https:\/\/agrivalais.ch\/de\/wp-json\/wp\/v2\/media?parent=4001"}],"wp:term":[{"taxonomy":"post_tag","embeddable":true,"href":"https:\/\/agrivalais.ch\/de\/wp-json\/wp\/v2\/tags?post=4001"}],"curies":[{"name":"wp","href":"https:\/\/api.w.org\/{rel}","templated":true}]}}