{"id":40,"date":"2014-09-23T11:26:53","date_gmt":"2014-09-23T11:26:53","guid":{"rendered":"http:\/\/www.agrivalais.ch\/?page_id=40"},"modified":"2020-03-12T15:46:35","modified_gmt":"2020-03-12T15:46:35","slug":"walliser-landwirtschaft","status":"publish","type":"page","link":"https:\/\/agrivalais.ch\/de\/uber-uns\/walliser-landwirtschaft\/","title":{"rendered":"Walliser Landwirtschaft"},"content":{"rendered":"<p>Walliser Landwirtschaft bedeutet \u2026<\/p>\n<p>\u2026 37\u2019000 Hektar Anbaufl\u00e4che, davon 23\u2019000 in der Bergzone, \u00fcber 68\u2019000 Hektar Alpen.<\/p>\n<p>\u2026 4\u2019000 Bauernfamilien.<\/p>\n<p>\u2026 4\u2019900 Hektar Weinberg, \u00fcber 50 Rebsorten, darunter einige, die weltweit einzigartig sind: Petite Arvine, Amigne, Cornalin, Humagne, \u2026<\/p>\n<p>\u2026 2\u2019500 Hektar Obst- und Gem\u00fcsebau, 98 % der Schweizer Aprikosen stammen aus dem Wallis.<\/p>\n<p>\u2026 2\u2019000 Hektar Ackerbau. Vor allem auf dem Roggenanbau gr\u00fcndet das traditionsreiche Walliser Roggenbrot.<\/p>\n<p>\u2026 13\u2019500 K\u00fche, 57\u2019000 Schafe, 7\u2019000 Ziegen und 200\u2019000 H\u00fchner. Die Eringerk\u00fche, welche robust sind und sich dem Klima sowie der Topografie des Kantons gut angepasst haben, sind Symbol f\u00fcr das Walliser Berglerleben. Das Schwarznasenschaf und die Schwarzhalsziege sind zwei weitere einheimische Rassen.<\/p>\n<p>\u2026 40 Millionen kg Milch pro Jahr, die insbesondere zur Fabrikation von Raclette du Valais AOP, dem halbharten Bergk\u00e4se auf Basis von roher Kuhmilch, verwendet werden.<\/p>\n<p>\u2026 \u00fcber 35 Arten von Heil- und Gew\u00fcrzpflanzen im Bio-Anbau.<\/p>\n<p>\u2026 8 Produkte, die durch ein offizielles Label des Bundes gesch\u00fctzt sind: Raclette du Valais AOP, Walliser Roggenbrot AOP, Walliser Trockenfleisch IGP, Walliser Rohschinken IGP, Walliser Trockenspeck IGP, Walliser Branntwein aus Williamsbirnen AOP, Abricotine AOP und Munder Safran AOP.<\/p>\n<p><strong>Die Aufgaben der Landwirtschaft<\/strong><\/p>\n<p>Neben der Produktion von Lebensmitteln nimmt die Landwirtschaft weitere wichtige Aufgaben wahr:<\/p>\n<ul>\n<li>Schutz und Unterhalt der Landschaft, der Umwelt und der Biodiversit\u00e4t<\/li>\n<li>Aufrechterhaltung eines dezentralen Lebensraums und einer Mindestbev\u00f6lkerung in den Bergregionen<\/li>\n<li>Beitrag zu einem harmonischen Gleichgewicht der Gesellschaft und Wahrung der Traditionen<\/li>\n<\/ul>\n<p class=\"header header2 header-default \"><strong>Agrotourismus<\/strong><\/p>\n<p><em>Umgeben von Gletschern und Weiden laden wir Sie ein, mit den Walliser Landwirten die Leidenschaft f\u00fcr unser Terroir zu teilen, die Duftnoten und Farben unserer einheimischen K\u00f6stlichkeiten zu geniessen un das Know-how unserer Produzenten zu entdecken.<\/em><\/p>\n<p>Unsere K\u00fche sind uns Wallisern heilig. Ebenso unser Wein, mit dem wir gerne mit unseren Ferieng\u00e4sten anstossen. Inmitten der Schweizer Alpen gelegen und von terrassenf\u00f6rmig angelegten Rebbergen durchs\u00e4ht, verspricht Ihnen unsere Landesecke eine grosse agrotouristische Vielfalt, einzigartige Regionalprodukte und eine authentische Gastfreundschaft.<\/p>\n<p>Seien Sie herzlich willkommen auf unseren Weinwegen und Wanderpfaden auf der Alp, ob mit der Familie oder zur Zweit.<\/p>\n","protected":false},"excerpt":{"rendered":"<p>Walliser Landwirtschaft bedeutet \u2026 \u2026 37\u2019000 Hektar Anbaufl\u00e4che, davon 23\u2019000 in der Bergzone, \u00fcber 68\u2019000 Hektar Alpen. \u2026 4\u2019000 Bauernfamilien. \u2026 4\u2019900 Hektar Weinberg, \u00fcber 50 Rebsorten, darunter einige, die weltweit einzigartig sind: Petite Arvine, Amigne, Cornalin, Humagne, \u2026 \u2026 2\u2019500 Hektar Obst- und Gem\u00fcsebau, 98 % der Schweizer Aprikosen stammen aus dem Wallis. \u2026 [&hellip;]<\/p>\n","protected":false},"author":1,"featured_media":131,"parent":56,"menu_order":0,"comment_status":"closed","ping_status":"closed","template":"","meta":{"_acf_changed":false,"footnotes":""},"tags":[],"class_list":["post-40","page","type-page","status-publish","has-post-thumbnail","hentry"],"acf":[],"yoast_head":"<!-- This site is optimized with the Yoast SEO plugin v27.4 - https:\/\/yoast.com\/product\/yoast-seo-wordpress\/ -->\n<title>Walliser Landwirtschaft - Agrivalais<\/title>\n<meta name=\"description\" content=\"Walliser Landwirtschaft bedeutet \u2026 \u2026 37\u2019000 Hektar Anbaufl\u00e4che, davon 23\u2019000 in der Bergzone, \u00fcber 68\u2019000 Hektar Alpen. \u2026 4\u2019000 Bauernfamilien. \u2026 4\u2019900\" \/>\n<meta name=\"robots\" content=\"index, follow, max-snippet:-1, max-image-preview:large, max-video-preview:-1\" \/>\n<link rel=\"canonical\" href=\"https:\/\/agrivalais.ch\/de\/uber-uns\/walliser-landwirtschaft\/\" \/>\n<meta property=\"og:locale\" content=\"de_DE\" \/>\n<meta property=\"og:type\" content=\"article\" \/>\n<meta property=\"og:title\" content=\"Walliser Landwirtschaft - Agrivalais\" \/>\n<meta property=\"og:description\" content=\"Walliser Landwirtschaft bedeutet \u2026 \u2026 37\u2019000 Hektar Anbaufl\u00e4che, davon 23\u2019000 in der Bergzone, \u00fcber 68\u2019000 Hektar Alpen. \u2026 4\u2019000 Bauernfamilien. \u2026 4\u2019900\" \/>\n<meta property=\"og:url\" content=\"https:\/\/agrivalais.ch\/de\/uber-uns\/walliser-landwirtschaft\/\" \/>\n<meta property=\"og:site_name\" content=\"Agrivalais\" \/>\n<meta property=\"article:modified_time\" content=\"2020-03-12T15:46:35+00:00\" \/>\n<meta property=\"og:image\" content=\"https:\/\/agrivalais.ch\/wp-content\/uploads\/2014\/09\/imagen-2.jpg\" \/>\n\t<meta property=\"og:image:width\" content=\"700\" \/>\n\t<meta property=\"og:image:height\" content=\"393\" \/>\n\t<meta property=\"og:image:type\" content=\"image\/jpeg\" \/>\n<meta name=\"twitter:card\" content=\"summary_large_image\" \/>\n<meta name=\"twitter:label1\" content=\"Gesch\u00e4tzte Lesezeit\" \/>\n\t<meta name=\"twitter:data1\" content=\"2\u00a0Minuten\" \/>\n<script type=\"application\/ld+json\" class=\"yoast-schema-graph\">{\"@context\":\"https:\\\/\\\/schema.org\",\"@graph\":[{\"@type\":\"WebPage\",\"@id\":\"https:\\\/\\\/agrivalais.ch\\\/de\\\/uber-uns\\\/walliser-landwirtschaft\\\/\",\"url\":\"https:\\\/\\\/agrivalais.ch\\\/de\\\/uber-uns\\\/walliser-landwirtschaft\\\/\",\"name\":\"Walliser Landwirtschaft - Agrivalais\",\"isPartOf\":{\"@id\":\"https:\\\/\\\/agrivalais.ch\\\/#website\"},\"primaryImageOfPage\":{\"@id\":\"https:\\\/\\\/agrivalais.ch\\\/de\\\/uber-uns\\\/walliser-landwirtschaft\\\/#primaryimage\"},\"image\":{\"@id\":\"https:\\\/\\\/agrivalais.ch\\\/de\\\/uber-uns\\\/walliser-landwirtschaft\\\/#primaryimage\"},\"thumbnailUrl\":\"https:\\\/\\\/agrivalais.ch\\\/wp-content\\\/uploads\\\/2014\\\/09\\\/imagen-2.jpg\",\"datePublished\":\"2014-09-23T11:26:53+00:00\",\"dateModified\":\"2020-03-12T15:46:35+00:00\",\"description\":\"Walliser Landwirtschaft bedeutet \u2026 \u2026 37\u2019000 Hektar Anbaufl\u00e4che, davon 23\u2019000 in der Bergzone, \u00fcber 68\u2019000 Hektar Alpen. \u2026 4\u2019000 Bauernfamilien. \u2026 4\u2019900\",\"breadcrumb\":{\"@id\":\"https:\\\/\\\/agrivalais.ch\\\/de\\\/uber-uns\\\/walliser-landwirtschaft\\\/#breadcrumb\"},\"inLanguage\":\"de\",\"potentialAction\":[{\"@type\":\"ReadAction\",\"target\":[\"https:\\\/\\\/agrivalais.ch\\\/de\\\/uber-uns\\\/walliser-landwirtschaft\\\/\"]}]},{\"@type\":\"ImageObject\",\"inLanguage\":\"de\",\"@id\":\"https:\\\/\\\/agrivalais.ch\\\/de\\\/uber-uns\\\/walliser-landwirtschaft\\\/#primaryimage\",\"url\":\"https:\\\/\\\/agrivalais.ch\\\/wp-content\\\/uploads\\\/2014\\\/09\\\/imagen-2.jpg\",\"contentUrl\":\"https:\\\/\\\/agrivalais.ch\\\/wp-content\\\/uploads\\\/2014\\\/09\\\/imagen-2.jpg\",\"width\":700,\"height\":393},{\"@type\":\"BreadcrumbList\",\"@id\":\"https:\\\/\\\/agrivalais.ch\\\/de\\\/uber-uns\\\/walliser-landwirtschaft\\\/#breadcrumb\",\"itemListElement\":[{\"@type\":\"ListItem\",\"position\":1,\"name\":\"Home\",\"item\":\"https:\\\/\\\/agrivalais.ch\\\/de\\\/\"},{\"@type\":\"ListItem\",\"position\":2,\"name\":\"\u00dcber uns\",\"item\":\"https:\\\/\\\/agrivalais.ch\\\/de\\\/uber-uns\\\/\"},{\"@type\":\"ListItem\",\"position\":3,\"name\":\"Walliser Landwirtschaft\"}]},{\"@type\":\"WebSite\",\"@id\":\"https:\\\/\\\/agrivalais.ch\\\/#website\",\"url\":\"https:\\\/\\\/agrivalais.ch\\\/\",\"name\":\"Agrivalais\",\"description\":\"Chambre Valaisanne d\u2019Agriculture - Walliser Landwirtschaftskammer\",\"potentialAction\":[{\"@type\":\"SearchAction\",\"target\":{\"@type\":\"EntryPoint\",\"urlTemplate\":\"https:\\\/\\\/agrivalais.ch\\\/?s={search_term_string}\"},\"query-input\":{\"@type\":\"PropertyValueSpecification\",\"valueRequired\":true,\"valueName\":\"search_term_string\"}}],\"inLanguage\":\"de\"}]}<\/script>\n<!-- \/ Yoast SEO plugin. -->","yoast_head_json":{"title":"Walliser Landwirtschaft - Agrivalais","description":"Walliser Landwirtschaft bedeutet \u2026 \u2026 37\u2019000 Hektar Anbaufl\u00e4che, davon 23\u2019000 in der Bergzone, \u00fcber 68\u2019000 Hektar Alpen. \u2026 4\u2019000 Bauernfamilien. \u2026 4\u2019900","robots":{"index":"index","follow":"follow","max-snippet":"max-snippet:-1","max-image-preview":"max-image-preview:large","max-video-preview":"max-video-preview:-1"},"canonical":"https:\/\/agrivalais.ch\/de\/uber-uns\/walliser-landwirtschaft\/","og_locale":"de_DE","og_type":"article","og_title":"Walliser Landwirtschaft - Agrivalais","og_description":"Walliser Landwirtschaft bedeutet \u2026 \u2026 37\u2019000 Hektar Anbaufl\u00e4che, davon 23\u2019000 in der Bergzone, \u00fcber 68\u2019000 Hektar Alpen. \u2026 4\u2019000 Bauernfamilien. \u2026 4\u2019900","og_url":"https:\/\/agrivalais.ch\/de\/uber-uns\/walliser-landwirtschaft\/","og_site_name":"Agrivalais","article_modified_time":"2020-03-12T15:46:35+00:00","og_image":[{"width":700,"height":393,"url":"https:\/\/agrivalais.ch\/wp-content\/uploads\/2014\/09\/imagen-2.jpg","type":"image\/jpeg"}],"twitter_card":"summary_large_image","twitter_misc":{"Gesch\u00e4tzte Lesezeit":"2\u00a0Minuten"},"schema":{"@context":"https:\/\/schema.org","@graph":[{"@type":"WebPage","@id":"https:\/\/agrivalais.ch\/de\/uber-uns\/walliser-landwirtschaft\/","url":"https:\/\/agrivalais.ch\/de\/uber-uns\/walliser-landwirtschaft\/","name":"Walliser Landwirtschaft - Agrivalais","isPartOf":{"@id":"https:\/\/agrivalais.ch\/#website"},"primaryImageOfPage":{"@id":"https:\/\/agrivalais.ch\/de\/uber-uns\/walliser-landwirtschaft\/#primaryimage"},"image":{"@id":"https:\/\/agrivalais.ch\/de\/uber-uns\/walliser-landwirtschaft\/#primaryimage"},"thumbnailUrl":"https:\/\/agrivalais.ch\/wp-content\/uploads\/2014\/09\/imagen-2.jpg","datePublished":"2014-09-23T11:26:53+00:00","dateModified":"2020-03-12T15:46:35+00:00","description":"Walliser Landwirtschaft bedeutet \u2026 \u2026 37\u2019000 Hektar Anbaufl\u00e4che, davon 23\u2019000 in der Bergzone, \u00fcber 68\u2019000 Hektar Alpen. \u2026 4\u2019000 Bauernfamilien. \u2026 4\u2019900","breadcrumb":{"@id":"https:\/\/agrivalais.ch\/de\/uber-uns\/walliser-landwirtschaft\/#breadcrumb"},"inLanguage":"de","potentialAction":[{"@type":"ReadAction","target":["https:\/\/agrivalais.ch\/de\/uber-uns\/walliser-landwirtschaft\/"]}]},{"@type":"ImageObject","inLanguage":"de","@id":"https:\/\/agrivalais.ch\/de\/uber-uns\/walliser-landwirtschaft\/#primaryimage","url":"https:\/\/agrivalais.ch\/wp-content\/uploads\/2014\/09\/imagen-2.jpg","contentUrl":"https:\/\/agrivalais.ch\/wp-content\/uploads\/2014\/09\/imagen-2.jpg","width":700,"height":393},{"@type":"BreadcrumbList","@id":"https:\/\/agrivalais.ch\/de\/uber-uns\/walliser-landwirtschaft\/#breadcrumb","itemListElement":[{"@type":"ListItem","position":1,"name":"Home","item":"https:\/\/agrivalais.ch\/de\/"},{"@type":"ListItem","position":2,"name":"\u00dcber uns","item":"https:\/\/agrivalais.ch\/de\/uber-uns\/"},{"@type":"ListItem","position":3,"name":"Walliser Landwirtschaft"}]},{"@type":"WebSite","@id":"https:\/\/agrivalais.ch\/#website","url":"https:\/\/agrivalais.ch\/","name":"Agrivalais","description":"Chambre Valaisanne d\u2019Agriculture - Walliser Landwirtschaftskammer","potentialAction":[{"@type":"SearchAction","target":{"@type":"EntryPoint","urlTemplate":"https:\/\/agrivalais.ch\/?s={search_term_string}"},"query-input":{"@type":"PropertyValueSpecification","valueRequired":true,"valueName":"search_term_string"}}],"inLanguage":"de"}]}},"_links":{"self":[{"href":"https:\/\/agrivalais.ch\/de\/wp-json\/wp\/v2\/pages\/40","targetHints":{"allow":["GET"]}}],"collection":[{"href":"https:\/\/agrivalais.ch\/de\/wp-json\/wp\/v2\/pages"}],"about":[{"href":"https:\/\/agrivalais.ch\/de\/wp-json\/wp\/v2\/types\/page"}],"author":[{"embeddable":true,"href":"https:\/\/agrivalais.ch\/de\/wp-json\/wp\/v2\/users\/1"}],"replies":[{"embeddable":true,"href":"https:\/\/agrivalais.ch\/de\/wp-json\/wp\/v2\/comments?post=40"}],"version-history":[{"count":12,"href":"https:\/\/agrivalais.ch\/de\/wp-json\/wp\/v2\/pages\/40\/revisions"}],"predecessor-version":[{"id":3933,"href":"https:\/\/agrivalais.ch\/de\/wp-json\/wp\/v2\/pages\/40\/revisions\/3933"}],"up":[{"embeddable":true,"href":"https:\/\/agrivalais.ch\/de\/wp-json\/wp\/v2\/pages\/56"}],"wp:featuredmedia":[{"embeddable":true,"href":"https:\/\/agrivalais.ch\/de\/wp-json\/wp\/v2\/media\/131"}],"wp:attachment":[{"href":"https:\/\/agrivalais.ch\/de\/wp-json\/wp\/v2\/media?parent=40"}],"wp:term":[{"taxonomy":"post_tag","embeddable":true,"href":"https:\/\/agrivalais.ch\/de\/wp-json\/wp\/v2\/tags?post=40"}],"curies":[{"name":"wp","href":"https:\/\/api.w.org\/{rel}","templated":true}]}}