{"id":313,"date":"2014-09-23T11:42:44","date_gmt":"2014-09-23T11:42:44","guid":{"rendered":"http:\/\/www.agrivalais.ch\/aktivitaten\/dossiers-et-publications\/"},"modified":"2026-01-27T08:03:26","modified_gmt":"2026-01-27T07:03:26","slug":"themen-und-publikationen","status":"publish","type":"page","link":"https:\/\/agrivalais.ch\/de\/aktivitaten\/themen-und-publikationen\/","title":{"rendered":"Themen und Publikationen"},"content":{"rendered":"<p>Hier Seiten finden Sie eine Reihe von Dossiers zu verschiedenen Themen. Beachten Sie insbesonderen die folgenden Dossiers:<\/p>\n<p><span style=\"text-decoration: underline;\">Verwendung der Landwirtschaftsabgaben\u00a0&#8211; Oktober 2015<br \/>\n<\/span><\/p>\n<p>Bei den landwirtschaftlichen Abgaben handelt es sich um Geb\u00fchren, die nach Walliser Landwirtschaftsrecht bei den verschiedenen Agrarzweigen (Wein und Weinbau, Obst- und Gem\u00fcse und Raclette du Valais AOP) erhoben werden, um die Absatzf\u00f6rderung der Produkte dieser Sektoren zu finanzieren.<\/p>\n<p>Die WLK hat einen externen Experten aus einem anderen Kanton beauftragt, folgende vier Punkte zu untersuchen:<\/p>\n<ol>\n<li>Einhaltung des Walliser Gesetzesrahmens bei der Verwendung der landwirtschaftlichen Abgaben<\/li>\n<li>Zweckm\u00e4ssigkeit der absatzf\u00f6rdernden Aktivit\u00e4ten der drei Berufs-verb\u00e4nde<\/li>\n<li>Strukturen, Arbeitsweise und Finanzierung der drei Branchenverb\u00e4nde<\/li>\n<li>Bei Bedarf Verbesserungen vorzuschlagen.<\/li>\n<\/ol>\n<p>In der Studie zeigt der Expert auf, dass die drei untersuchten Branchen-verb\u00e4nde mit ihren Partnern in sachdienlicher und koordinierter Weise zusammenarbeiten, um Synergien und die zur Verf\u00fcgung stehenden Finanzmittel bestm\u00f6glichst zu nutzen. Entsprechend arbeiten die drei Branchenverb\u00e4nde mit Valais Wallis Promotion zusammen, wenn es darum geht, den Walliser Charakter des Produkts besonders hervorzuheben.<\/p>\n<p>Die Studie zeigt ebenfalls auf, dass die landwirtschaftlichen Abgaben im Wallis im Vergleich zu anderen Kantonen eher bescheiden ausfallen. Die im Wallis eingezogenen landwirtschaftlichen Abgaben der drei spezifischen Agrarzweige sind deutlich niedriger, als diejenigen von den konkurrierenden Sektoren in anderen Schweizer Kantonen.<\/p>\n<ul>\n<li><a href=\"https:\/\/agrivalais.ch\/wp-content\/uploads\/2014\/09\/RED_ANA15_15-10-05_rapport-AF_d\u00e9finitif.pdf\" target=\"_blank\" rel=\"noopener noreferrer\">Bericht (auf Franz\u00f6sisch)<\/a><\/li>\n<li><a href=\"https:\/\/agrivalais.ch\/wp-content\/uploads\/2014\/09\/RED_ANA15_15-10-27_CP_communiqu\u00e9-de-presse_d.pdf\" target=\"_blank\" rel=\"noopener noreferrer\">Medienmitteilung<\/a><\/li>\n<li><a href=\"https:\/\/agrivalais.ch\/wp-content\/uploads\/2014\/09\/RED_ANA15_15-10-27_AFarine_VS_mandat-redevances_pr\u00e9sentation-en-CP_def_d.pdf\" target=\"_blank\" rel=\"noopener noreferrer\">Pr\u00e4sentation der Studie<\/a><\/li>\n<\/ul>\n<p>&nbsp;<\/p>\n<p><span style=\"text-decoration: underline;\">Leitfaden f\u00fcr die Initianten von Agrotourismus Projekten<\/span><\/p>\n<p>Im Wallis umschliesst der Agrotourismus touristische Angebote im l\u00e4ndlichen Raum, welche von Landwirten und Winzern-Kellermeistern angeboten werden. Auf dem Landgut oder auf der Alp bieten diese Dienstleistungen im Zusammenhang mit deren Aktivit\u00e4t, Entdeckungen deren Fachwissens und Produkte mit Qualit\u00e4t. Das agrotouristische Angebot kann in drei Kategorien unterteilt werden: \u00fcbernachten, geniessen und entdecken. Diese Kategorien schliessen Eigenschaften und Besonderheiten ein wie einen unverf\u00e4lschten Rahmen, pers\u00f6nliche und gastfreundliche Kontakte sowie eine regionale Gastronomie.<\/p>\n<p><a href=\"https:\/\/agrivalais.ch\/wp-content\/uploads\/2014\/09\/Analyse_agritourisme_2014_D-internet.pdf\" target=\"_blank\" rel=\"noopener noreferrer\">Analyse der Ergebnisse aus der Umfrage im Herbst 2014<\/a><\/p>\n<p><a href=\"http:\/\/www.agrivalais.ch\/wp-content\/uploads\/2014\/09\/Bauernzeitung-15-06.pdf\" target=\"_blank\" rel=\"noopener noreferrer\">Management im Agrotourismus und Arbeitszeit<\/a> &#8211; Bauernzeitung &#8211; 5. Juni 2015<\/p>\n<p>&nbsp;<\/p>\n<p>Interessiert? Hier finden Sie Links und Kontakten:<\/p>\n<ul>\n<li><em>Publikationen<\/em>\n<ul>\n<li>Leitfaden f\u00fcr agrotouristische Betriebe im Wallis \u2013 Wie sich zurechtfinden? <a href=\"https:\/\/www.vs.ch\/de\/web\/sca\/agritourisme\" target=\"_blank\" rel=\"noopener noreferrer\">www.vs.ch<\/a><\/li>\n<li>Agridea \u2013 Betrieb, Familie, Diversifizierung: <a href=\"http:\/\/www.agridea.ch\/de\/publikationen\/publikationen\/\" target=\"_blank\" rel=\"noopener noreferrer\">www.agridea.ch<\/a><\/li>\n<\/ul>\n<\/li>\n<\/ul>\n<ul>\n<li><em>Kurse<\/em>\n<ul>\n<li>Landwirtschaftsschule Ch\u00e2teauneuf und Visp\u00a0: <a href=\"https:\/\/www.vs.ch\/de\/web\/sca\/ecole-d-agriculture-du-valais\" target=\"_blank\" rel=\"noopener noreferrer\">www.vs.ch<\/a><\/li>\n<li>Agridea\u00a0: <a href=\"http:\/\/www.agridea.ch\/de\/kurse\/kurse\/\" target=\"_blank\" rel=\"noopener noreferrer\">www.agridea.ch<\/a><\/li>\n<li>Weiterbildung Ritzy\u00a0: <a href=\"http:\/\/www.ritzy.ch\/de\" target=\"_blank\" rel=\"noopener noreferrer\">www.ritzy.ch<\/a><\/li>\n<\/ul>\n<\/li>\n<\/ul>\n<ul>\n<li><em>F\u00f6rderung, Marketing<\/em>\n<ul>\n<li>Valais\/Wallis Promotion\u00a0: <a href=\"http:\/\/www.feinschmecker-wallis.ch\" target=\"_blank\" rel=\"noopener noreferrer\">www.feinschmecker-wallis.ch<\/a> et <a href=\"http:\/\/www.valais.ch\/de\/home\" target=\"_blank\" rel=\"noopener noreferrer\">www.valais.ch<\/a><\/li>\n<li>Touruval\u00a0: <a href=\"http:\/\/www.touruval.ch\/de\/\" target=\"_blank\" rel=\"noopener noreferrer\">www.touruval.ch<\/a><\/li>\n<li>Branchenverband der Walliser Weine: <a href=\"http:\/\/www.walliserweine.ch\/\" target=\"_blank\" rel=\"noopener noreferrer\">www.walliserweine.ch\/<\/a><\/li>\n<li>Weinweg\u00a0: <a href=\"http:\/\/www.weinweg.ch\/de\/\" target=\"_blank\" rel=\"noopener noreferrer\">www.weinweg.ch<\/a><\/li>\n<li>Agrotourismus Schweiz\u00a0: <a href=\"https:\/\/www.myfarm.ch\/de\" target=\"_blank\" rel=\"noopener noreferrer\">www.myfarm.ch<\/a><\/li>\n<\/ul>\n<\/li>\n<\/ul>\n<ul>\n<li><em>Organisationen und Kontaktpersonnen <\/em>\n<ul>\n<li>Dienststelle f\u00fcr Landwirtschaft\u00a0: gesetzliche Grundlagen, Baubewilligung, finanzielle Unterst\u00fctzung- Amt f\u00fcr Strukturverbesserungen, 027 606 78 00, <a href=\"javascript:__wpsk_arUVFZFo('\\u003e\\u0032\\u003a\\u003d\\u0045\\u0040\\u0069\\u0044\\u0034\\u0032\\u005c\\u0040\\u0032\\u0044\\u006f\\u0032\\u0035\\u003e\\u003a\\u003f\\u005d\\u0047\\u0044\\u005d\\u0034\\u0039');\">sca-oas@admin.vs.ch<\/a><\/li>\n<li>Touruval\u00a0: die Vereinigung f\u00fcr den l\u00e4ndlichen Tourismus setzt sich ein f\u00fcr die Interessenvertretung der agrotouristischen Anbieter &#8211; Antoine Fardel, 079 252 79 88, <a href=\"javascript:__wpsk_arUVFZFo('\\u003e\\u0032\\u003a\\u003d\\u0045\\u0040\\u0069\\u0032\\u003f\\u0045\\u0040\\u003a\\u003f\\u0036\\u005d\\u0037\\u0032\\u0043\\u0035\\u0036\\u003d\\u006f\\u003f\\u0036\\u0045\\u0041\\u003d\\u0046\\u0044\\u005d\\u0034\\u0039');\">antoine.fardel@netplus.ch<\/a><\/li>\n<li>Valais\/Wallis Promotion\u00a0: F\u00f6rderung \u2013 027 327 35 90, <a href=\"javascript:__wpsk_arUVFZFo('\\u003e\\u0032\\u003a\\u003d\\u0045\\u0040\\u0069\\u003a\\u003f\\u0037\\u0040\\u006f\\u0047\\u0032\\u003d\\u0032\\u003a\\u0044\\u005d\\u0034\\u0039');\">info@valais.ch<\/a><\/li>\n<li>Branchenverband der Walliser Weine: F\u00f6rderung des Weintourismus \u2013 027 345 40 80, <a href=\"javascript:__wpsk_arUVFZFo('\\u003e\\u0032\\u003a\\u003d\\u0045\\u0040\\u0069\\u003a\\u003f\\u0037\\u0040\\u006f\\u003d\\u0036\\u0044\\u0047\\u003a\\u003f\\u0044\\u0035\\u0046\\u0047\\u0032\\u003d\\u0032\\u003a\\u0044\\u005d\\u0034\\u0039');\">info@lesvinsduvalais.ch<\/a><\/li>\n<li>Agrotourismus Schweiz\u00a0: die Vermarktungsplattform f\u00fcr agrotouristische Angebote. &#8211; Madeleine Bachmann, 052 318 22 56, <a href=\"javascript:__wpsk_arUVFZFo('\\u003e\\u0032\\u003a\\u003d\\u0045\\u0040\\u0069\\u003c\\u0040\\u003f\\u0045\\u0032\\u003c\\u0045\\u0044\\u0045\\u0036\\u003d\\u003d\\u0036\\u005c\\u003e\\u003a\\u0045\\u0045\\u0036\\u006f\\u003e\\u004a\\u0037\\u0032\\u0043\\u003e\\u005d\\u0034\\u0039');\">kontaktstelle-mitte@myfarm.ch<\/a><\/li>\n<\/ul>\n<\/li>\n<\/ul>\n<p>&nbsp;<\/p>\n<p>&nbsp;<\/p>\n<p>&nbsp;<\/p>\n","protected":false},"excerpt":{"rendered":"<p>Hier Seiten finden Sie eine Reihe von Dossiers zu verschiedenen Themen. Beachten Sie insbesonderen die folgenden Dossiers: Verwendung der Landwirtschaftsabgaben\u00a0&#8211; Oktober 2015 Bei den landwirtschaftlichen Abgaben handelt es sich um Geb\u00fchren, die nach Walliser Landwirtschaftsrecht bei den verschiedenen Agrarzweigen (Wein und Weinbau, Obst- und Gem\u00fcse und Raclette du Valais AOP) erhoben werden, um die Absatzf\u00f6rderung [&hellip;]<\/p>\n","protected":false},"author":1,"featured_media":3815,"parent":34,"menu_order":3,"comment_status":"closed","ping_status":"closed","template":"","meta":{"_acf_changed":false,"footnotes":""},"tags":[],"class_list":["post-313","page","type-page","status-publish","has-post-thumbnail","hentry"],"acf":[],"yoast_head":"<!-- This site is optimized with the Yoast SEO plugin v27.4 - https:\/\/yoast.com\/product\/yoast-seo-wordpress\/ -->\n<title>Themen und Publikationen - Agrivalais<\/title>\n<meta name=\"description\" content=\"Hier Seiten finden Sie eine Reihe von Dossiers zu verschiedenen Themen. Beachten Sie insbesonderen die folgenden Dossiers: Verwendung der\" \/>\n<meta name=\"robots\" content=\"index, follow, max-snippet:-1, max-image-preview:large, max-video-preview:-1\" \/>\n<link rel=\"canonical\" href=\"https:\/\/agrivalais.ch\/de\/aktivitaten\/themen-und-publikationen\/\" \/>\n<meta property=\"og:locale\" content=\"de_DE\" \/>\n<meta property=\"og:type\" content=\"article\" \/>\n<meta property=\"og:title\" content=\"Themen und Publikationen - Agrivalais\" \/>\n<meta property=\"og:description\" content=\"Hier Seiten finden Sie eine Reihe von Dossiers zu verschiedenen Themen. Beachten Sie insbesonderen die folgenden Dossiers: Verwendung der\" \/>\n<meta property=\"og:url\" content=\"https:\/\/agrivalais.ch\/de\/aktivitaten\/themen-und-publikationen\/\" \/>\n<meta property=\"og:site_name\" content=\"Agrivalais\" \/>\n<meta property=\"article:modified_time\" content=\"2026-01-27T07:03:26+00:00\" \/>\n<meta property=\"og:image\" content=\"https:\/\/agrivalais.ch\/wp-content\/uploads\/2020\/01\/cahier.jpg\" \/>\n\t<meta property=\"og:image:width\" content=\"420\" \/>\n\t<meta property=\"og:image:height\" content=\"237\" \/>\n\t<meta property=\"og:image:type\" content=\"image\/jpeg\" \/>\n<meta name=\"twitter:card\" content=\"summary_large_image\" \/>\n<meta name=\"twitter:label1\" content=\"Gesch\u00e4tzte Lesezeit\" \/>\n\t<meta name=\"twitter:data1\" content=\"3\u00a0Minuten\" \/>\n<script type=\"application\/ld+json\" class=\"yoast-schema-graph\">{\"@context\":\"https:\\\/\\\/schema.org\",\"@graph\":[{\"@type\":\"WebPage\",\"@id\":\"https:\\\/\\\/agrivalais.ch\\\/de\\\/aktivitaten\\\/themen-und-publikationen\\\/\",\"url\":\"https:\\\/\\\/agrivalais.ch\\\/de\\\/aktivitaten\\\/themen-und-publikationen\\\/\",\"name\":\"Themen und Publikationen - Agrivalais\",\"isPartOf\":{\"@id\":\"https:\\\/\\\/agrivalais.ch\\\/#website\"},\"primaryImageOfPage\":{\"@id\":\"https:\\\/\\\/agrivalais.ch\\\/de\\\/aktivitaten\\\/themen-und-publikationen\\\/#primaryimage\"},\"image\":{\"@id\":\"https:\\\/\\\/agrivalais.ch\\\/de\\\/aktivitaten\\\/themen-und-publikationen\\\/#primaryimage\"},\"thumbnailUrl\":\"https:\\\/\\\/agrivalais.ch\\\/wp-content\\\/uploads\\\/2020\\\/01\\\/cahier.jpg\",\"datePublished\":\"2014-09-23T11:42:44+00:00\",\"dateModified\":\"2026-01-27T07:03:26+00:00\",\"description\":\"Hier Seiten finden Sie eine Reihe von Dossiers zu verschiedenen Themen. Beachten Sie insbesonderen die folgenden Dossiers: Verwendung der\",\"breadcrumb\":{\"@id\":\"https:\\\/\\\/agrivalais.ch\\\/de\\\/aktivitaten\\\/themen-und-publikationen\\\/#breadcrumb\"},\"inLanguage\":\"de\",\"potentialAction\":[{\"@type\":\"ReadAction\",\"target\":[\"https:\\\/\\\/agrivalais.ch\\\/de\\\/aktivitaten\\\/themen-und-publikationen\\\/\"]}]},{\"@type\":\"ImageObject\",\"inLanguage\":\"de\",\"@id\":\"https:\\\/\\\/agrivalais.ch\\\/de\\\/aktivitaten\\\/themen-und-publikationen\\\/#primaryimage\",\"url\":\"https:\\\/\\\/agrivalais.ch\\\/wp-content\\\/uploads\\\/2020\\\/01\\\/cahier.jpg\",\"contentUrl\":\"https:\\\/\\\/agrivalais.ch\\\/wp-content\\\/uploads\\\/2020\\\/01\\\/cahier.jpg\",\"width\":420,\"height\":237},{\"@type\":\"BreadcrumbList\",\"@id\":\"https:\\\/\\\/agrivalais.ch\\\/de\\\/aktivitaten\\\/themen-und-publikationen\\\/#breadcrumb\",\"itemListElement\":[{\"@type\":\"ListItem\",\"position\":1,\"name\":\"Home\",\"item\":\"https:\\\/\\\/agrivalais.ch\\\/de\\\/\"},{\"@type\":\"ListItem\",\"position\":2,\"name\":\"Aktivit\u00e4ten\",\"item\":\"https:\\\/\\\/agrivalais.ch\\\/de\\\/aktivitaten\\\/\"},{\"@type\":\"ListItem\",\"position\":3,\"name\":\"Themen und Publikationen\"}]},{\"@type\":\"WebSite\",\"@id\":\"https:\\\/\\\/agrivalais.ch\\\/#website\",\"url\":\"https:\\\/\\\/agrivalais.ch\\\/\",\"name\":\"Agrivalais\",\"description\":\"Chambre Valaisanne d\u2019Agriculture - Walliser Landwirtschaftskammer\",\"potentialAction\":[{\"@type\":\"SearchAction\",\"target\":{\"@type\":\"EntryPoint\",\"urlTemplate\":\"https:\\\/\\\/agrivalais.ch\\\/?s={search_term_string}\"},\"query-input\":{\"@type\":\"PropertyValueSpecification\",\"valueRequired\":true,\"valueName\":\"search_term_string\"}}],\"inLanguage\":\"de\"}]}<\/script>\n<!-- \/ Yoast SEO plugin. -->","yoast_head_json":{"title":"Themen und Publikationen - Agrivalais","description":"Hier Seiten finden Sie eine Reihe von Dossiers zu verschiedenen Themen. Beachten Sie insbesonderen die folgenden Dossiers: Verwendung der","robots":{"index":"index","follow":"follow","max-snippet":"max-snippet:-1","max-image-preview":"max-image-preview:large","max-video-preview":"max-video-preview:-1"},"canonical":"https:\/\/agrivalais.ch\/de\/aktivitaten\/themen-und-publikationen\/","og_locale":"de_DE","og_type":"article","og_title":"Themen und Publikationen - Agrivalais","og_description":"Hier Seiten finden Sie eine Reihe von Dossiers zu verschiedenen Themen. Beachten Sie insbesonderen die folgenden Dossiers: Verwendung der","og_url":"https:\/\/agrivalais.ch\/de\/aktivitaten\/themen-und-publikationen\/","og_site_name":"Agrivalais","article_modified_time":"2026-01-27T07:03:26+00:00","og_image":[{"width":420,"height":237,"url":"https:\/\/agrivalais.ch\/wp-content\/uploads\/2020\/01\/cahier.jpg","type":"image\/jpeg"}],"twitter_card":"summary_large_image","twitter_misc":{"Gesch\u00e4tzte Lesezeit":"3\u00a0Minuten"},"schema":{"@context":"https:\/\/schema.org","@graph":[{"@type":"WebPage","@id":"https:\/\/agrivalais.ch\/de\/aktivitaten\/themen-und-publikationen\/","url":"https:\/\/agrivalais.ch\/de\/aktivitaten\/themen-und-publikationen\/","name":"Themen und Publikationen - Agrivalais","isPartOf":{"@id":"https:\/\/agrivalais.ch\/#website"},"primaryImageOfPage":{"@id":"https:\/\/agrivalais.ch\/de\/aktivitaten\/themen-und-publikationen\/#primaryimage"},"image":{"@id":"https:\/\/agrivalais.ch\/de\/aktivitaten\/themen-und-publikationen\/#primaryimage"},"thumbnailUrl":"https:\/\/agrivalais.ch\/wp-content\/uploads\/2020\/01\/cahier.jpg","datePublished":"2014-09-23T11:42:44+00:00","dateModified":"2026-01-27T07:03:26+00:00","description":"Hier Seiten finden Sie eine Reihe von Dossiers zu verschiedenen Themen. Beachten Sie insbesonderen die folgenden Dossiers: Verwendung der","breadcrumb":{"@id":"https:\/\/agrivalais.ch\/de\/aktivitaten\/themen-und-publikationen\/#breadcrumb"},"inLanguage":"de","potentialAction":[{"@type":"ReadAction","target":["https:\/\/agrivalais.ch\/de\/aktivitaten\/themen-und-publikationen\/"]}]},{"@type":"ImageObject","inLanguage":"de","@id":"https:\/\/agrivalais.ch\/de\/aktivitaten\/themen-und-publikationen\/#primaryimage","url":"https:\/\/agrivalais.ch\/wp-content\/uploads\/2020\/01\/cahier.jpg","contentUrl":"https:\/\/agrivalais.ch\/wp-content\/uploads\/2020\/01\/cahier.jpg","width":420,"height":237},{"@type":"BreadcrumbList","@id":"https:\/\/agrivalais.ch\/de\/aktivitaten\/themen-und-publikationen\/#breadcrumb","itemListElement":[{"@type":"ListItem","position":1,"name":"Home","item":"https:\/\/agrivalais.ch\/de\/"},{"@type":"ListItem","position":2,"name":"Aktivit\u00e4ten","item":"https:\/\/agrivalais.ch\/de\/aktivitaten\/"},{"@type":"ListItem","position":3,"name":"Themen und Publikationen"}]},{"@type":"WebSite","@id":"https:\/\/agrivalais.ch\/#website","url":"https:\/\/agrivalais.ch\/","name":"Agrivalais","description":"Chambre Valaisanne d\u2019Agriculture - Walliser Landwirtschaftskammer","potentialAction":[{"@type":"SearchAction","target":{"@type":"EntryPoint","urlTemplate":"https:\/\/agrivalais.ch\/?s={search_term_string}"},"query-input":{"@type":"PropertyValueSpecification","valueRequired":true,"valueName":"search_term_string"}}],"inLanguage":"de"}]}},"_links":{"self":[{"href":"https:\/\/agrivalais.ch\/de\/wp-json\/wp\/v2\/pages\/313","targetHints":{"allow":["GET"]}}],"collection":[{"href":"https:\/\/agrivalais.ch\/de\/wp-json\/wp\/v2\/pages"}],"about":[{"href":"https:\/\/agrivalais.ch\/de\/wp-json\/wp\/v2\/types\/page"}],"author":[{"embeddable":true,"href":"https:\/\/agrivalais.ch\/de\/wp-json\/wp\/v2\/users\/1"}],"replies":[{"embeddable":true,"href":"https:\/\/agrivalais.ch\/de\/wp-json\/wp\/v2\/comments?post=313"}],"version-history":[{"count":40,"href":"https:\/\/agrivalais.ch\/de\/wp-json\/wp\/v2\/pages\/313\/revisions"}],"predecessor-version":[{"id":7404,"href":"https:\/\/agrivalais.ch\/de\/wp-json\/wp\/v2\/pages\/313\/revisions\/7404"}],"up":[{"embeddable":true,"href":"https:\/\/agrivalais.ch\/de\/wp-json\/wp\/v2\/pages\/34"}],"wp:featuredmedia":[{"embeddable":true,"href":"https:\/\/agrivalais.ch\/de\/wp-json\/wp\/v2\/media\/3815"}],"wp:attachment":[{"href":"https:\/\/agrivalais.ch\/de\/wp-json\/wp\/v2\/media?parent=313"}],"wp:term":[{"taxonomy":"post_tag","embeddable":true,"href":"https:\/\/agrivalais.ch\/de\/wp-json\/wp\/v2\/tags?post=313"}],"curies":[{"name":"wp","href":"https:\/\/api.w.org\/{rel}","templated":true}]}}