{"id":310,"date":"2014-09-23T11:45:55","date_gmt":"2014-09-23T11:45:55","guid":{"rendered":"http:\/\/www.agrivalais.ch\/aktivitaten\/annuaires\/"},"modified":"2026-01-27T08:15:03","modified_gmt":"2026-01-27T07:15:03","slug":"verzeichnis","status":"publish","type":"page","link":"https:\/\/agrivalais.ch\/de\/aktivitaten\/verzeichnis\/","title":{"rendered":"Verzeichnis"},"content":{"rendered":"<p>Mitgliederorganisationen der WLK (in alphabetischer Reihenfolge)<\/p>\n<p><strong>A<\/strong><\/p>\n<p>Association des Amis des Reines<br \/>\nRte d\u2019Evol\u00e8ne 17 &#8211; 1981 Vex<br \/>\n079 216 88 56<br \/>\n<a href=\"https:\/\/www.raceherens.ch\/de\/seiten\/verband\/vereinigung-der-ringkuhfreunde-oberwallis-240\" target=\"_blank\" rel=\"noopener noreferrer\">www.raceherens.ch\/ringkuhfreunde<\/a><\/p>\n<p>Pr\u00e4sident : Guillaume Massy<br \/>\nSekret\u00e4r : Jean-Fran\u00e7ois Pralong<\/p>\n<p>&nbsp;<\/p>\n<p>Association des Eleveurs Ovins et Caprins du Valais romand<\/p>\n<p>Pr\u00e4sident : Claude Lattion<br \/>\nSekret\u00e4rin : V\u00e9ronique Papilloud<\/p>\n<p>&nbsp;<\/p>\n<p>Association des Ma\u00eetres-Agriculteurs<br \/>\nRue de fonterelle 59 &#8211; 1976 Erde<br \/>\n<a href=\"javascript:__wpsk_ag4jeWbZ('\\u003e\\u0032\\u003a\\u003d\\u0045\\u0040\\u0069\\u0034\\u0039\\u0043\\u003a\\u0044\\u0045\\u0040\\u0041\\u0039\\u0036\\u006f\\u003e\\u003a\\u0034\\u0039\\u0036\\u003d\\u0035\\u0040\\u0043\\u0044\\u0032\\u004b\\u005d\\u0034\\u0039');\">christophe@micheldorsaz.ch<\/a><\/p>\n<p>Pr\u00e4sident : Christophe Dorsaz<\/p>\n<p>&nbsp;<\/p>\n<p>Association Valaisanne des Paysannes<br \/>\nPassage des Haussex 79 &#8211; 1891 V\u00e9rossaz<br \/>\n079 332 43 79<br \/>\n<a href=\"javascript:__wpsk_ag4jeWbZ('\\u003e\\u0032\\u003a\\u003d\\u0045\\u0040\\u0069\\u0034\\u0033\\u0032\\u0043\\u003e\\u0032\\u003f\\u006f\\u0033\\u003d\\u0046\\u0036\\u0048\\u003a\\u003f\\u005d\\u0034\\u0039');\">cbarman@bluewin.ch<\/a><\/p>\n<p>Pr\u00e4sidentin : Claudine Barman<\/p>\n<p>&nbsp;<\/p>\n<p>Association pour les Contr\u00f4les Agricole en Valais (ACAV)<br \/>\nCP 96 \u2013 1964 Conthey<br \/>\n027 345 40 10<br \/>\n<span class=\"__wpsk_OPfq7geW\">hc&#x2e;sialavirga&#064;vaca___0_DETCETORP_KSPW___<\/span><\/a><br \/>\n<a href=\"https:\/\/acav-vs.ch\/\">https:\/\/acav-vs.ch\/<\/a><\/p>\n<p>Pr\u00e4sident : Samuel Berclaz<br \/>\nSekret\u00e4r : Cl\u00e9mence Nanchen<\/p>\n<p>&nbsp;<\/p>\n<p><strong>B<\/strong><\/p>\n<p>&nbsp;<\/p>\n<p>Bauern Vereinigung Oberwallis<br \/>\nTalstrasse 3 \u2013 3930 Visp<br \/>\n027 945 15 71<br \/>\n<a title=\"[email protected]\" href=\"javascript:__wpsk_ag4jeWbZ('\\u003e\\u0032\\u003a\\u003d\\u0045\\u0040\\u0069\\u0047\\u0036\\u0043\\u0036\\u003a\\u003f\\u006f\\u0040\\u0033\\u0036\\u0043\\u0048\\u0032\\u003d\\u003d\\u003a\\u0044\\u0036\\u0043\\u005c\\u0033\\u0032\\u0046\\u0036\\u0043\\u003f\\u005d\\u0034\\u0039');\">verein@oberwalliser-bauern.ch<\/a><br \/>\n<a href=\"http:\/\/www.oberwalliser-bauern.ch\" target=\"_blank\" rel=\"noopener noreferrer\">www.oberwalliser-bauern.ch<\/a><\/p>\n<p>Pr\u00e4sident : Patrick Volken<br \/>\nGesch\u00e4ftsf\u00fchrer\/in : Helen Fux und Herbert Volken<\/p>\n<p>&nbsp;<\/p>\n<p>Biovalais<br \/>\nCP 2063 &#8211; 1950 Sion 4<br \/>\n079 342 37 61<br \/>\n<a href=\"javascript:__wpsk_ag4jeWbZ('\\u003e\\u0032\\u003a\\u003d\\u0045\\u0040\\u0069\\u0044\\u0036\\u0034\\u0043\\u0036\\u0045\\u0032\\u0043\\u003a\\u0032\\u0045\\u006f\\u0033\\u003a\\u0040\\u005c\\u0047\\u0032\\u003d\\u0032\\u003a\\u0044\\u005d\\u0034\\u0039');\">secretariat@bio-valais.ch<\/a><br \/>\n<a href=\"http:\/\/www.bio-wallis.ch\" target=\"_blank\" rel=\"noopener noreferrer\">www.bio-wallis.ch<\/a><\/p>\n<p>Pr\u00e4sidente : Karine Contat<br \/>\nSekret\u00e4rin : Isabelle Gabioud<\/p>\n<p>&nbsp;<\/p>\n<p><strong>F<\/strong><\/p>\n<p>&nbsp;<\/p>\n<p>F\u00e9d\u00e9ration Swissherdbook Bas-Valais<br \/>\nCh. des G\u00e9rys 13 &#8211; 1853 Muraz<br \/>\n079 927 10 66<br \/>\n<a href=\"javascript:__wpsk_ag4jeWbZ('\\u003e\\u0032\\u003a\\u003d\\u0045\\u0040\\u0069\\u0043\\u0040\\u003e\\u0032\\u003a\\u003f\\u005c\\u0033\\u0040\\u003f\\u003b\\u0036\\u0032\\u003f\\u006f\\u0048\\u003a\\u003f\\u0035\\u0040\\u0048\\u0044\\u003d\\u003a\\u0047\\u0036\\u005d\\u0034\\u0040\\u003e');\">romain-bonjean@windowslive.com<\/a><\/p>\n<p>Pr\u00e4sident : Markus Gerber<br \/>\nSekret\u00e4r : Romain Bonjean<\/p>\n<p>&nbsp;<\/p>\n<p>F\u00e9d\u00e9ration d\u2019Apiculture du Valais Romand<br \/>\nRue du Fuidjou 21 &#8211; 3966 Chalais<br \/>\n<a href=\"javascript:__wpsk_ag4jeWbZ('\\u003e\\u0032\\u003a\\u003d\\u0045\\u0040\\u0069\\u003a\\u003f\\u0037\\u0040\\u006f\\u0037\\u0032\\u0047\\u0043\\u005d\\u0034\\u0039');\">info@favr.ch<\/a><br \/>\n<a href=\"http:\/\/www.favr.ch\" target=\"_blank\" rel=\"noopener noreferrer\">www.favr.ch<\/a><\/p>\n<p>Pr\u00e4sident : St\u00e9phane Witschard<br \/>\nSekret\u00e4r: Nicolas Gauye<\/p>\n<p>&nbsp;<\/p>\n<p><strong>G<\/strong><\/p>\n<p>&nbsp;<\/p>\n<p>GPMVR \u2013 Groupement des Populations de Montagne du Valais Romand<br \/>\nAv Ritz 31, CP 2055, 1950 Sion 2 Nord<br \/>\n027 323 61 55<br \/>\n<a href=\"javascript:__wpsk_ag4jeWbZ('\\u003e\\u0032\\u003a\\u003d\\u0045\\u0040\\u0069\\u0038\\u0041\\u003e\\u0047\\u0043\\u006f\\u0032\\u0043\\u0044\\u005c\\u0044\\u003a\\u0040\\u003f\\u005d\\u0034\\u0039');\">gpmvr@ars-sion.ch<\/a><\/p>\n<p>Pr\u00e4sident : Joachim Rausis<br \/>\nSekret\u00e4rin : Karine Praz<\/p>\n<p>&nbsp;<\/p>\n<p><strong>I<\/strong><\/p>\n<p>&nbsp;<\/p>\n<p>Interprofession des Eaux-de-Vie du Valais<br \/>\nCP 96 \u2013 1964 Conthey<br \/>\n027 345 40 10<br \/>\n<a href=\"javascript:__wpsk_ag4jeWbZ('\\u003e\\u0032\\u003a\\u003d\\u0045\\u0040\\u0069\\u0036\\u0032\\u0046\\u005c\\u0035\\u0036\\u005c\\u0047\\u003a\\u0036\\u006f\\u0032\\u0038\\u0043\\u003a\\u0047\\u0032\\u003d\\u0032\\u003a\\u0044\\u005d\\u0034\\u0039');\">eau-de-vie@agrivalais.ch<\/a><br \/>\n<a href=\"http:\/\/www.eau-de-vie-du-valais.ch\" target=\"_blank\" rel=\"noopener noreferrer\">www.eau-de-vie-du-valais.ch<\/a><\/p>\n<p>Pr\u00e4sident : Julien Morand<br \/>\nGesch\u00e4ftsf\u00fchrerin : Brigitte Gabbud-Quarroz<\/p>\n<p>&nbsp;<\/p>\n<p>Interprofession des Fruits et L\u00e9gumes du Valais<br \/>\nCP 416 \u2013 1964 Conthey<br \/>\n027 345 40 40<br \/>\n<a href=\"javascript:__wpsk_ag4jeWbZ('\\u003e\\u0032\\u003a\\u003d\\u0045\\u0040\\u0069\\u003a\\u003f\\u0037\\u0040\\u006f\\u003a\\u0037\\u0036\\u003d\\u0047\\u005d\\u0034\\u0039');\">info@ifelv.ch<\/a><br \/>\n<a href=\"http:\/\/www.ifelv.ch\" target=\"_blank\" rel=\"noopener noreferrer\">www.ifelv.ch<\/a><\/p>\n<p>Pr\u00e4sident : Yannick Buttet<br \/>\nGeneralsekret\u00e4r: Olivier Borgeat<\/p>\n<p>&nbsp;<\/p>\n<p>Interprofession de la Vigne et du Vin du Valais<br \/>\nCP 144 \u2013 1964 Conthey<br \/>\n027 345 40 80<br \/>\n<a href=\"javascript:__wpsk_ag4jeWbZ('\\u003e\\u0032\\u003a\\u003d\\u0045\\u0040\\u0069\\u003a\\u003f\\u0037\\u0040\\u006f\\u003d\\u0036\\u0044\\u0047\\u003a\\u003f\\u0044\\u0035\\u0046\\u0047\\u0032\\u003d\\u0032\\u003a\\u0044\\u005d\\u0034\\u0039');\">info@lesvinsduvalais.ch<\/a><br \/>\n<a href=\"http:\/\/www.walliserweine.ch\" target=\"_blank\" rel=\"noopener noreferrer\">www.walliserweine.ch<\/a><\/p>\n<p>Pr\u00e4sident: Yvan Aymon<br \/>\nDirektor : G\u00e9rard-Philippe Mabillard<\/p>\n<p>&nbsp;<\/p>\n<p><strong>L<\/strong><\/p>\n<p>&nbsp;<\/p>\n<p>Landi Chablais-Lavaux SA<br \/>\nZI Bovery 35 \u2013 1868 Collombey<br \/>\n058 476 53 50<br \/>\n<a href=\"javascript:__wpsk_ag4jeWbZ('\\u003e\\u0032\\u003a\\u003d\\u0045\\u0040\\u0069\\u003a\\u003f\\u0037\\u0040\\u006f\\u0034\\u0040\\u003d\\u003d\\u0040\\u003e\\u0033\\u0036\\u004a\\u005d\\u003d\\u0032\\u003f\\u0035\\u003a\\u005d\\u0034\\u0039');\">info@collombey.landi.ch<\/a><\/p>\n<p>Pr\u00e4sident: Pascal Lattion<br \/>\nDirektor : Maxime Montagrin<\/p>\n<p>&nbsp;<\/p>\n<p><strong>S<\/strong><\/p>\n<p>&nbsp;<\/p>\n<p>Schweizerische Eringerviehzuchtverband<br \/>\nRue des Rives 16 &#8211; 1976 Aven<br \/>\n079 370 20 26<br \/>\n<a href=\"javascript:__wpsk_ag4jeWbZ('\\u003e\\u0032\\u003a\\u003d\\u0045\\u0040\\u0069\\u003e\\u0032\\u0043\\u003a\\u0040\\u003f\\u005d\\u0047\\u0032\\u0043\\u0040\\u003f\\u0036\\u006f\\u0038\\u003e\\u0032\\u003a\\u003d\\u005d\\u0034\\u0040\\u003e');\">marion.varone@gmail.com<\/a><br \/>\n<a href=\"http:\/\/www.raceherens.ch\" target=\"_blank\" rel=\"noopener noreferrer\">www.raceherens.ch<\/a><\/p>\n<p>Pr\u00e4sident : Fabien Sauthier<br \/>\nSekret\u00e4rin : Marion Varone<\/p>\n<p>&nbsp;<\/p>\n<p>Soci\u00e9t\u00e9 des anciens \u00e9l\u00e8ves de Ch\u00e2teauneuf<br \/>\nRte du Traux 113 &#8211; 1913 Saillon<\/p>\n<p>Pr\u00e4sidentin : Aline D\u00e9fayes, <a href=\"javascript:__wpsk_ag4jeWbZ('\\u003e\\u0032\\u003a\\u003d\\u0045\\u0040\\u0069\\u0032\\u003d\\u003a\\u003f\\u0036\\u005d\\u0035\\u0036\\u0037\\u0032\\u004a\\u0036\\u0044\\u006f\\u0038\\u003e\\u0032\\u003a\\u003d\\u005d\\u0034\\u0040\\u003e');\">aline.defayes@gmail.com<\/a><\/p>\n<p>&nbsp;<\/p>\n<p>Soci\u00e9t\u00e9 d\u2019\u00e9conomie alpestre du Valais romand<br \/>\nRoute de Crans 16 \u2013 1978 Lens<br \/>\n027 483 13 34<br \/>\n<a href=\"javascript:__wpsk_ag4jeWbZ('\\u003e\\u0032\\u003a\\u003d\\u0045\\u0040\\u0069\\u0034\\u003d\\u005d\\u0038\\u0032\\u0033\\u003a\\u0040\\u0046\\u0035\\u006f\\u0033\\u003d\\u0046\\u0036\\u0048\\u003a\\u003f\\u005d\\u0034\\u0039');\">cl.gabioud@bluewin.ch<\/a><\/p>\n<p>Pr\u00e4sident : Charles-Andr\u00e9 Mudry<br \/>\nSekret\u00e4rin : Claudine Gabioud<\/p>\n<p>&nbsp;<\/p>\n<p>Soci\u00e9t\u00e9 des p\u00e9pini\u00e9ristes viticulteurs valaisans<br \/>\nRte de Bessoni 2 &#8211; 1955 St-Pierre-de-Clages<br \/>\n079 220 77 13<br \/>\n<a href=\"javascript:__wpsk_ag4jeWbZ('\\u003e\\u0032\\u003a\\u003d\\u0045\\u0040\\u0069\\u0041\\u003e\\u0033\\u0046\\u0043\\u0043\\u003a\\u003f\\u006f\\u0045\\u0036\\u003d\\u0045\\u0043\\u0040\\u003f\\u005d\\u0034\\u0039');\">pmburrin@teltron.ch<\/a><\/p>\n<p>Pr\u00e4sident : Eric Germanier<\/p>\n<p>&nbsp;<\/p>\n<p>Sortenorganisation Raclette du Valais AOP<br \/>\nCP 197 \u2013 1964 Conthey<br \/>\n027 345 40 90<br \/>\n<a href=\"javascript:__wpsk_ag4jeWbZ('\\u003e\\u0032\\u003a\\u003d\\u0045\\u0040\\u0069\\u003a\\u003f\\u0037\\u0040\\u006f\\u0043\\u0032\\u0034\\u003d\\u0036\\u0045\\u0045\\u0036\\u005c\\u0035\\u0046\\u005c\\u0047\\u0032\\u003d\\u0032\\u003a\\u0044\\u005d\\u0034\\u0039');\">info@raclette-du-valais.ch<\/a><br \/>\n<a href=\"http:\/\/www.raclette-du-valais.ch\" target=\"_blank\" rel=\"noopener noreferrer\">www.raclette-du-valais.ch<\/a><\/p>\n<p>Pr\u00e4sidente : Malvine Moulin<br \/>\nGesch\u00e4ftsf\u00fchrer : Urs Guntern<\/p>\n<p>&nbsp;<\/p>\n<p>Syndicat d\u2019\u00e9levage Holstein du Bas-Valais<br \/>\nRte d\u2019Outre-Rh\u00f4ne 20 &#8211; 1903 Collonges<br \/>\n<a href=\"javascript:__wpsk_ag4jeWbZ('\\u003e\\u0032\\u003a\\u003d\\u0045\\u0040\\u0069\\u003e\\u0040\\u0043\\u0040\\u0044\\u0045\\u004a\\u006f\\u0033\\u003d\\u0046\\u0036\\u0048\\u003a\\u003f\\u005d\\u0034\\u0039');\">morosty@bluewin.ch<\/a><\/p>\n<p>Pr\u00e4sident : Steve Mottiez<\/p>\n<p>&nbsp;<\/p>\n<p>Syndicat des distillateurs du Valais et du Chablais<br \/>\nRue de Plaisance 2 &#8211; 1920 Martigny<br \/>\n027 722 20 36<\/p>\n<p>Pr\u00e4sident : Julien Morand<\/p>\n<p>&nbsp;<\/p>\n<p><strong>V<\/strong><\/p>\n<p>&nbsp;<\/p>\n<p>Vereinigung der Walliser Trockenfleischprodukte IGP<br \/>\nCP 96 \u2013 1964 Conthey<br \/>\n027 345 40 10<br \/>\n<a href=\"javascript:__wpsk_ag4jeWbZ('\\u003e\\u0032\\u003a\\u003d\\u0045\\u0040\\u0069\\u0034\\u0047\\u0032\\u0044\\u0036\\u0034\\u0043\\u0036\\u0045\\u0032\\u0043\\u003a\\u0032\\u0045\\u006f\\u0032\\u0038\\u0043\\u003a\\u0047\\u0032\\u003d\\u0032\\u003a\\u0044\\u005d\\u0034\\u0039');\">cvasecretariat@agrivalais.ch<\/a><br \/>\n<a href=\"http:\/\/www.viandesechee.ch\" target=\"_blank\" rel=\"noopener noreferrer\">www.viandesechee.ch<\/a><\/p>\n<p>Pr\u00e4sident : Benjamin Roduit<br \/>\nSekret\u00e4r : Pierre-Yves Felley<\/p>\n<p>&nbsp;<\/p>\n<p>Vereinigung von Walliser Roggenbrot AOP<br \/>\nCP 96 \u2013 1964 Conthey<br \/>\n027 345 40 10<br \/>\n<a href=\"javascript:__wpsk_ag4jeWbZ('\\u003e\\u0032\\u003a\\u003d\\u0045\\u0040\\u0069\\u0041\\u0032\\u003a\\u003f\\u0035\\u0036\\u0044\\u0036\\u003a\\u0038\\u003d\\u0036\\u0047\\u0032\\u003d\\u0032\\u003a\\u0044\\u0032\\u003f\\u006f\\u0032\\u0038\\u0043\\u003a\\u0047\\u0032\\u003d\\u0032\\u003a\\u0044\\u005d\\u0034\\u0039');\">paindeseiglevalaisan@agrivalais.ch<\/a><br \/>\n<a href=\"http:\/\/www.walliserroggenbrot.ch\" target=\"_blank\" rel=\"noopener noreferrer\">www.walliserroggenbrot.ch<\/a><\/p>\n<p>Pr\u00e4sident : Fran\u00e7oise M\u00e9trailler<br \/>\nGesch\u00e4ftsf\u00fchrerin : Brigitte Gabbud-Quarroz<\/p>\n<p>&nbsp;<\/p>\n<p>VITIVAL<br \/>\nCP 96 \u2013 1964 Conthey<br \/>\n027\/345.40.10<br \/>\n<a href=\"javascript:__wpsk_ag4jeWbZ('\\u003e\\u0032\\u003a\\u003d\\u0045\\u0040\\u0069\\u0047\\u003a\\u0045\\u003a\\u0047\\u0032\\u003d\\u006f\\u0032\\u0038\\u0043\\u003a\\u0047\\u0032\\u003d\\u0032\\u003a\\u0044\\u005d\\u0034\\u0039');\">vitival@agrivalais.ch<\/a><br \/>\n<a href=\"http:\/\/www.vitival.ch\" target=\"_blank\" rel=\"noopener noreferrer\">www.vitival.ch<\/a><\/p>\n<p>Pr\u00e4sident : St\u00e9phane Kellenberger<br \/>\nGesch\u00e4ftsf\u00fchrer : Daniel Etter<\/p>\n<p>&nbsp;<\/p>\n<p><strong>W<\/strong><\/p>\n<p>&nbsp;<\/p>\n<p>Walliser Milchverband<br \/>\nTechnop\u00f4le 4 \u2013 3960 Sierre<br \/>\n027 455 69 72<br \/>\n<a href=\"javascript:__wpsk_ag4jeWbZ('\\u003e\\u0032\\u003a\\u003d\\u0045\\u0040\\u0069\\u003a\\u003f\\u0037\\u0040\\u006f\\u0037\\u003d\\u0047\\u005d\\u0034\\u0039');\">info@flv.ch<\/a><\/p>\n<p>Pr\u00e4sident : Michel Bonjean<br \/>\nDirektor : Jean-Jacques Favre<\/p>\n<p>&nbsp;<\/p>\n","protected":false},"excerpt":{"rendered":"<p>Mitgliederorganisationen der WLK (in alphabetischer Reihenfolge) A Association des Amis des Reines Rte d\u2019Evol\u00e8ne 17 &#8211; 1981 Vex 079 216 88 56 www.raceherens.ch\/ringkuhfreunde Pr\u00e4sident : Guillaume Massy Sekret\u00e4r : Jean-Fran\u00e7ois Pralong &nbsp; Association des Eleveurs Ovins et Caprins du Valais romand Pr\u00e4sident : Claude Lattion Sekret\u00e4rin : V\u00e9ronique Papilloud &nbsp; Association des Ma\u00eetres-Agriculteurs Rue de [&hellip;]<\/p>\n","protected":false},"author":1,"featured_media":871,"parent":34,"menu_order":6,"comment_status":"closed","ping_status":"closed","template":"","meta":{"_acf_changed":false,"footnotes":""},"tags":[],"class_list":["post-310","page","type-page","status-publish","has-post-thumbnail","hentry"],"acf":[],"yoast_head":"<!-- This site is optimized with the Yoast SEO plugin v27.2 - https:\/\/yoast.com\/product\/yoast-seo-wordpress\/ -->\n<title>Verzeichnis - Agrivalais<\/title>\n<meta name=\"description\" content=\"Mitgliederorganisationen der WLK (in alphabetischer Reihenfolge) A Association des Amis des Reines Rte d\u2019Evol\u00e8ne 17 - 1981 Vex 079 216 88 56\" \/>\n<meta name=\"robots\" content=\"index, follow, max-snippet:-1, max-image-preview:large, max-video-preview:-1\" \/>\n<link rel=\"canonical\" href=\"https:\/\/agrivalais.ch\/de\/aktivitaten\/verzeichnis\/\" \/>\n<meta property=\"og:locale\" content=\"de_DE\" \/>\n<meta property=\"og:type\" content=\"article\" \/>\n<meta property=\"og:title\" content=\"Verzeichnis - Agrivalais\" \/>\n<meta property=\"og:description\" content=\"Mitgliederorganisationen der WLK (in alphabetischer Reihenfolge) A Association des Amis des Reines Rte d\u2019Evol\u00e8ne 17 - 1981 Vex 079 216 88 56\" \/>\n<meta property=\"og:url\" content=\"https:\/\/agrivalais.ch\/de\/aktivitaten\/verzeichnis\/\" \/>\n<meta property=\"og:site_name\" content=\"Agrivalais\" \/>\n<meta property=\"article:modified_time\" content=\"2026-01-27T07:15:03+00:00\" \/>\n<meta property=\"og:image\" content=\"https:\/\/agrivalais.ch\/wp-content\/uploads\/2015\/01\/cueillette-abricots.jpg\" \/>\n\t<meta property=\"og:image:width\" content=\"800\" \/>\n\t<meta property=\"og:image:height\" content=\"454\" \/>\n\t<meta property=\"og:image:type\" content=\"image\/jpeg\" \/>\n<meta name=\"twitter:card\" content=\"summary_large_image\" \/>\n<meta name=\"twitter:label1\" content=\"Gesch\u00e4tzte Lesezeit\" \/>\n\t<meta name=\"twitter:data1\" content=\"3\u00a0Minuten\" \/>\n<script type=\"application\/ld+json\" class=\"yoast-schema-graph\">{\"@context\":\"https:\/\/schema.org\",\"@graph\":[{\"@type\":\"WebPage\",\"@id\":\"https:\/\/agrivalais.ch\/de\/aktivitaten\/verzeichnis\/\",\"url\":\"https:\/\/agrivalais.ch\/de\/aktivitaten\/verzeichnis\/\",\"name\":\"Verzeichnis - Agrivalais\",\"isPartOf\":{\"@id\":\"https:\/\/agrivalais.ch\/#website\"},\"primaryImageOfPage\":{\"@id\":\"https:\/\/agrivalais.ch\/de\/aktivitaten\/verzeichnis\/#primaryimage\"},\"image\":{\"@id\":\"https:\/\/agrivalais.ch\/de\/aktivitaten\/verzeichnis\/#primaryimage\"},\"thumbnailUrl\":\"https:\/\/agrivalais.ch\/wp-content\/uploads\/2015\/01\/cueillette-abricots.jpg\",\"datePublished\":\"2014-09-23T11:45:55+00:00\",\"dateModified\":\"2026-01-27T07:15:03+00:00\",\"description\":\"Mitgliederorganisationen der WLK (in alphabetischer Reihenfolge) A Association des Amis des Reines Rte d\u2019Evol\u00e8ne 17 - 1981 Vex 079 216 88 56\",\"breadcrumb\":{\"@id\":\"https:\/\/agrivalais.ch\/de\/aktivitaten\/verzeichnis\/#breadcrumb\"},\"inLanguage\":\"de\",\"potentialAction\":[{\"@type\":\"ReadAction\",\"target\":[\"https:\/\/agrivalais.ch\/de\/aktivitaten\/verzeichnis\/\"]}]},{\"@type\":\"ImageObject\",\"inLanguage\":\"de\",\"@id\":\"https:\/\/agrivalais.ch\/de\/aktivitaten\/verzeichnis\/#primaryimage\",\"url\":\"https:\/\/agrivalais.ch\/wp-content\/uploads\/2015\/01\/cueillette-abricots.jpg\",\"contentUrl\":\"https:\/\/agrivalais.ch\/wp-content\/uploads\/2015\/01\/cueillette-abricots.jpg\",\"width\":800,\"height\":454},{\"@type\":\"BreadcrumbList\",\"@id\":\"https:\/\/agrivalais.ch\/de\/aktivitaten\/verzeichnis\/#breadcrumb\",\"itemListElement\":[{\"@type\":\"ListItem\",\"position\":1,\"name\":\"Home\",\"item\":\"https:\/\/agrivalais.ch\/de\/\"},{\"@type\":\"ListItem\",\"position\":2,\"name\":\"Aktivit\u00e4ten\",\"item\":\"https:\/\/agrivalais.ch\/de\/aktivitaten\/\"},{\"@type\":\"ListItem\",\"position\":3,\"name\":\"Verzeichnis\"}]},{\"@type\":\"WebSite\",\"@id\":\"https:\/\/agrivalais.ch\/#website\",\"url\":\"https:\/\/agrivalais.ch\/\",\"name\":\"Agrivalais\",\"description\":\"Chambre Valaisanne d\u2019Agriculture - Walliser Landwirtschaftskammer\",\"potentialAction\":[{\"@type\":\"SearchAction\",\"target\":{\"@type\":\"EntryPoint\",\"urlTemplate\":\"https:\/\/agrivalais.ch\/?s={search_term_string}\"},\"query-input\":{\"@type\":\"PropertyValueSpecification\",\"valueRequired\":true,\"valueName\":\"search_term_string\"}}],\"inLanguage\":\"de\"}]}<\/script>\n<!-- \/ Yoast SEO plugin. -->","yoast_head_json":{"title":"Verzeichnis - Agrivalais","description":"Mitgliederorganisationen der WLK (in alphabetischer Reihenfolge) A Association des Amis des Reines Rte d\u2019Evol\u00e8ne 17 - 1981 Vex 079 216 88 56","robots":{"index":"index","follow":"follow","max-snippet":"max-snippet:-1","max-image-preview":"max-image-preview:large","max-video-preview":"max-video-preview:-1"},"canonical":"https:\/\/agrivalais.ch\/de\/aktivitaten\/verzeichnis\/","og_locale":"de_DE","og_type":"article","og_title":"Verzeichnis - Agrivalais","og_description":"Mitgliederorganisationen der WLK (in alphabetischer Reihenfolge) A Association des Amis des Reines Rte d\u2019Evol\u00e8ne 17 - 1981 Vex 079 216 88 56","og_url":"https:\/\/agrivalais.ch\/de\/aktivitaten\/verzeichnis\/","og_site_name":"Agrivalais","article_modified_time":"2026-01-27T07:15:03+00:00","og_image":[{"width":800,"height":454,"url":"https:\/\/agrivalais.ch\/wp-content\/uploads\/2015\/01\/cueillette-abricots.jpg","type":"image\/jpeg"}],"twitter_card":"summary_large_image","twitter_misc":{"Gesch\u00e4tzte Lesezeit":"3\u00a0Minuten"},"schema":{"@context":"https:\/\/schema.org","@graph":[{"@type":"WebPage","@id":"https:\/\/agrivalais.ch\/de\/aktivitaten\/verzeichnis\/","url":"https:\/\/agrivalais.ch\/de\/aktivitaten\/verzeichnis\/","name":"Verzeichnis - Agrivalais","isPartOf":{"@id":"https:\/\/agrivalais.ch\/#website"},"primaryImageOfPage":{"@id":"https:\/\/agrivalais.ch\/de\/aktivitaten\/verzeichnis\/#primaryimage"},"image":{"@id":"https:\/\/agrivalais.ch\/de\/aktivitaten\/verzeichnis\/#primaryimage"},"thumbnailUrl":"https:\/\/agrivalais.ch\/wp-content\/uploads\/2015\/01\/cueillette-abricots.jpg","datePublished":"2014-09-23T11:45:55+00:00","dateModified":"2026-01-27T07:15:03+00:00","description":"Mitgliederorganisationen der WLK (in alphabetischer Reihenfolge) A Association des Amis des Reines Rte d\u2019Evol\u00e8ne 17 - 1981 Vex 079 216 88 56","breadcrumb":{"@id":"https:\/\/agrivalais.ch\/de\/aktivitaten\/verzeichnis\/#breadcrumb"},"inLanguage":"de","potentialAction":[{"@type":"ReadAction","target":["https:\/\/agrivalais.ch\/de\/aktivitaten\/verzeichnis\/"]}]},{"@type":"ImageObject","inLanguage":"de","@id":"https:\/\/agrivalais.ch\/de\/aktivitaten\/verzeichnis\/#primaryimage","url":"https:\/\/agrivalais.ch\/wp-content\/uploads\/2015\/01\/cueillette-abricots.jpg","contentUrl":"https:\/\/agrivalais.ch\/wp-content\/uploads\/2015\/01\/cueillette-abricots.jpg","width":800,"height":454},{"@type":"BreadcrumbList","@id":"https:\/\/agrivalais.ch\/de\/aktivitaten\/verzeichnis\/#breadcrumb","itemListElement":[{"@type":"ListItem","position":1,"name":"Home","item":"https:\/\/agrivalais.ch\/de\/"},{"@type":"ListItem","position":2,"name":"Aktivit\u00e4ten","item":"https:\/\/agrivalais.ch\/de\/aktivitaten\/"},{"@type":"ListItem","position":3,"name":"Verzeichnis"}]},{"@type":"WebSite","@id":"https:\/\/agrivalais.ch\/#website","url":"https:\/\/agrivalais.ch\/","name":"Agrivalais","description":"Chambre Valaisanne d\u2019Agriculture - Walliser Landwirtschaftskammer","potentialAction":[{"@type":"SearchAction","target":{"@type":"EntryPoint","urlTemplate":"https:\/\/agrivalais.ch\/?s={search_term_string}"},"query-input":{"@type":"PropertyValueSpecification","valueRequired":true,"valueName":"search_term_string"}}],"inLanguage":"de"}]}},"_links":{"self":[{"href":"https:\/\/agrivalais.ch\/de\/wp-json\/wp\/v2\/pages\/310","targetHints":{"allow":["GET"]}}],"collection":[{"href":"https:\/\/agrivalais.ch\/de\/wp-json\/wp\/v2\/pages"}],"about":[{"href":"https:\/\/agrivalais.ch\/de\/wp-json\/wp\/v2\/types\/page"}],"author":[{"embeddable":true,"href":"https:\/\/agrivalais.ch\/de\/wp-json\/wp\/v2\/users\/1"}],"replies":[{"embeddable":true,"href":"https:\/\/agrivalais.ch\/de\/wp-json\/wp\/v2\/comments?post=310"}],"version-history":[{"count":36,"href":"https:\/\/agrivalais.ch\/de\/wp-json\/wp\/v2\/pages\/310\/revisions"}],"predecessor-version":[{"id":7405,"href":"https:\/\/agrivalais.ch\/de\/wp-json\/wp\/v2\/pages\/310\/revisions\/7405"}],"up":[{"embeddable":true,"href":"https:\/\/agrivalais.ch\/de\/wp-json\/wp\/v2\/pages\/34"}],"wp:featuredmedia":[{"embeddable":true,"href":"https:\/\/agrivalais.ch\/de\/wp-json\/wp\/v2\/media\/871"}],"wp:attachment":[{"href":"https:\/\/agrivalais.ch\/de\/wp-json\/wp\/v2\/media?parent=310"}],"wp:term":[{"taxonomy":"post_tag","embeddable":true,"href":"https:\/\/agrivalais.ch\/de\/wp-json\/wp\/v2\/tags?post=310"}],"curies":[{"name":"wp","href":"https:\/\/api.w.org\/{rel}","templated":true}]}}