{"id":309,"date":"2014-09-23T11:46:18","date_gmt":"2014-09-23T11:46:18","guid":{"rendered":"http:\/\/www.agrivalais.ch\/aktivitaten\/rapport-annuel\/"},"modified":"2025-08-26T09:00:53","modified_gmt":"2025-08-26T08:00:53","slug":"geschaftsbericht","status":"publish","type":"page","link":"https:\/\/agrivalais.ch\/de\/aktivitaten\/geschaftsbericht\/","title":{"rendered":"Gesch\u00e4ftsbericht"},"content":{"rendered":"<p>Jedes Jahr publizieren wir einen Bericht \u00fcber die Situation der Landwirtschaft und verschiedene Elemente der Agrarpolitik.<\/p>\n<p>Darin finden Sie Zahlen zur Schweizer Agrarproduktion, Details zur Walliser Agrarproduktion sowie Informationen \u00fcber unsere Aktivit\u00e4ten im vergangenen Jahr.<\/p>\n<ul>\n<li><a href=\"https:\/\/agrivalais.ch\/wp-content\/uploads\/2025\/08\/Rapport-dactivite-CVA-2024_def.pdf\">Bericht 2024<\/a><\/li>\n<li><a href=\"https:\/\/agrivalais.ch\/wp-content\/uploads\/2024\/12\/Brochure_Chbre_vs_agriculture-2023-version-def-securite.pdf\">Bericht 2023<\/a><\/li>\n<li><a href=\"https:\/\/agrivalais.ch\/wp-content\/uploads\/2023\/03\/Brochure_Chbre_vs_agriculture_2022.pdf\">Bericht 2022<\/a><\/li>\n<li><a href=\"https:\/\/agrivalais.ch\/wp-content\/uploads\/2022\/11\/Rapport_2021.pdf\" target=\"_blank\" rel=\"noopener noreferrer\">Bericht 2021<\/a><\/li>\n<li><a href=\"https:\/\/agrivalais.ch\/wp-content\/uploads\/2021\/04\/CVA_Rapport_2020.pdf\" target=\"_blank\" rel=\"noopener noreferrer\">Bericht 2020<\/a><\/li>\n<li><a href=\"https:\/\/agrivalais.ch\/wp-content\/uploads\/2020\/06\/CVA_Rapport_2019-Def.pdf\" target=\"_blank\" rel=\"noopener noreferrer\">Bericht 2019<\/a><\/li>\n<\/ul>\n<p>W\u00fcnschen Sie unsere vorangehenden Gesch\u00e4ftsberichte? Dann kontaktieren Sie uns bitte per <a href=\"javascript:__wpsk_NfUHwyoe('\\u003e\\u0032\\u003a\\u003d\\u0045\\u0040\\u0069\\u003a\\u003f\\u0037\\u0040\\u006f\\u0032\\u0038\\u0043\\u003a\\u0047\\u0032\\u003d\\u0032\\u003a\\u0044\\u005d\\u0034\\u0039');\">E-Mail<\/a>.<\/p>\n","protected":false},"excerpt":{"rendered":"<p>Jedes Jahr publizieren wir einen Bericht \u00fcber die Situation der Landwirtschaft und verschiedene Elemente der Agrarpolitik. Darin finden Sie Zahlen zur Schweizer Agrarproduktion, Details zur Walliser Agrarproduktion sowie Informationen \u00fcber unsere Aktivit\u00e4ten im vergangenen Jahr. Bericht 2024 Bericht 2023 Bericht 2022 Bericht 2021 Bericht 2020 Bericht 2019 W\u00fcnschen Sie unsere vorangehenden Gesch\u00e4ftsberichte? Dann kontaktieren Sie [&hellip;]<\/p>\n","protected":false},"author":1,"featured_media":871,"parent":34,"menu_order":7,"comment_status":"closed","ping_status":"closed","template":"","meta":{"_acf_changed":false,"footnotes":""},"tags":[],"class_list":["post-309","page","type-page","status-publish","has-post-thumbnail","hentry"],"acf":[],"yoast_head":"<!-- This site is optimized with the Yoast SEO plugin v27.4 - https:\/\/yoast.com\/product\/yoast-seo-wordpress\/ -->\n<title>Gesch\u00e4ftsbericht - Agrivalais<\/title>\n<meta name=\"description\" content=\"Jedes Jahr publizieren wir einen Bericht \u00fcber die Situation der Landwirtschaft und verschiedene Elemente der Agrarpolitik. Darin finden Sie Zahlen zur\" \/>\n<meta name=\"robots\" content=\"index, follow, max-snippet:-1, max-image-preview:large, max-video-preview:-1\" \/>\n<link rel=\"canonical\" href=\"https:\/\/agrivalais.ch\/de\/aktivitaten\/geschaftsbericht\/\" \/>\n<meta property=\"og:locale\" content=\"de_DE\" \/>\n<meta property=\"og:type\" content=\"article\" \/>\n<meta property=\"og:title\" content=\"Gesch\u00e4ftsbericht - Agrivalais\" \/>\n<meta property=\"og:description\" content=\"Jedes Jahr publizieren wir einen Bericht \u00fcber die Situation der Landwirtschaft und verschiedene Elemente der Agrarpolitik. Darin finden Sie Zahlen zur\" \/>\n<meta property=\"og:url\" content=\"https:\/\/agrivalais.ch\/de\/aktivitaten\/geschaftsbericht\/\" \/>\n<meta property=\"og:site_name\" content=\"Agrivalais\" \/>\n<meta property=\"article:modified_time\" content=\"2025-08-26T08:00:53+00:00\" \/>\n<meta property=\"og:image\" content=\"https:\/\/agrivalais.ch\/wp-content\/uploads\/2015\/01\/cueillette-abricots.jpg\" \/>\n\t<meta property=\"og:image:width\" content=\"800\" \/>\n\t<meta property=\"og:image:height\" content=\"454\" \/>\n\t<meta property=\"og:image:type\" content=\"image\/jpeg\" \/>\n<meta name=\"twitter:card\" content=\"summary_large_image\" \/>\n<meta name=\"twitter:label1\" content=\"Gesch\u00e4tzte Lesezeit\" \/>\n\t<meta name=\"twitter:data1\" content=\"1\u00a0Minute\" \/>\n<script type=\"application\/ld+json\" class=\"yoast-schema-graph\">{\"@context\":\"https:\\\/\\\/schema.org\",\"@graph\":[{\"@type\":\"WebPage\",\"@id\":\"https:\\\/\\\/agrivalais.ch\\\/de\\\/aktivitaten\\\/geschaftsbericht\\\/\",\"url\":\"https:\\\/\\\/agrivalais.ch\\\/de\\\/aktivitaten\\\/geschaftsbericht\\\/\",\"name\":\"Gesch\u00e4ftsbericht - Agrivalais\",\"isPartOf\":{\"@id\":\"https:\\\/\\\/agrivalais.ch\\\/#website\"},\"primaryImageOfPage\":{\"@id\":\"https:\\\/\\\/agrivalais.ch\\\/de\\\/aktivitaten\\\/geschaftsbericht\\\/#primaryimage\"},\"image\":{\"@id\":\"https:\\\/\\\/agrivalais.ch\\\/de\\\/aktivitaten\\\/geschaftsbericht\\\/#primaryimage\"},\"thumbnailUrl\":\"https:\\\/\\\/agrivalais.ch\\\/wp-content\\\/uploads\\\/2015\\\/01\\\/cueillette-abricots.jpg\",\"datePublished\":\"2014-09-23T11:46:18+00:00\",\"dateModified\":\"2025-08-26T08:00:53+00:00\",\"description\":\"Jedes Jahr publizieren wir einen Bericht \u00fcber die Situation der Landwirtschaft und verschiedene Elemente der Agrarpolitik. Darin finden Sie Zahlen zur\",\"breadcrumb\":{\"@id\":\"https:\\\/\\\/agrivalais.ch\\\/de\\\/aktivitaten\\\/geschaftsbericht\\\/#breadcrumb\"},\"inLanguage\":\"de\",\"potentialAction\":[{\"@type\":\"ReadAction\",\"target\":[\"https:\\\/\\\/agrivalais.ch\\\/de\\\/aktivitaten\\\/geschaftsbericht\\\/\"]}]},{\"@type\":\"ImageObject\",\"inLanguage\":\"de\",\"@id\":\"https:\\\/\\\/agrivalais.ch\\\/de\\\/aktivitaten\\\/geschaftsbericht\\\/#primaryimage\",\"url\":\"https:\\\/\\\/agrivalais.ch\\\/wp-content\\\/uploads\\\/2015\\\/01\\\/cueillette-abricots.jpg\",\"contentUrl\":\"https:\\\/\\\/agrivalais.ch\\\/wp-content\\\/uploads\\\/2015\\\/01\\\/cueillette-abricots.jpg\",\"width\":800,\"height\":454},{\"@type\":\"BreadcrumbList\",\"@id\":\"https:\\\/\\\/agrivalais.ch\\\/de\\\/aktivitaten\\\/geschaftsbericht\\\/#breadcrumb\",\"itemListElement\":[{\"@type\":\"ListItem\",\"position\":1,\"name\":\"Home\",\"item\":\"https:\\\/\\\/agrivalais.ch\\\/de\\\/\"},{\"@type\":\"ListItem\",\"position\":2,\"name\":\"Aktivit\u00e4ten\",\"item\":\"https:\\\/\\\/agrivalais.ch\\\/de\\\/aktivitaten\\\/\"},{\"@type\":\"ListItem\",\"position\":3,\"name\":\"Gesch\u00e4ftsbericht\"}]},{\"@type\":\"WebSite\",\"@id\":\"https:\\\/\\\/agrivalais.ch\\\/#website\",\"url\":\"https:\\\/\\\/agrivalais.ch\\\/\",\"name\":\"Agrivalais\",\"description\":\"Chambre Valaisanne d\u2019Agriculture - Walliser Landwirtschaftskammer\",\"potentialAction\":[{\"@type\":\"SearchAction\",\"target\":{\"@type\":\"EntryPoint\",\"urlTemplate\":\"https:\\\/\\\/agrivalais.ch\\\/?s={search_term_string}\"},\"query-input\":{\"@type\":\"PropertyValueSpecification\",\"valueRequired\":true,\"valueName\":\"search_term_string\"}}],\"inLanguage\":\"de\"}]}<\/script>\n<!-- \/ Yoast SEO plugin. -->","yoast_head_json":{"title":"Gesch\u00e4ftsbericht - Agrivalais","description":"Jedes Jahr publizieren wir einen Bericht \u00fcber die Situation der Landwirtschaft und verschiedene Elemente der Agrarpolitik. Darin finden Sie Zahlen zur","robots":{"index":"index","follow":"follow","max-snippet":"max-snippet:-1","max-image-preview":"max-image-preview:large","max-video-preview":"max-video-preview:-1"},"canonical":"https:\/\/agrivalais.ch\/de\/aktivitaten\/geschaftsbericht\/","og_locale":"de_DE","og_type":"article","og_title":"Gesch\u00e4ftsbericht - Agrivalais","og_description":"Jedes Jahr publizieren wir einen Bericht \u00fcber die Situation der Landwirtschaft und verschiedene Elemente der Agrarpolitik. Darin finden Sie Zahlen zur","og_url":"https:\/\/agrivalais.ch\/de\/aktivitaten\/geschaftsbericht\/","og_site_name":"Agrivalais","article_modified_time":"2025-08-26T08:00:53+00:00","og_image":[{"width":800,"height":454,"url":"https:\/\/agrivalais.ch\/wp-content\/uploads\/2015\/01\/cueillette-abricots.jpg","type":"image\/jpeg"}],"twitter_card":"summary_large_image","twitter_misc":{"Gesch\u00e4tzte Lesezeit":"1\u00a0Minute"},"schema":{"@context":"https:\/\/schema.org","@graph":[{"@type":"WebPage","@id":"https:\/\/agrivalais.ch\/de\/aktivitaten\/geschaftsbericht\/","url":"https:\/\/agrivalais.ch\/de\/aktivitaten\/geschaftsbericht\/","name":"Gesch\u00e4ftsbericht - Agrivalais","isPartOf":{"@id":"https:\/\/agrivalais.ch\/#website"},"primaryImageOfPage":{"@id":"https:\/\/agrivalais.ch\/de\/aktivitaten\/geschaftsbericht\/#primaryimage"},"image":{"@id":"https:\/\/agrivalais.ch\/de\/aktivitaten\/geschaftsbericht\/#primaryimage"},"thumbnailUrl":"https:\/\/agrivalais.ch\/wp-content\/uploads\/2015\/01\/cueillette-abricots.jpg","datePublished":"2014-09-23T11:46:18+00:00","dateModified":"2025-08-26T08:00:53+00:00","description":"Jedes Jahr publizieren wir einen Bericht \u00fcber die Situation der Landwirtschaft und verschiedene Elemente der Agrarpolitik. Darin finden Sie Zahlen zur","breadcrumb":{"@id":"https:\/\/agrivalais.ch\/de\/aktivitaten\/geschaftsbericht\/#breadcrumb"},"inLanguage":"de","potentialAction":[{"@type":"ReadAction","target":["https:\/\/agrivalais.ch\/de\/aktivitaten\/geschaftsbericht\/"]}]},{"@type":"ImageObject","inLanguage":"de","@id":"https:\/\/agrivalais.ch\/de\/aktivitaten\/geschaftsbericht\/#primaryimage","url":"https:\/\/agrivalais.ch\/wp-content\/uploads\/2015\/01\/cueillette-abricots.jpg","contentUrl":"https:\/\/agrivalais.ch\/wp-content\/uploads\/2015\/01\/cueillette-abricots.jpg","width":800,"height":454},{"@type":"BreadcrumbList","@id":"https:\/\/agrivalais.ch\/de\/aktivitaten\/geschaftsbericht\/#breadcrumb","itemListElement":[{"@type":"ListItem","position":1,"name":"Home","item":"https:\/\/agrivalais.ch\/de\/"},{"@type":"ListItem","position":2,"name":"Aktivit\u00e4ten","item":"https:\/\/agrivalais.ch\/de\/aktivitaten\/"},{"@type":"ListItem","position":3,"name":"Gesch\u00e4ftsbericht"}]},{"@type":"WebSite","@id":"https:\/\/agrivalais.ch\/#website","url":"https:\/\/agrivalais.ch\/","name":"Agrivalais","description":"Chambre Valaisanne d\u2019Agriculture - Walliser Landwirtschaftskammer","potentialAction":[{"@type":"SearchAction","target":{"@type":"EntryPoint","urlTemplate":"https:\/\/agrivalais.ch\/?s={search_term_string}"},"query-input":{"@type":"PropertyValueSpecification","valueRequired":true,"valueName":"search_term_string"}}],"inLanguage":"de"}]}},"_links":{"self":[{"href":"https:\/\/agrivalais.ch\/de\/wp-json\/wp\/v2\/pages\/309","targetHints":{"allow":["GET"]}}],"collection":[{"href":"https:\/\/agrivalais.ch\/de\/wp-json\/wp\/v2\/pages"}],"about":[{"href":"https:\/\/agrivalais.ch\/de\/wp-json\/wp\/v2\/types\/page"}],"author":[{"embeddable":true,"href":"https:\/\/agrivalais.ch\/de\/wp-json\/wp\/v2\/users\/1"}],"replies":[{"embeddable":true,"href":"https:\/\/agrivalais.ch\/de\/wp-json\/wp\/v2\/comments?post=309"}],"version-history":[{"count":27,"href":"https:\/\/agrivalais.ch\/de\/wp-json\/wp\/v2\/pages\/309\/revisions"}],"predecessor-version":[{"id":7164,"href":"https:\/\/agrivalais.ch\/de\/wp-json\/wp\/v2\/pages\/309\/revisions\/7164"}],"up":[{"embeddable":true,"href":"https:\/\/agrivalais.ch\/de\/wp-json\/wp\/v2\/pages\/34"}],"wp:featuredmedia":[{"embeddable":true,"href":"https:\/\/agrivalais.ch\/de\/wp-json\/wp\/v2\/media\/871"}],"wp:attachment":[{"href":"https:\/\/agrivalais.ch\/de\/wp-json\/wp\/v2\/media?parent=309"}],"wp:term":[{"taxonomy":"post_tag","embeddable":true,"href":"https:\/\/agrivalais.ch\/de\/wp-json\/wp\/v2\/tags?post=309"}],"curies":[{"name":"wp","href":"https:\/\/api.w.org\/{rel}","templated":true}]}}