{"id":304,"date":"2014-09-23T11:55:24","date_gmt":"2014-09-23T09:55:24","guid":{"rendered":"http:\/\/www.agrivalais.ch\/betreiber\/per-labels\/"},"modified":"2021-04-23T07:25:22","modified_gmt":"2021-04-23T07:25:22","slug":"oln-und-labels","status":"publish","type":"page","link":"https:\/\/agrivalais.ch\/de\/bauern\/oln-und-labels\/","title":{"rendered":"\u00d6LN und Labels"},"content":{"rendered":"<p><strong>Kontakten<\/strong><\/p>\n<p><em>Vitival : Weinbau<\/em><br \/>\nGesch\u00e4ftsf\u00fchrer\u00a0: Daniel Etter<br \/>\nTel : 027 345 40 10<br \/>\nMail : <a href=\"javascript:__wpsk_ASkpTKY7('\\u003e\\u0032\\u003a\\u003d\\u0045\\u0040\\u0069\\u0047\\u003a\\u0045\\u003a\\u0047\\u0032\\u003d\\u006f\\u0032\\u0038\\u0043\\u003a\\u0047\\u0032\\u003d\\u0032\\u003a\\u0044\\u005d\\u0034\\u0039');\">vitival@agrivalais.ch<\/a><br \/>\nInternet\u00a0: <a href=\"http:\/\/www.vitival.ch\/de\/\" target=\"_blank\" rel=\"noopener noreferrer\">www.vitival.ch<\/a><\/p>\n<p>OLK\u00a0:<em> Viehzucht und Ackerbau<\/em><br \/>\nGesch\u00e4ftsf\u00fchrer\/in : Joep van der Poel und Helen Fux<br \/>\nTel : 027 945 15 71<br \/>\nE-mail : <a href=\"javascript:__wpsk_ASkpTKY7('\\u003e\\u0032\\u003a\\u003d\\u0045\\u0040\\u0069\\u0047\\u0036\\u0043\\u0036\\u003a\\u003f\\u006f\\u0040\\u0033\\u0036\\u0043\\u0048\\u0032\\u003d\\u003d\\u003a\\u0044\\u0036\\u0043\\u005c\\u0033\\u0032\\u0046\\u0036\\u0043\\u003f\\u005d\\u0034\\u0039');\">verein@oberwalliser-bauern.ch<\/a><br \/>\nInternet : <a href=\"http:\/\/www.oberwalliser-bauern.ch\/\" target=\"_blank\" rel=\"noopener noreferrer\">www.oberwalliser-bauern.ch<\/a><\/p>\n<p><em>IFELV : Fr\u00fcchte und Gem\u00fcse<\/em><br \/>\nGesch\u00e4ftsf\u00fchrer\u00a0: Olivier Borgeat<br \/>\nTel : 027 345 40 40<br \/>\nMail : <a href=\"javascript:__wpsk_ASkpTKY7('\\u003e\\u0032\\u003a\\u003d\\u0045\\u0040\\u0069\\u003a\\u003f\\u0037\\u0040\\u006f\\u003a\\u0037\\u0036\\u003d\\u0047\\u005d\\u0034\\u0039');\">info@ifelv.ch<\/a><br \/>\nInternet\u00a0: <a href=\"http:\/\/www.ifelv.ch\" target=\"_blank\" rel=\"noopener noreferrer\">www.ifelv.ch<\/a><\/p>\n<p>&nbsp;<\/p>\n<p><strong>Direktzahlungen<\/strong>\u00a0: Informationen, Konzept und Struktur des neuen Direktzahlungssystems\u00a0: <a href=\"https:\/\/www.blw.admin.ch\/blw\/de\/home\/instrumente\/direktzahlungen.html\" target=\"_blank\" rel=\"noopener noreferrer\">www.blw.admin.ch<\/a><\/p>\n<p><strong>Tools zur AP 14-17<\/strong> : Hier haben Sie die M\u00f6glichkeit, Tools zur AP 14-17 herunterzuladen\u00a0: <a href=\"http:\/\/www.focus-ap-pa.ch\/de-de\/tools.aspx\" target=\"_blank\" rel=\"noopener noreferrer\">www.focus-ap-pa.ch<\/a><\/p>\n","protected":false},"excerpt":{"rendered":"<p>Kontakten Vitival : Weinbau Gesch\u00e4ftsf\u00fchrer\u00a0: Daniel Etter Tel : 027 345 40 10 Mail : <span class=\"__wpsk_alkODJ4B\">hc&#x2e;sialavirga&#064;lavitiv<\/span> Internet\u00a0: www.vitival.ch OLK\u00a0: Viehzucht und Ackerbau Gesch\u00e4ftsf\u00fchrer\/in : Joep van der Poel und Helen Fux Tel : 027 945 15 71 E-mail : <span class=\"__wpsk_alkODJ4B\">hc&#x2e;nreuab-resillawrebo&#064;nierev<\/span> Internet : www.oberwalliser-bauern.ch IFELV : Fr\u00fcchte und Gem\u00fcse Gesch\u00e4ftsf\u00fchrer\u00a0: Olivier Borgeat Tel : 027 345 [&hellip;]<\/p>\n","protected":false},"author":1,"featured_media":1007,"parent":49,"menu_order":3,"comment_status":"closed","ping_status":"closed","template":"","meta":{"_acf_changed":false,"footnotes":""},"tags":[],"class_list":["post-304","page","type-page","status-publish","has-post-thumbnail","hentry"],"acf":[],"yoast_head":"<!-- This site is optimized with the Yoast SEO plugin v27.2 - https:\/\/yoast.com\/product\/yoast-seo-wordpress\/ -->\n<title>\u00d6LN und Labels - Agrivalais<\/title>\n<meta name=\"description\" content=\"Kontakten Vitival : Weinbau Gesch\u00e4ftsf\u00fchrer\u00a0: Daniel Etter Tel : 027 345 40 10 Mail : vitival@agrivalais.ch Internet\u00a0: www.vitival.ch OLK\u00a0: Viehzucht und\" \/>\n<meta name=\"robots\" content=\"index, follow, max-snippet:-1, max-image-preview:large, max-video-preview:-1\" \/>\n<link rel=\"canonical\" href=\"https:\/\/agrivalais.ch\/de\/bauern\/oln-und-labels\/\" \/>\n<meta property=\"og:locale\" content=\"de_DE\" \/>\n<meta property=\"og:type\" content=\"article\" \/>\n<meta property=\"og:title\" content=\"\u00d6LN und Labels - Agrivalais\" \/>\n<meta property=\"og:description\" content=\"Kontakten Vitival : Weinbau Gesch\u00e4ftsf\u00fchrer\u00a0: Daniel Etter Tel : 027 345 40 10 Mail : vitival@agrivalais.ch Internet\u00a0: www.vitival.ch OLK\u00a0: Viehzucht und\" \/>\n<meta property=\"og:url\" content=\"https:\/\/agrivalais.ch\/de\/bauern\/oln-und-labels\/\" \/>\n<meta property=\"og:site_name\" content=\"Agrivalais\" \/>\n<meta property=\"article:modified_time\" content=\"2021-04-23T07:25:22+00:00\" \/>\n<meta property=\"og:image\" content=\"https:\/\/agrivalais.ch\/wp-content\/uploads\/2014\/09\/recolte-hysope.jpg\" \/>\n\t<meta property=\"og:image:width\" content=\"899\" \/>\n\t<meta property=\"og:image:height\" content=\"513\" \/>\n\t<meta property=\"og:image:type\" content=\"image\/jpeg\" \/>\n<meta name=\"twitter:card\" content=\"summary_large_image\" \/>\n<script type=\"application\/ld+json\" class=\"yoast-schema-graph\">{\"@context\":\"https:\/\/schema.org\",\"@graph\":[{\"@type\":\"WebPage\",\"@id\":\"https:\/\/agrivalais.ch\/de\/bauern\/oln-und-labels\/\",\"url\":\"https:\/\/agrivalais.ch\/de\/bauern\/oln-und-labels\/\",\"name\":\"\u00d6LN und Labels - Agrivalais\",\"isPartOf\":{\"@id\":\"https:\/\/agrivalais.ch\/#website\"},\"primaryImageOfPage\":{\"@id\":\"https:\/\/agrivalais.ch\/de\/bauern\/oln-und-labels\/#primaryimage\"},\"image\":{\"@id\":\"https:\/\/agrivalais.ch\/de\/bauern\/oln-und-labels\/#primaryimage\"},\"thumbnailUrl\":\"https:\/\/agrivalais.ch\/wp-content\/uploads\/2014\/09\/recolte-hysope.jpg\",\"datePublished\":\"2014-09-23T09:55:24+00:00\",\"dateModified\":\"2021-04-23T07:25:22+00:00\",\"description\":\"Kontakten Vitival : Weinbau Gesch\u00e4ftsf\u00fchrer\u00a0: Daniel Etter Tel : 027 345 40 10 Mail : vitival@agrivalais.ch Internet\u00a0: www.vitival.ch OLK\u00a0: Viehzucht und\",\"breadcrumb\":{\"@id\":\"https:\/\/agrivalais.ch\/de\/bauern\/oln-und-labels\/#breadcrumb\"},\"inLanguage\":\"de\",\"potentialAction\":[{\"@type\":\"ReadAction\",\"target\":[\"https:\/\/agrivalais.ch\/de\/bauern\/oln-und-labels\/\"]}]},{\"@type\":\"ImageObject\",\"inLanguage\":\"de\",\"@id\":\"https:\/\/agrivalais.ch\/de\/bauern\/oln-und-labels\/#primaryimage\",\"url\":\"https:\/\/agrivalais.ch\/wp-content\/uploads\/2014\/09\/recolte-hysope.jpg\",\"contentUrl\":\"https:\/\/agrivalais.ch\/wp-content\/uploads\/2014\/09\/recolte-hysope.jpg\",\"width\":899,\"height\":513},{\"@type\":\"BreadcrumbList\",\"@id\":\"https:\/\/agrivalais.ch\/de\/bauern\/oln-und-labels\/#breadcrumb\",\"itemListElement\":[{\"@type\":\"ListItem\",\"position\":1,\"name\":\"Home\",\"item\":\"https:\/\/agrivalais.ch\/de\/\"},{\"@type\":\"ListItem\",\"position\":2,\"name\":\"Betreiber\",\"item\":\"https:\/\/agrivalais.ch\/de\/bauern\/\"},{\"@type\":\"ListItem\",\"position\":3,\"name\":\"\u00d6LN und Labels\"}]},{\"@type\":\"WebSite\",\"@id\":\"https:\/\/agrivalais.ch\/#website\",\"url\":\"https:\/\/agrivalais.ch\/\",\"name\":\"Agrivalais\",\"description\":\"Chambre Valaisanne d\u2019Agriculture - Walliser Landwirtschaftskammer\",\"potentialAction\":[{\"@type\":\"SearchAction\",\"target\":{\"@type\":\"EntryPoint\",\"urlTemplate\":\"https:\/\/agrivalais.ch\/?s={search_term_string}\"},\"query-input\":{\"@type\":\"PropertyValueSpecification\",\"valueRequired\":true,\"valueName\":\"search_term_string\"}}],\"inLanguage\":\"de\"}]}<\/script>\n<!-- \/ Yoast SEO plugin. -->","yoast_head_json":{"title":"\u00d6LN und Labels - Agrivalais","description":"Kontakten Vitival : Weinbau Gesch\u00e4ftsf\u00fchrer\u00a0: Daniel Etter Tel : 027 345 40 10 Mail : vitival@agrivalais.ch Internet\u00a0: www.vitival.ch OLK\u00a0: Viehzucht und","robots":{"index":"index","follow":"follow","max-snippet":"max-snippet:-1","max-image-preview":"max-image-preview:large","max-video-preview":"max-video-preview:-1"},"canonical":"https:\/\/agrivalais.ch\/de\/bauern\/oln-und-labels\/","og_locale":"de_DE","og_type":"article","og_title":"\u00d6LN und Labels - Agrivalais","og_description":"Kontakten Vitival : Weinbau Gesch\u00e4ftsf\u00fchrer\u00a0: Daniel Etter Tel : 027 345 40 10 Mail : vitival@agrivalais.ch Internet\u00a0: www.vitival.ch OLK\u00a0: Viehzucht und","og_url":"https:\/\/agrivalais.ch\/de\/bauern\/oln-und-labels\/","og_site_name":"Agrivalais","article_modified_time":"2021-04-23T07:25:22+00:00","og_image":[{"width":899,"height":513,"url":"https:\/\/agrivalais.ch\/wp-content\/uploads\/2014\/09\/recolte-hysope.jpg","type":"image\/jpeg"}],"twitter_card":"summary_large_image","schema":{"@context":"https:\/\/schema.org","@graph":[{"@type":"WebPage","@id":"https:\/\/agrivalais.ch\/de\/bauern\/oln-und-labels\/","url":"https:\/\/agrivalais.ch\/de\/bauern\/oln-und-labels\/","name":"\u00d6LN und Labels - Agrivalais","isPartOf":{"@id":"https:\/\/agrivalais.ch\/#website"},"primaryImageOfPage":{"@id":"https:\/\/agrivalais.ch\/de\/bauern\/oln-und-labels\/#primaryimage"},"image":{"@id":"https:\/\/agrivalais.ch\/de\/bauern\/oln-und-labels\/#primaryimage"},"thumbnailUrl":"https:\/\/agrivalais.ch\/wp-content\/uploads\/2014\/09\/recolte-hysope.jpg","datePublished":"2014-09-23T09:55:24+00:00","dateModified":"2021-04-23T07:25:22+00:00","description":"Kontakten Vitival : Weinbau Gesch\u00e4ftsf\u00fchrer\u00a0: Daniel Etter Tel : 027 345 40 10 Mail : vitival@agrivalais.ch Internet\u00a0: www.vitival.ch OLK\u00a0: Viehzucht und","breadcrumb":{"@id":"https:\/\/agrivalais.ch\/de\/bauern\/oln-und-labels\/#breadcrumb"},"inLanguage":"de","potentialAction":[{"@type":"ReadAction","target":["https:\/\/agrivalais.ch\/de\/bauern\/oln-und-labels\/"]}]},{"@type":"ImageObject","inLanguage":"de","@id":"https:\/\/agrivalais.ch\/de\/bauern\/oln-und-labels\/#primaryimage","url":"https:\/\/agrivalais.ch\/wp-content\/uploads\/2014\/09\/recolte-hysope.jpg","contentUrl":"https:\/\/agrivalais.ch\/wp-content\/uploads\/2014\/09\/recolte-hysope.jpg","width":899,"height":513},{"@type":"BreadcrumbList","@id":"https:\/\/agrivalais.ch\/de\/bauern\/oln-und-labels\/#breadcrumb","itemListElement":[{"@type":"ListItem","position":1,"name":"Home","item":"https:\/\/agrivalais.ch\/de\/"},{"@type":"ListItem","position":2,"name":"Betreiber","item":"https:\/\/agrivalais.ch\/de\/bauern\/"},{"@type":"ListItem","position":3,"name":"\u00d6LN und Labels"}]},{"@type":"WebSite","@id":"https:\/\/agrivalais.ch\/#website","url":"https:\/\/agrivalais.ch\/","name":"Agrivalais","description":"Chambre Valaisanne d\u2019Agriculture - Walliser Landwirtschaftskammer","potentialAction":[{"@type":"SearchAction","target":{"@type":"EntryPoint","urlTemplate":"https:\/\/agrivalais.ch\/?s={search_term_string}"},"query-input":{"@type":"PropertyValueSpecification","valueRequired":true,"valueName":"search_term_string"}}],"inLanguage":"de"}]}},"_links":{"self":[{"href":"https:\/\/agrivalais.ch\/de\/wp-json\/wp\/v2\/pages\/304","targetHints":{"allow":["GET"]}}],"collection":[{"href":"https:\/\/agrivalais.ch\/de\/wp-json\/wp\/v2\/pages"}],"about":[{"href":"https:\/\/agrivalais.ch\/de\/wp-json\/wp\/v2\/types\/page"}],"author":[{"embeddable":true,"href":"https:\/\/agrivalais.ch\/de\/wp-json\/wp\/v2\/users\/1"}],"replies":[{"embeddable":true,"href":"https:\/\/agrivalais.ch\/de\/wp-json\/wp\/v2\/comments?post=304"}],"version-history":[{"count":9,"href":"https:\/\/agrivalais.ch\/de\/wp-json\/wp\/v2\/pages\/304\/revisions"}],"predecessor-version":[{"id":5322,"href":"https:\/\/agrivalais.ch\/de\/wp-json\/wp\/v2\/pages\/304\/revisions\/5322"}],"up":[{"embeddable":true,"href":"https:\/\/agrivalais.ch\/de\/wp-json\/wp\/v2\/pages\/49"}],"wp:featuredmedia":[{"embeddable":true,"href":"https:\/\/agrivalais.ch\/de\/wp-json\/wp\/v2\/media\/1007"}],"wp:attachment":[{"href":"https:\/\/agrivalais.ch\/de\/wp-json\/wp\/v2\/media?parent=304"}],"wp:term":[{"taxonomy":"post_tag","embeddable":true,"href":"https:\/\/agrivalais.ch\/de\/wp-json\/wp\/v2\/tags?post=304"}],"curies":[{"name":"wp","href":"https:\/\/api.w.org\/{rel}","templated":true}]}}