{"id":3035,"date":"2014-09-23T11:43:01","date_gmt":"2014-09-23T11:43:01","guid":{"rendered":"http:\/\/www.agrivalais.ch\/?page_id=3035\/"},"modified":"2021-01-26T14:21:26","modified_gmt":"2021-01-26T14:21:26","slug":"leistungen","status":"publish","type":"page","link":"https:\/\/agrivalais.ch\/de\/aktivitaten\/leistungen\/","title":{"rendered":"Leistungen"},"content":{"rendered":"<table id=\"__mce\" border=\"1\" cellpadding=\"5\">\n<tbody>\n<tr>\n<td><\/td>\n<td><strong>Tarif f\u00fcr Mitglieder<\/strong><\/td>\n<td><strong>Tarif f\u00fcr\u00a0 Nicht-Mitglieder<br \/>\n<\/strong><\/td>\n<\/tr>\n<tr>\n<td>L\u00f6hne und Minimaltarife<\/td>\n<td>Kostenlos<\/td>\n<td>Fr. 25.&#8211;<\/td>\n<\/tr>\n<tr>\n<td>Gesamtarbeitsvertrag f\u00fcr die Landwirtschaft<\/td>\n<td>Kostenlos<\/td>\n<td>Fr. 10.&#8211;<\/td>\n<\/tr>\n<tr>\n<td>Arbeitsvertrag f\u00fcr die Kellerarbeiter<\/td>\n<td>Kostenlos<\/td>\n<td>Fr. 10.&#8211;<\/td>\n<\/tr>\n<tr>\n<td>Arbeitsvertrag f\u00fcr das Personal der K\u00e4sereien<\/td>\n<td>Kostenlos<\/td>\n<td>Fr. 10.&#8211;<\/td>\n<\/tr>\n<tr>\n<td>Empfohlene L\u00f6hne f\u00fcr Akkordarbeiten in den Reben<\/td>\n<td>Kostenlos<\/td>\n<td>Fr. 10.&#8211;<\/td>\n<\/tr>\n<tr>\n<td>Richtpreise f\u00fcr die Pacht von Rebbauparzellen, Gem\u00fcsebau, Obstbau, Ackerland, Wiesen und Alpweiden<\/td>\n<td>Kostenlos<\/td>\n<td>Fr. 10.&#8211;\/St\u00fcck<\/td>\n<\/tr>\n<tr>\n<td>Empfehlungen und Richtl\u00f6hne f\u00fcr Alpangestellte<\/td>\n<td>Kostenlos<\/td>\n<td>Fr. 10.&#8211;\/St\u00fcck<\/td>\n<\/tr>\n<tr>\n<td>Pachtvertrag f\u00fcr Landwirtschaftliche Grundst\u00fccke<\/td>\n<td>Kostenlos. Ab 5, Fr. 1.-\/St.<\/td>\n<td>Fr. 10.&#8211;\/St\u00fcck<\/td>\n<\/tr>\n<tr>\n<td>Arbeitsvertrag + Vertrag \u00fcber Pauschalarbeit in den Reben<\/td>\n<td>Kostenlos<\/td>\n<td>Fr. 10.&#8211;\/St\u00fcck<\/td>\n<\/tr>\n<tr>\n<td>Erstellung der Lohnabrechnung<\/td>\n<td>Fr. 10.&#8211; pro Monat und pro Mitarbeitenden<\/td>\n<td>Fr. 20.&#8211; pro Monat und pro Mitarbeitenden<\/td>\n<\/tr>\n<tr>\n<td>Lohnrechnungsblock<\/td>\n<td>Fr. 18.&#8211;<\/td>\n<td>Fr. 28.&#8211;<\/td>\n<\/tr>\n<\/tbody>\n<\/table>\n<p>&nbsp;<\/p>\n","protected":false},"excerpt":{"rendered":"<p>Tarif f\u00fcr Mitglieder Tarif f\u00fcr\u00a0 Nicht-Mitglieder L\u00f6hne und Minimaltarife Kostenlos Fr. 25.&#8211; Gesamtarbeitsvertrag f\u00fcr die Landwirtschaft Kostenlos Fr. 10.&#8211; Arbeitsvertrag f\u00fcr die Kellerarbeiter Kostenlos Fr. 10.&#8211; Arbeitsvertrag f\u00fcr das Personal der K\u00e4sereien Kostenlos Fr. 10.&#8211; Empfohlene L\u00f6hne f\u00fcr Akkordarbeiten in den Reben Kostenlos Fr. 10.&#8211; Richtpreise f\u00fcr die Pacht von Rebbauparzellen, Gem\u00fcsebau, Obstbau, Ackerland, Wiesen [&hellip;]<\/p>\n","protected":false},"author":4,"featured_media":871,"parent":34,"menu_order":4,"comment_status":"closed","ping_status":"open","template":"","meta":{"_acf_changed":false,"footnotes":""},"tags":[],"class_list":["post-3035","page","type-page","status-publish","has-post-thumbnail","hentry"],"acf":[],"yoast_head":"<!-- This site is optimized with the Yoast SEO plugin v27.2 - https:\/\/yoast.com\/product\/yoast-seo-wordpress\/ -->\n<title>Leistungen - Agrivalais<\/title>\n<meta name=\"description\" content=\"Tarif f\u00fcr Mitglieder Tarif f\u00fcr\u00a0 Nicht-Mitglieder L\u00f6hne und Minimaltarife Kostenlos Fr. 25.-- Gesamtarbeitsvertrag f\u00fcr die Landwirtschaft Kostenlos Fr.\" \/>\n<meta name=\"robots\" content=\"index, follow, max-snippet:-1, max-image-preview:large, max-video-preview:-1\" \/>\n<link rel=\"canonical\" href=\"https:\/\/agrivalais.ch\/de\/aktivitaten\/leistungen\/\" \/>\n<meta property=\"og:locale\" content=\"de_DE\" \/>\n<meta property=\"og:type\" content=\"article\" \/>\n<meta property=\"og:title\" content=\"Leistungen - Agrivalais\" \/>\n<meta property=\"og:description\" content=\"Tarif f\u00fcr Mitglieder Tarif f\u00fcr\u00a0 Nicht-Mitglieder L\u00f6hne und Minimaltarife Kostenlos Fr. 25.-- Gesamtarbeitsvertrag f\u00fcr die Landwirtschaft Kostenlos Fr.\" \/>\n<meta property=\"og:url\" content=\"https:\/\/agrivalais.ch\/de\/aktivitaten\/leistungen\/\" \/>\n<meta property=\"og:site_name\" content=\"Agrivalais\" \/>\n<meta property=\"article:modified_time\" content=\"2021-01-26T14:21:26+00:00\" \/>\n<meta property=\"og:image\" content=\"https:\/\/agrivalais.ch\/wp-content\/uploads\/2015\/01\/cueillette-abricots.jpg\" \/>\n\t<meta property=\"og:image:width\" content=\"800\" \/>\n\t<meta property=\"og:image:height\" content=\"454\" \/>\n\t<meta property=\"og:image:type\" content=\"image\/jpeg\" \/>\n<meta name=\"twitter:card\" content=\"summary_large_image\" \/>\n<meta name=\"twitter:label1\" content=\"Gesch\u00e4tzte Lesezeit\" \/>\n\t<meta name=\"twitter:data1\" content=\"1\u00a0Minute\" \/>\n<script type=\"application\/ld+json\" class=\"yoast-schema-graph\">{\"@context\":\"https:\/\/schema.org\",\"@graph\":[{\"@type\":\"WebPage\",\"@id\":\"https:\/\/agrivalais.ch\/de\/aktivitaten\/leistungen\/\",\"url\":\"https:\/\/agrivalais.ch\/de\/aktivitaten\/leistungen\/\",\"name\":\"Leistungen - Agrivalais\",\"isPartOf\":{\"@id\":\"https:\/\/agrivalais.ch\/#website\"},\"primaryImageOfPage\":{\"@id\":\"https:\/\/agrivalais.ch\/de\/aktivitaten\/leistungen\/#primaryimage\"},\"image\":{\"@id\":\"https:\/\/agrivalais.ch\/de\/aktivitaten\/leistungen\/#primaryimage\"},\"thumbnailUrl\":\"https:\/\/agrivalais.ch\/wp-content\/uploads\/2015\/01\/cueillette-abricots.jpg\",\"datePublished\":\"2014-09-23T11:43:01+00:00\",\"dateModified\":\"2021-01-26T14:21:26+00:00\",\"description\":\"Tarif f\u00fcr Mitglieder Tarif f\u00fcr\u00a0 Nicht-Mitglieder L\u00f6hne und Minimaltarife Kostenlos Fr. 25.-- Gesamtarbeitsvertrag f\u00fcr die Landwirtschaft Kostenlos Fr.\",\"breadcrumb\":{\"@id\":\"https:\/\/agrivalais.ch\/de\/aktivitaten\/leistungen\/#breadcrumb\"},\"inLanguage\":\"de\",\"potentialAction\":[{\"@type\":\"ReadAction\",\"target\":[\"https:\/\/agrivalais.ch\/de\/aktivitaten\/leistungen\/\"]}]},{\"@type\":\"ImageObject\",\"inLanguage\":\"de\",\"@id\":\"https:\/\/agrivalais.ch\/de\/aktivitaten\/leistungen\/#primaryimage\",\"url\":\"https:\/\/agrivalais.ch\/wp-content\/uploads\/2015\/01\/cueillette-abricots.jpg\",\"contentUrl\":\"https:\/\/agrivalais.ch\/wp-content\/uploads\/2015\/01\/cueillette-abricots.jpg\",\"width\":800,\"height\":454},{\"@type\":\"BreadcrumbList\",\"@id\":\"https:\/\/agrivalais.ch\/de\/aktivitaten\/leistungen\/#breadcrumb\",\"itemListElement\":[{\"@type\":\"ListItem\",\"position\":1,\"name\":\"Home\",\"item\":\"https:\/\/agrivalais.ch\/de\/\"},{\"@type\":\"ListItem\",\"position\":2,\"name\":\"Aktivit\u00e4ten\",\"item\":\"https:\/\/agrivalais.ch\/de\/aktivitaten\/\"},{\"@type\":\"ListItem\",\"position\":3,\"name\":\"Leistungen\"}]},{\"@type\":\"WebSite\",\"@id\":\"https:\/\/agrivalais.ch\/#website\",\"url\":\"https:\/\/agrivalais.ch\/\",\"name\":\"Agrivalais\",\"description\":\"Chambre Valaisanne d\u2019Agriculture - Walliser Landwirtschaftskammer\",\"potentialAction\":[{\"@type\":\"SearchAction\",\"target\":{\"@type\":\"EntryPoint\",\"urlTemplate\":\"https:\/\/agrivalais.ch\/?s={search_term_string}\"},\"query-input\":{\"@type\":\"PropertyValueSpecification\",\"valueRequired\":true,\"valueName\":\"search_term_string\"}}],\"inLanguage\":\"de\"}]}<\/script>\n<!-- \/ Yoast SEO plugin. -->","yoast_head_json":{"title":"Leistungen - Agrivalais","description":"Tarif f\u00fcr Mitglieder Tarif f\u00fcr\u00a0 Nicht-Mitglieder L\u00f6hne und Minimaltarife Kostenlos Fr. 25.-- Gesamtarbeitsvertrag f\u00fcr die Landwirtschaft Kostenlos Fr.","robots":{"index":"index","follow":"follow","max-snippet":"max-snippet:-1","max-image-preview":"max-image-preview:large","max-video-preview":"max-video-preview:-1"},"canonical":"https:\/\/agrivalais.ch\/de\/aktivitaten\/leistungen\/","og_locale":"de_DE","og_type":"article","og_title":"Leistungen - Agrivalais","og_description":"Tarif f\u00fcr Mitglieder Tarif f\u00fcr\u00a0 Nicht-Mitglieder L\u00f6hne und Minimaltarife Kostenlos Fr. 25.-- Gesamtarbeitsvertrag f\u00fcr die Landwirtschaft Kostenlos Fr.","og_url":"https:\/\/agrivalais.ch\/de\/aktivitaten\/leistungen\/","og_site_name":"Agrivalais","article_modified_time":"2021-01-26T14:21:26+00:00","og_image":[{"width":800,"height":454,"url":"https:\/\/agrivalais.ch\/wp-content\/uploads\/2015\/01\/cueillette-abricots.jpg","type":"image\/jpeg"}],"twitter_card":"summary_large_image","twitter_misc":{"Gesch\u00e4tzte Lesezeit":"1\u00a0Minute"},"schema":{"@context":"https:\/\/schema.org","@graph":[{"@type":"WebPage","@id":"https:\/\/agrivalais.ch\/de\/aktivitaten\/leistungen\/","url":"https:\/\/agrivalais.ch\/de\/aktivitaten\/leistungen\/","name":"Leistungen - Agrivalais","isPartOf":{"@id":"https:\/\/agrivalais.ch\/#website"},"primaryImageOfPage":{"@id":"https:\/\/agrivalais.ch\/de\/aktivitaten\/leistungen\/#primaryimage"},"image":{"@id":"https:\/\/agrivalais.ch\/de\/aktivitaten\/leistungen\/#primaryimage"},"thumbnailUrl":"https:\/\/agrivalais.ch\/wp-content\/uploads\/2015\/01\/cueillette-abricots.jpg","datePublished":"2014-09-23T11:43:01+00:00","dateModified":"2021-01-26T14:21:26+00:00","description":"Tarif f\u00fcr Mitglieder Tarif f\u00fcr\u00a0 Nicht-Mitglieder L\u00f6hne und Minimaltarife Kostenlos Fr. 25.-- Gesamtarbeitsvertrag f\u00fcr die Landwirtschaft Kostenlos Fr.","breadcrumb":{"@id":"https:\/\/agrivalais.ch\/de\/aktivitaten\/leistungen\/#breadcrumb"},"inLanguage":"de","potentialAction":[{"@type":"ReadAction","target":["https:\/\/agrivalais.ch\/de\/aktivitaten\/leistungen\/"]}]},{"@type":"ImageObject","inLanguage":"de","@id":"https:\/\/agrivalais.ch\/de\/aktivitaten\/leistungen\/#primaryimage","url":"https:\/\/agrivalais.ch\/wp-content\/uploads\/2015\/01\/cueillette-abricots.jpg","contentUrl":"https:\/\/agrivalais.ch\/wp-content\/uploads\/2015\/01\/cueillette-abricots.jpg","width":800,"height":454},{"@type":"BreadcrumbList","@id":"https:\/\/agrivalais.ch\/de\/aktivitaten\/leistungen\/#breadcrumb","itemListElement":[{"@type":"ListItem","position":1,"name":"Home","item":"https:\/\/agrivalais.ch\/de\/"},{"@type":"ListItem","position":2,"name":"Aktivit\u00e4ten","item":"https:\/\/agrivalais.ch\/de\/aktivitaten\/"},{"@type":"ListItem","position":3,"name":"Leistungen"}]},{"@type":"WebSite","@id":"https:\/\/agrivalais.ch\/#website","url":"https:\/\/agrivalais.ch\/","name":"Agrivalais","description":"Chambre Valaisanne d\u2019Agriculture - Walliser Landwirtschaftskammer","potentialAction":[{"@type":"SearchAction","target":{"@type":"EntryPoint","urlTemplate":"https:\/\/agrivalais.ch\/?s={search_term_string}"},"query-input":{"@type":"PropertyValueSpecification","valueRequired":true,"valueName":"search_term_string"}}],"inLanguage":"de"}]}},"_links":{"self":[{"href":"https:\/\/agrivalais.ch\/de\/wp-json\/wp\/v2\/pages\/3035","targetHints":{"allow":["GET"]}}],"collection":[{"href":"https:\/\/agrivalais.ch\/de\/wp-json\/wp\/v2\/pages"}],"about":[{"href":"https:\/\/agrivalais.ch\/de\/wp-json\/wp\/v2\/types\/page"}],"author":[{"embeddable":true,"href":"https:\/\/agrivalais.ch\/de\/wp-json\/wp\/v2\/users\/4"}],"replies":[{"embeddable":true,"href":"https:\/\/agrivalais.ch\/de\/wp-json\/wp\/v2\/comments?post=3035"}],"version-history":[{"count":5,"href":"https:\/\/agrivalais.ch\/de\/wp-json\/wp\/v2\/pages\/3035\/revisions"}],"predecessor-version":[{"id":5129,"href":"https:\/\/agrivalais.ch\/de\/wp-json\/wp\/v2\/pages\/3035\/revisions\/5129"}],"up":[{"embeddable":true,"href":"https:\/\/agrivalais.ch\/de\/wp-json\/wp\/v2\/pages\/34"}],"wp:featuredmedia":[{"embeddable":true,"href":"https:\/\/agrivalais.ch\/de\/wp-json\/wp\/v2\/media\/871"}],"wp:attachment":[{"href":"https:\/\/agrivalais.ch\/de\/wp-json\/wp\/v2\/media?parent=3035"}],"wp:term":[{"taxonomy":"post_tag","embeddable":true,"href":"https:\/\/agrivalais.ch\/de\/wp-json\/wp\/v2\/tags?post=3035"}],"curies":[{"name":"wp","href":"https:\/\/api.w.org\/{rel}","templated":true}]}}