{"id":301,"date":"2014-09-23T11:57:06","date_gmt":"2014-09-23T09:57:06","guid":{"rendered":"http:\/\/www.agrivalais.ch\/betreiber\/lpp\/"},"modified":"2026-02-12T08:30:47","modified_gmt":"2026-02-12T07:30:47","slug":"vorsorgestiftung","status":"publish","type":"page","link":"https:\/\/agrivalais.ch\/de\/bauern\/vorsorgestiftung\/","title":{"rendered":"Vorsorgestiftung"},"content":{"rendered":"<p>Die WLK verwaltet eine Altersvorsorge der Walliser Landwirtschaft um die Anforderungen der II. S\u00e4ule gem\u00e4ss dem Bundesgesetz \u00fcber die berufliche Alters-, Hinterlassenen- und Invalidenvorsorge zu erf\u00fcllen.<\/p>\n<p>\u00d6ffnungszeiten : Dienstag, Donnerstag und Freitag, 8.00-12.00 Uhr<\/p>\n<p>Tel : 027 345 40 60<\/p>\n<p>E-mail: <a href=\"javascript:__wpsk_BXHjIJi8('\\u003e\\u0032\\u003a\\u003d\\u0045\\u0040\\u0069\\u003d\\u0041\\u0041\\u006f\\u0032\\u0038\\u0043\\u003a\\u0047\\u0032\\u003d\\u0032\\u003a\\u0044\\u005d\\u0034\\u0039');\">lpp@agrivalais.ch<\/a><\/p>\n<p><strong>Informationen und Dokumenten:<\/strong><\/p>\n<p><a href=\"http:\/\/www.admin.ch\/opc\/de\/classified-compilation\/19840067\/index.html\" target=\"_blank\" rel=\"noopener noreferrer\">831.441.1<\/a> Verordnung \u00fcber die berufliche Alters-, Hinterlassenen- und Invalidenvorsorge, <em>Art. 1k <\/em><em>Befristet angestellte Arbeitnehmer<\/em><\/p>\n<ul>\n<li><a href=\"https:\/\/agrivalais.ch\/wp-content\/uploads\/2025\/02\/MEMENTO-ALLEMAND-2024.pdf\">Merkblatt f\u00fcr den Arbeitgeber<\/a><\/li>\n<li><a href=\"https:\/\/agrivalais.ch\/wp-content\/uploads\/2025\/02\/frais-procedures-en-allemand.12.2024.pdf\">Verwaltungskostent<\/a><\/li>\n<li><a href=\"https:\/\/agrivalais.ch\/wp-content\/uploads\/2024\/01\/CONTRAT-daffiliation-en-allemand-1.pdf\">Anschluss-Vereinbarung<\/a><\/li>\n<li><a href=\"https:\/\/agrivalais.ch\/wp-content\/uploads\/2026\/02\/Tabelle-der-Beitrage-2026.pdf\">Tabelle der Beitr\u00e4ge 2026<\/a><\/li>\n<li><a href=\"https:\/\/agrivalais.ch\/wp-content\/uploads\/2022\/01\/AVIS-DENTREE-deutsch.pdf\" target=\"_blank\" rel=\"noopener noreferrer\">Neueintritt<\/a><\/li>\n<li><a href=\"https:\/\/agrivalais.ch\/wp-content\/uploads\/2025\/02\/AVIS-DE-SORTIE-2024-ALLEMAND.pdf\">Austrittserkl\u00e4rung<\/a><\/li>\n<li><a href=\"https:\/\/agrivalais.ch\/wp-content\/uploads\/2026\/02\/LOHNLISTE-indicative.pdf\">LOHNLISTE <\/a><\/li>\n<\/ul>\n","protected":false},"excerpt":{"rendered":"<p>Die WLK verwaltet eine Altersvorsorge der Walliser Landwirtschaft um die Anforderungen der II. S\u00e4ule gem\u00e4ss dem Bundesgesetz \u00fcber die berufliche Alters-, Hinterlassenen- und Invalidenvorsorge zu erf\u00fcllen. \u00d6ffnungszeiten : Dienstag, Donnerstag und Freitag, 8.00-12.00 Uhr Tel : 027 345 40 60 E-mail: <span class=\"__wpsk_txxuxFuH\">hc&#x2e;sialavirga&#064;ppl<\/span> Informationen und Dokumenten: 831.441.1 Verordnung \u00fcber die berufliche Alters-, Hinterlassenen- und Invalidenvorsorge, Art. [&hellip;]<\/p>\n","protected":false},"author":1,"featured_media":1007,"parent":49,"menu_order":5,"comment_status":"closed","ping_status":"closed","template":"","meta":{"_acf_changed":false,"footnotes":""},"tags":[],"class_list":["post-301","page","type-page","status-publish","has-post-thumbnail","hentry"],"acf":[],"yoast_head":"<!-- This site is optimized with the Yoast SEO plugin v27.4 - https:\/\/yoast.com\/product\/yoast-seo-wordpress\/ -->\n<title>Vorsorgestiftung - Agrivalais<\/title>\n<meta name=\"description\" content=\"Die WLK verwaltet eine Altersvorsorge der Walliser Landwirtschaft um die Anforderungen der II. S\u00e4ule gem\u00e4ss dem Bundesgesetz \u00fcber die berufliche Alters-,\" \/>\n<meta name=\"robots\" content=\"index, follow, max-snippet:-1, max-image-preview:large, max-video-preview:-1\" \/>\n<link rel=\"canonical\" href=\"https:\/\/agrivalais.ch\/de\/bauern\/vorsorgestiftung\/\" \/>\n<meta property=\"og:locale\" content=\"de_DE\" \/>\n<meta property=\"og:type\" content=\"article\" \/>\n<meta property=\"og:title\" content=\"Vorsorgestiftung - Agrivalais\" \/>\n<meta property=\"og:description\" content=\"Die WLK verwaltet eine Altersvorsorge der Walliser Landwirtschaft um die Anforderungen der II. S\u00e4ule gem\u00e4ss dem Bundesgesetz \u00fcber die berufliche Alters-,\" \/>\n<meta property=\"og:url\" content=\"https:\/\/agrivalais.ch\/de\/bauern\/vorsorgestiftung\/\" \/>\n<meta property=\"og:site_name\" content=\"Agrivalais\" \/>\n<meta property=\"article:modified_time\" content=\"2026-02-12T07:30:47+00:00\" \/>\n<meta property=\"og:image\" content=\"https:\/\/agrivalais.ch\/wp-content\/uploads\/2014\/09\/recolte-hysope.jpg\" \/>\n\t<meta property=\"og:image:width\" content=\"899\" \/>\n\t<meta property=\"og:image:height\" content=\"513\" \/>\n\t<meta property=\"og:image:type\" content=\"image\/jpeg\" \/>\n<meta name=\"twitter:card\" content=\"summary_large_image\" \/>\n<meta name=\"twitter:label1\" content=\"Gesch\u00e4tzte Lesezeit\" \/>\n\t<meta name=\"twitter:data1\" content=\"1\u00a0Minute\" \/>\n<script type=\"application\/ld+json\" class=\"yoast-schema-graph\">{\"@context\":\"https:\\\/\\\/schema.org\",\"@graph\":[{\"@type\":\"WebPage\",\"@id\":\"https:\\\/\\\/agrivalais.ch\\\/de\\\/bauern\\\/vorsorgestiftung\\\/\",\"url\":\"https:\\\/\\\/agrivalais.ch\\\/de\\\/bauern\\\/vorsorgestiftung\\\/\",\"name\":\"Vorsorgestiftung - Agrivalais\",\"isPartOf\":{\"@id\":\"https:\\\/\\\/agrivalais.ch\\\/#website\"},\"primaryImageOfPage\":{\"@id\":\"https:\\\/\\\/agrivalais.ch\\\/de\\\/bauern\\\/vorsorgestiftung\\\/#primaryimage\"},\"image\":{\"@id\":\"https:\\\/\\\/agrivalais.ch\\\/de\\\/bauern\\\/vorsorgestiftung\\\/#primaryimage\"},\"thumbnailUrl\":\"https:\\\/\\\/agrivalais.ch\\\/wp-content\\\/uploads\\\/2014\\\/09\\\/recolte-hysope.jpg\",\"datePublished\":\"2014-09-23T09:57:06+00:00\",\"dateModified\":\"2026-02-12T07:30:47+00:00\",\"description\":\"Die WLK verwaltet eine Altersvorsorge der Walliser Landwirtschaft um die Anforderungen der II. S\u00e4ule gem\u00e4ss dem Bundesgesetz \u00fcber die berufliche Alters-,\",\"breadcrumb\":{\"@id\":\"https:\\\/\\\/agrivalais.ch\\\/de\\\/bauern\\\/vorsorgestiftung\\\/#breadcrumb\"},\"inLanguage\":\"de\",\"potentialAction\":[{\"@type\":\"ReadAction\",\"target\":[\"https:\\\/\\\/agrivalais.ch\\\/de\\\/bauern\\\/vorsorgestiftung\\\/\"]}]},{\"@type\":\"ImageObject\",\"inLanguage\":\"de\",\"@id\":\"https:\\\/\\\/agrivalais.ch\\\/de\\\/bauern\\\/vorsorgestiftung\\\/#primaryimage\",\"url\":\"https:\\\/\\\/agrivalais.ch\\\/wp-content\\\/uploads\\\/2014\\\/09\\\/recolte-hysope.jpg\",\"contentUrl\":\"https:\\\/\\\/agrivalais.ch\\\/wp-content\\\/uploads\\\/2014\\\/09\\\/recolte-hysope.jpg\",\"width\":899,\"height\":513},{\"@type\":\"BreadcrumbList\",\"@id\":\"https:\\\/\\\/agrivalais.ch\\\/de\\\/bauern\\\/vorsorgestiftung\\\/#breadcrumb\",\"itemListElement\":[{\"@type\":\"ListItem\",\"position\":1,\"name\":\"Home\",\"item\":\"https:\\\/\\\/agrivalais.ch\\\/de\\\/\"},{\"@type\":\"ListItem\",\"position\":2,\"name\":\"Betreiber\",\"item\":\"https:\\\/\\\/agrivalais.ch\\\/de\\\/bauern\\\/\"},{\"@type\":\"ListItem\",\"position\":3,\"name\":\"Vorsorgestiftung\"}]},{\"@type\":\"WebSite\",\"@id\":\"https:\\\/\\\/agrivalais.ch\\\/#website\",\"url\":\"https:\\\/\\\/agrivalais.ch\\\/\",\"name\":\"Agrivalais\",\"description\":\"Chambre Valaisanne d\u2019Agriculture - Walliser Landwirtschaftskammer\",\"potentialAction\":[{\"@type\":\"SearchAction\",\"target\":{\"@type\":\"EntryPoint\",\"urlTemplate\":\"https:\\\/\\\/agrivalais.ch\\\/?s={search_term_string}\"},\"query-input\":{\"@type\":\"PropertyValueSpecification\",\"valueRequired\":true,\"valueName\":\"search_term_string\"}}],\"inLanguage\":\"de\"}]}<\/script>\n<!-- \/ Yoast SEO plugin. -->","yoast_head_json":{"title":"Vorsorgestiftung - Agrivalais","description":"Die WLK verwaltet eine Altersvorsorge der Walliser Landwirtschaft um die Anforderungen der II. S\u00e4ule gem\u00e4ss dem Bundesgesetz \u00fcber die berufliche Alters-,","robots":{"index":"index","follow":"follow","max-snippet":"max-snippet:-1","max-image-preview":"max-image-preview:large","max-video-preview":"max-video-preview:-1"},"canonical":"https:\/\/agrivalais.ch\/de\/bauern\/vorsorgestiftung\/","og_locale":"de_DE","og_type":"article","og_title":"Vorsorgestiftung - Agrivalais","og_description":"Die WLK verwaltet eine Altersvorsorge der Walliser Landwirtschaft um die Anforderungen der II. S\u00e4ule gem\u00e4ss dem Bundesgesetz \u00fcber die berufliche Alters-,","og_url":"https:\/\/agrivalais.ch\/de\/bauern\/vorsorgestiftung\/","og_site_name":"Agrivalais","article_modified_time":"2026-02-12T07:30:47+00:00","og_image":[{"width":899,"height":513,"url":"https:\/\/agrivalais.ch\/wp-content\/uploads\/2014\/09\/recolte-hysope.jpg","type":"image\/jpeg"}],"twitter_card":"summary_large_image","twitter_misc":{"Gesch\u00e4tzte Lesezeit":"1\u00a0Minute"},"schema":{"@context":"https:\/\/schema.org","@graph":[{"@type":"WebPage","@id":"https:\/\/agrivalais.ch\/de\/bauern\/vorsorgestiftung\/","url":"https:\/\/agrivalais.ch\/de\/bauern\/vorsorgestiftung\/","name":"Vorsorgestiftung - Agrivalais","isPartOf":{"@id":"https:\/\/agrivalais.ch\/#website"},"primaryImageOfPage":{"@id":"https:\/\/agrivalais.ch\/de\/bauern\/vorsorgestiftung\/#primaryimage"},"image":{"@id":"https:\/\/agrivalais.ch\/de\/bauern\/vorsorgestiftung\/#primaryimage"},"thumbnailUrl":"https:\/\/agrivalais.ch\/wp-content\/uploads\/2014\/09\/recolte-hysope.jpg","datePublished":"2014-09-23T09:57:06+00:00","dateModified":"2026-02-12T07:30:47+00:00","description":"Die WLK verwaltet eine Altersvorsorge der Walliser Landwirtschaft um die Anforderungen der II. S\u00e4ule gem\u00e4ss dem Bundesgesetz \u00fcber die berufliche Alters-,","breadcrumb":{"@id":"https:\/\/agrivalais.ch\/de\/bauern\/vorsorgestiftung\/#breadcrumb"},"inLanguage":"de","potentialAction":[{"@type":"ReadAction","target":["https:\/\/agrivalais.ch\/de\/bauern\/vorsorgestiftung\/"]}]},{"@type":"ImageObject","inLanguage":"de","@id":"https:\/\/agrivalais.ch\/de\/bauern\/vorsorgestiftung\/#primaryimage","url":"https:\/\/agrivalais.ch\/wp-content\/uploads\/2014\/09\/recolte-hysope.jpg","contentUrl":"https:\/\/agrivalais.ch\/wp-content\/uploads\/2014\/09\/recolte-hysope.jpg","width":899,"height":513},{"@type":"BreadcrumbList","@id":"https:\/\/agrivalais.ch\/de\/bauern\/vorsorgestiftung\/#breadcrumb","itemListElement":[{"@type":"ListItem","position":1,"name":"Home","item":"https:\/\/agrivalais.ch\/de\/"},{"@type":"ListItem","position":2,"name":"Betreiber","item":"https:\/\/agrivalais.ch\/de\/bauern\/"},{"@type":"ListItem","position":3,"name":"Vorsorgestiftung"}]},{"@type":"WebSite","@id":"https:\/\/agrivalais.ch\/#website","url":"https:\/\/agrivalais.ch\/","name":"Agrivalais","description":"Chambre Valaisanne d\u2019Agriculture - Walliser Landwirtschaftskammer","potentialAction":[{"@type":"SearchAction","target":{"@type":"EntryPoint","urlTemplate":"https:\/\/agrivalais.ch\/?s={search_term_string}"},"query-input":{"@type":"PropertyValueSpecification","valueRequired":true,"valueName":"search_term_string"}}],"inLanguage":"de"}]}},"_links":{"self":[{"href":"https:\/\/agrivalais.ch\/de\/wp-json\/wp\/v2\/pages\/301","targetHints":{"allow":["GET"]}}],"collection":[{"href":"https:\/\/agrivalais.ch\/de\/wp-json\/wp\/v2\/pages"}],"about":[{"href":"https:\/\/agrivalais.ch\/de\/wp-json\/wp\/v2\/types\/page"}],"author":[{"embeddable":true,"href":"https:\/\/agrivalais.ch\/de\/wp-json\/wp\/v2\/users\/1"}],"replies":[{"embeddable":true,"href":"https:\/\/agrivalais.ch\/de\/wp-json\/wp\/v2\/comments?post=301"}],"version-history":[{"count":23,"href":"https:\/\/agrivalais.ch\/de\/wp-json\/wp\/v2\/pages\/301\/revisions"}],"predecessor-version":[{"id":7467,"href":"https:\/\/agrivalais.ch\/de\/wp-json\/wp\/v2\/pages\/301\/revisions\/7467"}],"up":[{"embeddable":true,"href":"https:\/\/agrivalais.ch\/de\/wp-json\/wp\/v2\/pages\/49"}],"wp:featuredmedia":[{"embeddable":true,"href":"https:\/\/agrivalais.ch\/de\/wp-json\/wp\/v2\/media\/1007"}],"wp:attachment":[{"href":"https:\/\/agrivalais.ch\/de\/wp-json\/wp\/v2\/media?parent=301"}],"wp:term":[{"taxonomy":"post_tag","embeddable":true,"href":"https:\/\/agrivalais.ch\/de\/wp-json\/wp\/v2\/tags?post=301"}],"curies":[{"name":"wp","href":"https:\/\/api.w.org\/{rel}","templated":true}]}}