{"id":298,"date":"2014-09-23T12:01:36","date_gmt":"2014-09-23T10:01:36","guid":{"rendered":"http:\/\/www.agrivalais.ch\/betreiber\/liens-utiles\/"},"modified":"2020-03-16T10:33:55","modified_gmt":"2020-03-16T10:33:55","slug":"berufliche-links","status":"publish","type":"page","link":"https:\/\/agrivalais.ch\/de\/wlk-mitglieder\/berufliche-links\/","title":{"rendered":"Berufliche Links"},"content":{"rendered":"<div class=\"members-access-error\">Melden Sie sich mit Ihrem Login und Passwort an<\/div>\n","protected":false},"excerpt":{"rendered":"<div class=\"members-access-error\">Melden Sie sich mit Ihrem Login und Passwort an<\/div>\n","protected":false},"author":1,"featured_media":3323,"parent":37,"menu_order":8,"comment_status":"closed","ping_status":"closed","template":"","meta":{"_acf_changed":false,"footnotes":""},"tags":[],"class_list":["post-298","page","type-page","status-publish","has-post-thumbnail","hentry"],"acf":[],"yoast_head":"<!-- This site is optimized with the Yoast SEO plugin v27.2 - https:\/\/yoast.com\/product\/yoast-seo-wordpress\/ -->\n<title>Berufliche Links - Agrivalais<\/title>\n<meta name=\"description\" content=\"Landwirtschaft BLW Bundesamt f\u00fcr Landwirtschaft Direktzahlungen Bundesamt f\u00fcr Landwirtschaft SBV Schweizer Bauernverband Agroscope Forschung f\u00fcr\" \/>\n<meta name=\"robots\" content=\"index, follow, max-snippet:-1, max-image-preview:large, max-video-preview:-1\" \/>\n<link rel=\"canonical\" href=\"https:\/\/agrivalais.ch\/de\/wlk-mitglieder\/berufliche-links\/\" \/>\n<meta property=\"og:locale\" content=\"de_DE\" \/>\n<meta property=\"og:type\" content=\"article\" \/>\n<meta property=\"og:title\" content=\"Berufliche Links - Agrivalais\" \/>\n<meta property=\"og:description\" content=\"Landwirtschaft BLW Bundesamt f\u00fcr Landwirtschaft Direktzahlungen Bundesamt f\u00fcr Landwirtschaft SBV Schweizer Bauernverband Agroscope Forschung f\u00fcr\" \/>\n<meta property=\"og:url\" content=\"https:\/\/agrivalais.ch\/de\/wlk-mitglieder\/berufliche-links\/\" \/>\n<meta property=\"og:site_name\" content=\"Agrivalais\" \/>\n<meta property=\"article:modified_time\" content=\"2020-03-16T10:33:55+00:00\" \/>\n<meta property=\"og:image\" content=\"https:\/\/agrivalais.ch\/wp-content\/uploads\/2018\/10\/IMG_1993_r\u00e9duit.jpg\" \/>\n\t<meta property=\"og:image:width\" content=\"699\" \/>\n\t<meta property=\"og:image:height\" content=\"466\" \/>\n\t<meta property=\"og:image:type\" content=\"image\/jpeg\" \/>\n<meta name=\"twitter:card\" content=\"summary_large_image\" \/>\n<meta name=\"twitter:label1\" content=\"Gesch\u00e4tzte Lesezeit\" \/>\n\t<meta name=\"twitter:data1\" content=\"1\u00a0Minute\" \/>\n<script type=\"application\/ld+json\" class=\"yoast-schema-graph\">{\"@context\":\"https:\/\/schema.org\",\"@graph\":[{\"@type\":\"WebPage\",\"@id\":\"https:\/\/agrivalais.ch\/de\/wlk-mitglieder\/berufliche-links\/\",\"url\":\"https:\/\/agrivalais.ch\/de\/wlk-mitglieder\/berufliche-links\/\",\"name\":\"Berufliche Links - Agrivalais\",\"isPartOf\":{\"@id\":\"https:\/\/agrivalais.ch\/#website\"},\"primaryImageOfPage\":{\"@id\":\"https:\/\/agrivalais.ch\/de\/wlk-mitglieder\/berufliche-links\/#primaryimage\"},\"image\":{\"@id\":\"https:\/\/agrivalais.ch\/de\/wlk-mitglieder\/berufliche-links\/#primaryimage\"},\"thumbnailUrl\":\"https:\/\/agrivalais.ch\/wp-content\/uploads\/2018\/10\/IMG_1993_r\u00e9duit.jpg\",\"datePublished\":\"2014-09-23T10:01:36+00:00\",\"dateModified\":\"2020-03-16T10:33:55+00:00\",\"description\":\"Landwirtschaft BLW Bundesamt f\u00fcr Landwirtschaft Direktzahlungen Bundesamt f\u00fcr Landwirtschaft SBV Schweizer Bauernverband Agroscope Forschung f\u00fcr\",\"breadcrumb\":{\"@id\":\"https:\/\/agrivalais.ch\/de\/wlk-mitglieder\/berufliche-links\/#breadcrumb\"},\"inLanguage\":\"de\",\"potentialAction\":[{\"@type\":\"ReadAction\",\"target\":[\"https:\/\/agrivalais.ch\/de\/wlk-mitglieder\/berufliche-links\/\"]}]},{\"@type\":\"ImageObject\",\"inLanguage\":\"de\",\"@id\":\"https:\/\/agrivalais.ch\/de\/wlk-mitglieder\/berufliche-links\/#primaryimage\",\"url\":\"https:\/\/agrivalais.ch\/wp-content\/uploads\/2018\/10\/IMG_1993_r\u00e9duit.jpg\",\"contentUrl\":\"https:\/\/agrivalais.ch\/wp-content\/uploads\/2018\/10\/IMG_1993_r\u00e9duit.jpg\",\"width\":699,\"height\":466},{\"@type\":\"BreadcrumbList\",\"@id\":\"https:\/\/agrivalais.ch\/de\/wlk-mitglieder\/berufliche-links\/#breadcrumb\",\"itemListElement\":[{\"@type\":\"ListItem\",\"position\":1,\"name\":\"Home\",\"item\":\"https:\/\/agrivalais.ch\/de\/\"},{\"@type\":\"ListItem\",\"position\":2,\"name\":\"WLK Mitglieder\",\"item\":\"https:\/\/agrivalais.ch\/de\/wlk-mitglieder\/\"},{\"@type\":\"ListItem\",\"position\":3,\"name\":\"Berufliche Links\"}]},{\"@type\":\"WebSite\",\"@id\":\"https:\/\/agrivalais.ch\/#website\",\"url\":\"https:\/\/agrivalais.ch\/\",\"name\":\"Agrivalais\",\"description\":\"Chambre Valaisanne d\u2019Agriculture - Walliser Landwirtschaftskammer\",\"potentialAction\":[{\"@type\":\"SearchAction\",\"target\":{\"@type\":\"EntryPoint\",\"urlTemplate\":\"https:\/\/agrivalais.ch\/?s={search_term_string}\"},\"query-input\":{\"@type\":\"PropertyValueSpecification\",\"valueRequired\":true,\"valueName\":\"search_term_string\"}}],\"inLanguage\":\"de\"}]}<\/script>\n<!-- \/ Yoast SEO plugin. -->","yoast_head_json":{"title":"Berufliche Links - Agrivalais","description":"Landwirtschaft BLW Bundesamt f\u00fcr Landwirtschaft Direktzahlungen Bundesamt f\u00fcr Landwirtschaft SBV Schweizer Bauernverband Agroscope Forschung f\u00fcr","robots":{"index":"index","follow":"follow","max-snippet":"max-snippet:-1","max-image-preview":"max-image-preview:large","max-video-preview":"max-video-preview:-1"},"canonical":"https:\/\/agrivalais.ch\/de\/wlk-mitglieder\/berufliche-links\/","og_locale":"de_DE","og_type":"article","og_title":"Berufliche Links - Agrivalais","og_description":"Landwirtschaft BLW Bundesamt f\u00fcr Landwirtschaft Direktzahlungen Bundesamt f\u00fcr Landwirtschaft SBV Schweizer Bauernverband Agroscope Forschung f\u00fcr","og_url":"https:\/\/agrivalais.ch\/de\/wlk-mitglieder\/berufliche-links\/","og_site_name":"Agrivalais","article_modified_time":"2020-03-16T10:33:55+00:00","og_image":[{"width":699,"height":466,"url":"https:\/\/agrivalais.ch\/wp-content\/uploads\/2018\/10\/IMG_1993_r\u00e9duit.jpg","type":"image\/jpeg"}],"twitter_card":"summary_large_image","twitter_misc":{"Gesch\u00e4tzte Lesezeit":"1\u00a0Minute"},"schema":{"@context":"https:\/\/schema.org","@graph":[{"@type":"WebPage","@id":"https:\/\/agrivalais.ch\/de\/wlk-mitglieder\/berufliche-links\/","url":"https:\/\/agrivalais.ch\/de\/wlk-mitglieder\/berufliche-links\/","name":"Berufliche Links - Agrivalais","isPartOf":{"@id":"https:\/\/agrivalais.ch\/#website"},"primaryImageOfPage":{"@id":"https:\/\/agrivalais.ch\/de\/wlk-mitglieder\/berufliche-links\/#primaryimage"},"image":{"@id":"https:\/\/agrivalais.ch\/de\/wlk-mitglieder\/berufliche-links\/#primaryimage"},"thumbnailUrl":"https:\/\/agrivalais.ch\/wp-content\/uploads\/2018\/10\/IMG_1993_r\u00e9duit.jpg","datePublished":"2014-09-23T10:01:36+00:00","dateModified":"2020-03-16T10:33:55+00:00","description":"Landwirtschaft BLW Bundesamt f\u00fcr Landwirtschaft Direktzahlungen Bundesamt f\u00fcr Landwirtschaft SBV Schweizer Bauernverband Agroscope Forschung f\u00fcr","breadcrumb":{"@id":"https:\/\/agrivalais.ch\/de\/wlk-mitglieder\/berufliche-links\/#breadcrumb"},"inLanguage":"de","potentialAction":[{"@type":"ReadAction","target":["https:\/\/agrivalais.ch\/de\/wlk-mitglieder\/berufliche-links\/"]}]},{"@type":"ImageObject","inLanguage":"de","@id":"https:\/\/agrivalais.ch\/de\/wlk-mitglieder\/berufliche-links\/#primaryimage","url":"https:\/\/agrivalais.ch\/wp-content\/uploads\/2018\/10\/IMG_1993_r\u00e9duit.jpg","contentUrl":"https:\/\/agrivalais.ch\/wp-content\/uploads\/2018\/10\/IMG_1993_r\u00e9duit.jpg","width":699,"height":466},{"@type":"BreadcrumbList","@id":"https:\/\/agrivalais.ch\/de\/wlk-mitglieder\/berufliche-links\/#breadcrumb","itemListElement":[{"@type":"ListItem","position":1,"name":"Home","item":"https:\/\/agrivalais.ch\/de\/"},{"@type":"ListItem","position":2,"name":"WLK Mitglieder","item":"https:\/\/agrivalais.ch\/de\/wlk-mitglieder\/"},{"@type":"ListItem","position":3,"name":"Berufliche Links"}]},{"@type":"WebSite","@id":"https:\/\/agrivalais.ch\/#website","url":"https:\/\/agrivalais.ch\/","name":"Agrivalais","description":"Chambre Valaisanne d\u2019Agriculture - Walliser Landwirtschaftskammer","potentialAction":[{"@type":"SearchAction","target":{"@type":"EntryPoint","urlTemplate":"https:\/\/agrivalais.ch\/?s={search_term_string}"},"query-input":{"@type":"PropertyValueSpecification","valueRequired":true,"valueName":"search_term_string"}}],"inLanguage":"de"}]}},"_links":{"self":[{"href":"https:\/\/agrivalais.ch\/de\/wp-json\/wp\/v2\/pages\/298","targetHints":{"allow":["GET"]}}],"collection":[{"href":"https:\/\/agrivalais.ch\/de\/wp-json\/wp\/v2\/pages"}],"about":[{"href":"https:\/\/agrivalais.ch\/de\/wp-json\/wp\/v2\/types\/page"}],"author":[{"embeddable":true,"href":"https:\/\/agrivalais.ch\/de\/wp-json\/wp\/v2\/users\/1"}],"replies":[{"embeddable":true,"href":"https:\/\/agrivalais.ch\/de\/wp-json\/wp\/v2\/comments?post=298"}],"version-history":[{"count":52,"href":"https:\/\/agrivalais.ch\/de\/wp-json\/wp\/v2\/pages\/298\/revisions"}],"predecessor-version":[{"id":4031,"href":"https:\/\/agrivalais.ch\/de\/wp-json\/wp\/v2\/pages\/298\/revisions\/4031"}],"up":[{"embeddable":true,"href":"https:\/\/agrivalais.ch\/de\/wp-json\/wp\/v2\/pages\/37"}],"wp:featuredmedia":[{"embeddable":true,"href":"https:\/\/agrivalais.ch\/de\/wp-json\/wp\/v2\/media\/3323"}],"wp:attachment":[{"href":"https:\/\/agrivalais.ch\/de\/wp-json\/wp\/v2\/media?parent=298"}],"wp:term":[{"taxonomy":"post_tag","embeddable":true,"href":"https:\/\/agrivalais.ch\/de\/wp-json\/wp\/v2\/tags?post=298"}],"curies":[{"name":"wp","href":"https:\/\/api.w.org\/{rel}","templated":true}]}}