{"id":297,"date":"2014-09-23T11:25:37","date_gmt":"2014-09-23T11:25:37","guid":{"rendered":"http:\/\/www.agrivalais.ch\/uber-uns\/presentation\/"},"modified":"2023-03-20T17:28:21","modified_gmt":"2023-03-20T16:28:21","slug":"vorstellung","status":"publish","type":"page","link":"https:\/\/agrivalais.ch\/de\/uber-uns\/vorstellung\/","title":{"rendered":"Vorstellung"},"content":{"rendered":"<p>Die Walliser Landwirtschaftskammer ist der Dachverband der Walliser Landwirtschaft.<\/p>\n<p>Sie wurde in 1972 gegr\u00fcndet.<\/p>\n<p>Sie vertritt zirka 4\u2019000 Bauernfamilien.<\/p>\n<p>Ihre Mitglieder sind landwirtschaftliche Verb\u00e4nde, landwirtschaftliche Gesellschaften oder Vereinigungen und Einzelmitglieder.<\/p>\n<p>Ihre Organe sind:<\/p>\n<ul>\n<li>die Generalversammlung<\/li>\n<li>die Pr\u00e4sidentenkonferenz der Migliederverb\u00e4nde der WLK<\/li>\n<li>der Vorstand<\/li>\n<li>das B\u00fcro<\/li>\n<li>das Revisionsorgan<\/li>\n<li>die st\u00e4ndigen Kommissionen<\/li>\n<\/ul>\n<p>Ihre Finanzierungsquellen sind namentlich die Mitgliederbeitr\u00e4ge, die F\u00fchrung von Sekretariaten und die vom Staat delegierten Aufgaben.<\/p>\n<p>Sie besch\u00e4ftigt etwa zehn Mitarbeiter.<\/p>\n<p>Sie zeichnet sich durch eine hervorragende Kenntnis der Walliser Landwirtschaft und ihrer Produkte aus, die Zweisprachigkeit ihres Personals sowie die stete Ber\u00fccksichtigung der Bed\u00fcrfnisse und Interessen ihrer Mitglieder.<\/p>\n<p><a href=\"https:\/\/agrivalais.ch\/wp-content\/uploads\/2023\/03\/STATUTS-CVA-etat-au-23-mars-2017_allemand.pdf\" target=\"_blank\" rel=\"noopener\">Die Statuten der Walliser Landwirtschaftskammer<\/a><\/p>\n","protected":false},"excerpt":{"rendered":"<p>Die Walliser Landwirtschaftskammer ist der Dachverband der Walliser Landwirtschaft. Sie wurde in 1972 gegr\u00fcndet. Sie vertritt zirka 4\u2019000 Bauernfamilien. Ihre Mitglieder sind landwirtschaftliche Verb\u00e4nde, landwirtschaftliche Gesellschaften oder Vereinigungen und Einzelmitglieder. Ihre Organe sind: die Generalversammlung die Pr\u00e4sidentenkonferenz der Migliederverb\u00e4nde der WLK der Vorstand das B\u00fcro das Revisionsorgan die st\u00e4ndigen Kommissionen Ihre Finanzierungsquellen sind namentlich die [&hellip;]<\/p>\n","protected":false},"author":1,"featured_media":1006,"parent":56,"menu_order":0,"comment_status":"closed","ping_status":"closed","template":"","meta":{"_acf_changed":false,"footnotes":""},"tags":[],"class_list":["post-297","page","type-page","status-publish","has-post-thumbnail","hentry"],"acf":[],"yoast_head":"<!-- This site is optimized with the Yoast SEO plugin v27.2 - https:\/\/yoast.com\/product\/yoast-seo-wordpress\/ -->\n<title>Vorstellung - Agrivalais<\/title>\n<meta name=\"description\" content=\"Die Walliser Landwirtschaftskammer ist der Dachverband der Walliser Landwirtschaft. Sie wurde in 1972 gegr\u00fcndet. Sie vertritt zirka 4\u2019000 Bauernfamilien.\" \/>\n<meta name=\"robots\" content=\"index, follow, max-snippet:-1, max-image-preview:large, max-video-preview:-1\" \/>\n<link rel=\"canonical\" href=\"https:\/\/agrivalais.ch\/de\/uber-uns\/vorstellung\/\" \/>\n<meta property=\"og:locale\" content=\"de_DE\" \/>\n<meta property=\"og:type\" content=\"article\" \/>\n<meta property=\"og:title\" content=\"Vorstellung - Agrivalais\" \/>\n<meta property=\"og:description\" content=\"Die Walliser Landwirtschaftskammer ist der Dachverband der Walliser Landwirtschaft. Sie wurde in 1972 gegr\u00fcndet. Sie vertritt zirka 4\u2019000 Bauernfamilien.\" \/>\n<meta property=\"og:url\" content=\"https:\/\/agrivalais.ch\/de\/uber-uns\/vorstellung\/\" \/>\n<meta property=\"og:site_name\" content=\"Agrivalais\" \/>\n<meta property=\"article:modified_time\" content=\"2023-03-20T16:28:21+00:00\" \/>\n<meta property=\"og:image\" content=\"https:\/\/agrivalais.ch\/wp-content\/uploads\/2014\/09\/alpage-vaches.jpg\" \/>\n\t<meta property=\"og:image:width\" content=\"899\" \/>\n\t<meta property=\"og:image:height\" content=\"507\" \/>\n\t<meta property=\"og:image:type\" content=\"image\/jpeg\" \/>\n<meta name=\"twitter:card\" content=\"summary_large_image\" \/>\n<meta name=\"twitter:label1\" content=\"Gesch\u00e4tzte Lesezeit\" \/>\n\t<meta name=\"twitter:data1\" content=\"1\u00a0Minute\" \/>\n<script type=\"application\/ld+json\" class=\"yoast-schema-graph\">{\"@context\":\"https:\/\/schema.org\",\"@graph\":[{\"@type\":\"WebPage\",\"@id\":\"https:\/\/agrivalais.ch\/de\/uber-uns\/vorstellung\/\",\"url\":\"https:\/\/agrivalais.ch\/de\/uber-uns\/vorstellung\/\",\"name\":\"Vorstellung - Agrivalais\",\"isPartOf\":{\"@id\":\"https:\/\/agrivalais.ch\/#website\"},\"primaryImageOfPage\":{\"@id\":\"https:\/\/agrivalais.ch\/de\/uber-uns\/vorstellung\/#primaryimage\"},\"image\":{\"@id\":\"https:\/\/agrivalais.ch\/de\/uber-uns\/vorstellung\/#primaryimage\"},\"thumbnailUrl\":\"https:\/\/agrivalais.ch\/wp-content\/uploads\/2014\/09\/alpage-vaches.jpg\",\"datePublished\":\"2014-09-23T11:25:37+00:00\",\"dateModified\":\"2023-03-20T16:28:21+00:00\",\"description\":\"Die Walliser Landwirtschaftskammer ist der Dachverband der Walliser Landwirtschaft. Sie wurde in 1972 gegr\u00fcndet. Sie vertritt zirka 4\u2019000 Bauernfamilien.\",\"breadcrumb\":{\"@id\":\"https:\/\/agrivalais.ch\/de\/uber-uns\/vorstellung\/#breadcrumb\"},\"inLanguage\":\"de\",\"potentialAction\":[{\"@type\":\"ReadAction\",\"target\":[\"https:\/\/agrivalais.ch\/de\/uber-uns\/vorstellung\/\"]}]},{\"@type\":\"ImageObject\",\"inLanguage\":\"de\",\"@id\":\"https:\/\/agrivalais.ch\/de\/uber-uns\/vorstellung\/#primaryimage\",\"url\":\"https:\/\/agrivalais.ch\/wp-content\/uploads\/2014\/09\/alpage-vaches.jpg\",\"contentUrl\":\"https:\/\/agrivalais.ch\/wp-content\/uploads\/2014\/09\/alpage-vaches.jpg\",\"width\":899,\"height\":507},{\"@type\":\"BreadcrumbList\",\"@id\":\"https:\/\/agrivalais.ch\/de\/uber-uns\/vorstellung\/#breadcrumb\",\"itemListElement\":[{\"@type\":\"ListItem\",\"position\":1,\"name\":\"Home\",\"item\":\"https:\/\/agrivalais.ch\/de\/\"},{\"@type\":\"ListItem\",\"position\":2,\"name\":\"\u00dcber uns\",\"item\":\"https:\/\/agrivalais.ch\/de\/uber-uns\/\"},{\"@type\":\"ListItem\",\"position\":3,\"name\":\"Vorstellung\"}]},{\"@type\":\"WebSite\",\"@id\":\"https:\/\/agrivalais.ch\/#website\",\"url\":\"https:\/\/agrivalais.ch\/\",\"name\":\"Agrivalais\",\"description\":\"Chambre Valaisanne d\u2019Agriculture - Walliser Landwirtschaftskammer\",\"potentialAction\":[{\"@type\":\"SearchAction\",\"target\":{\"@type\":\"EntryPoint\",\"urlTemplate\":\"https:\/\/agrivalais.ch\/?s={search_term_string}\"},\"query-input\":{\"@type\":\"PropertyValueSpecification\",\"valueRequired\":true,\"valueName\":\"search_term_string\"}}],\"inLanguage\":\"de\"}]}<\/script>\n<!-- \/ Yoast SEO plugin. -->","yoast_head_json":{"title":"Vorstellung - Agrivalais","description":"Die Walliser Landwirtschaftskammer ist der Dachverband der Walliser Landwirtschaft. Sie wurde in 1972 gegr\u00fcndet. Sie vertritt zirka 4\u2019000 Bauernfamilien.","robots":{"index":"index","follow":"follow","max-snippet":"max-snippet:-1","max-image-preview":"max-image-preview:large","max-video-preview":"max-video-preview:-1"},"canonical":"https:\/\/agrivalais.ch\/de\/uber-uns\/vorstellung\/","og_locale":"de_DE","og_type":"article","og_title":"Vorstellung - Agrivalais","og_description":"Die Walliser Landwirtschaftskammer ist der Dachverband der Walliser Landwirtschaft. Sie wurde in 1972 gegr\u00fcndet. Sie vertritt zirka 4\u2019000 Bauernfamilien.","og_url":"https:\/\/agrivalais.ch\/de\/uber-uns\/vorstellung\/","og_site_name":"Agrivalais","article_modified_time":"2023-03-20T16:28:21+00:00","og_image":[{"width":899,"height":507,"url":"https:\/\/agrivalais.ch\/wp-content\/uploads\/2014\/09\/alpage-vaches.jpg","type":"image\/jpeg"}],"twitter_card":"summary_large_image","twitter_misc":{"Gesch\u00e4tzte Lesezeit":"1\u00a0Minute"},"schema":{"@context":"https:\/\/schema.org","@graph":[{"@type":"WebPage","@id":"https:\/\/agrivalais.ch\/de\/uber-uns\/vorstellung\/","url":"https:\/\/agrivalais.ch\/de\/uber-uns\/vorstellung\/","name":"Vorstellung - Agrivalais","isPartOf":{"@id":"https:\/\/agrivalais.ch\/#website"},"primaryImageOfPage":{"@id":"https:\/\/agrivalais.ch\/de\/uber-uns\/vorstellung\/#primaryimage"},"image":{"@id":"https:\/\/agrivalais.ch\/de\/uber-uns\/vorstellung\/#primaryimage"},"thumbnailUrl":"https:\/\/agrivalais.ch\/wp-content\/uploads\/2014\/09\/alpage-vaches.jpg","datePublished":"2014-09-23T11:25:37+00:00","dateModified":"2023-03-20T16:28:21+00:00","description":"Die Walliser Landwirtschaftskammer ist der Dachverband der Walliser Landwirtschaft. Sie wurde in 1972 gegr\u00fcndet. Sie vertritt zirka 4\u2019000 Bauernfamilien.","breadcrumb":{"@id":"https:\/\/agrivalais.ch\/de\/uber-uns\/vorstellung\/#breadcrumb"},"inLanguage":"de","potentialAction":[{"@type":"ReadAction","target":["https:\/\/agrivalais.ch\/de\/uber-uns\/vorstellung\/"]}]},{"@type":"ImageObject","inLanguage":"de","@id":"https:\/\/agrivalais.ch\/de\/uber-uns\/vorstellung\/#primaryimage","url":"https:\/\/agrivalais.ch\/wp-content\/uploads\/2014\/09\/alpage-vaches.jpg","contentUrl":"https:\/\/agrivalais.ch\/wp-content\/uploads\/2014\/09\/alpage-vaches.jpg","width":899,"height":507},{"@type":"BreadcrumbList","@id":"https:\/\/agrivalais.ch\/de\/uber-uns\/vorstellung\/#breadcrumb","itemListElement":[{"@type":"ListItem","position":1,"name":"Home","item":"https:\/\/agrivalais.ch\/de\/"},{"@type":"ListItem","position":2,"name":"\u00dcber uns","item":"https:\/\/agrivalais.ch\/de\/uber-uns\/"},{"@type":"ListItem","position":3,"name":"Vorstellung"}]},{"@type":"WebSite","@id":"https:\/\/agrivalais.ch\/#website","url":"https:\/\/agrivalais.ch\/","name":"Agrivalais","description":"Chambre Valaisanne d\u2019Agriculture - Walliser Landwirtschaftskammer","potentialAction":[{"@type":"SearchAction","target":{"@type":"EntryPoint","urlTemplate":"https:\/\/agrivalais.ch\/?s={search_term_string}"},"query-input":{"@type":"PropertyValueSpecification","valueRequired":true,"valueName":"search_term_string"}}],"inLanguage":"de"}]}},"_links":{"self":[{"href":"https:\/\/agrivalais.ch\/de\/wp-json\/wp\/v2\/pages\/297","targetHints":{"allow":["GET"]}}],"collection":[{"href":"https:\/\/agrivalais.ch\/de\/wp-json\/wp\/v2\/pages"}],"about":[{"href":"https:\/\/agrivalais.ch\/de\/wp-json\/wp\/v2\/types\/page"}],"author":[{"embeddable":true,"href":"https:\/\/agrivalais.ch\/de\/wp-json\/wp\/v2\/users\/1"}],"replies":[{"embeddable":true,"href":"https:\/\/agrivalais.ch\/de\/wp-json\/wp\/v2\/comments?post=297"}],"version-history":[{"count":13,"href":"https:\/\/agrivalais.ch\/de\/wp-json\/wp\/v2\/pages\/297\/revisions"}],"predecessor-version":[{"id":6156,"href":"https:\/\/agrivalais.ch\/de\/wp-json\/wp\/v2\/pages\/297\/revisions\/6156"}],"up":[{"embeddable":true,"href":"https:\/\/agrivalais.ch\/de\/wp-json\/wp\/v2\/pages\/56"}],"wp:featuredmedia":[{"embeddable":true,"href":"https:\/\/agrivalais.ch\/de\/wp-json\/wp\/v2\/media\/1006"}],"wp:attachment":[{"href":"https:\/\/agrivalais.ch\/de\/wp-json\/wp\/v2\/media?parent=297"}],"wp:term":[{"taxonomy":"post_tag","embeddable":true,"href":"https:\/\/agrivalais.ch\/de\/wp-json\/wp\/v2\/tags?post=297"}],"curies":[{"name":"wp","href":"https:\/\/api.w.org\/{rel}","templated":true}]}}