{"id":2376,"date":"2014-09-23T11:54:39","date_gmt":"2014-09-23T09:54:39","guid":{"rendered":"http:\/\/www.agrivalais.ch\/?page_id=2376"},"modified":"2020-03-13T09:41:29","modified_gmt":"2020-03-13T09:41:29","slug":"brauchen-sie-hilfe","status":"publish","type":"page","link":"https:\/\/agrivalais.ch\/de\/wlk-mitglieder\/brauchen-sie-hilfe\/","title":{"rendered":"Brauchen Sie Hilfe?"},"content":{"rendered":"<div class=\"members-access-error\">Melden Sie sich mit Ihrem Login und Passwort an<\/div>\n","protected":false},"excerpt":{"rendered":"<div class=\"members-access-error\">Melden Sie sich mit Ihrem Login und Passwort an<\/div>\n","protected":false},"author":4,"featured_media":3882,"parent":37,"menu_order":5,"comment_status":"closed","ping_status":"open","template":"","meta":{"_acf_changed":false,"footnotes":""},"tags":[],"class_list":["post-2376","page","type-page","status-publish","has-post-thumbnail","hentry"],"acf":[],"yoast_head":"<!-- This site is optimized with the Yoast SEO plugin v27.4 - https:\/\/yoast.com\/product\/yoast-seo-wordpress\/ -->\n<title>Brauchen Sie Hilfe? - Agrivalais<\/title>\n<meta name=\"description\" content=\"Hilfe bei Elementarsch\u00e4den Schweizerischer Fonds f\u00fcr Hilfe bei nicht versicherbaren Elementarsch\u00e4den fondssuisse ist eine Stiftung. Sie leistet\" \/>\n<meta name=\"robots\" content=\"index, follow, max-snippet:-1, max-image-preview:large, max-video-preview:-1\" \/>\n<link rel=\"canonical\" href=\"https:\/\/agrivalais.ch\/de\/wlk-mitglieder\/brauchen-sie-hilfe\/\" \/>\n<meta property=\"og:locale\" content=\"de_DE\" \/>\n<meta property=\"og:type\" content=\"article\" \/>\n<meta property=\"og:title\" content=\"Brauchen Sie Hilfe? - Agrivalais\" \/>\n<meta property=\"og:description\" content=\"Hilfe bei Elementarsch\u00e4den Schweizerischer Fonds f\u00fcr Hilfe bei nicht versicherbaren Elementarsch\u00e4den fondssuisse ist eine Stiftung. Sie leistet\" \/>\n<meta property=\"og:url\" content=\"https:\/\/agrivalais.ch\/de\/wlk-mitglieder\/brauchen-sie-hilfe\/\" \/>\n<meta property=\"og:site_name\" content=\"Agrivalais\" \/>\n<meta property=\"article:modified_time\" content=\"2020-03-13T09:41:29+00:00\" \/>\n<meta property=\"og:image\" content=\"https:\/\/agrivalais.ch\/wp-content\/uploads\/2020\/01\/grele-c-lenouvelliste.jpg\" \/>\n\t<meta property=\"og:image:width\" content=\"800\" \/>\n\t<meta property=\"og:image:height\" content=\"449\" \/>\n\t<meta property=\"og:image:type\" content=\"image\/jpeg\" \/>\n<meta name=\"twitter:card\" content=\"summary_large_image\" \/>\n<meta name=\"twitter:label1\" content=\"Gesch\u00e4tzte Lesezeit\" \/>\n\t<meta name=\"twitter:data1\" content=\"4\u00a0Minuten\" \/>\n<script type=\"application\/ld+json\" class=\"yoast-schema-graph\">{\"@context\":\"https:\\\/\\\/schema.org\",\"@graph\":[{\"@type\":\"WebPage\",\"@id\":\"https:\\\/\\\/agrivalais.ch\\\/de\\\/wlk-mitglieder\\\/brauchen-sie-hilfe\\\/\",\"url\":\"https:\\\/\\\/agrivalais.ch\\\/de\\\/wlk-mitglieder\\\/brauchen-sie-hilfe\\\/\",\"name\":\"Brauchen Sie Hilfe? - Agrivalais\",\"isPartOf\":{\"@id\":\"https:\\\/\\\/agrivalais.ch\\\/#website\"},\"primaryImageOfPage\":{\"@id\":\"https:\\\/\\\/agrivalais.ch\\\/de\\\/wlk-mitglieder\\\/brauchen-sie-hilfe\\\/#primaryimage\"},\"image\":{\"@id\":\"https:\\\/\\\/agrivalais.ch\\\/de\\\/wlk-mitglieder\\\/brauchen-sie-hilfe\\\/#primaryimage\"},\"thumbnailUrl\":\"https:\\\/\\\/agrivalais.ch\\\/wp-content\\\/uploads\\\/2020\\\/01\\\/grele-c-lenouvelliste.jpg\",\"datePublished\":\"2014-09-23T09:54:39+00:00\",\"dateModified\":\"2020-03-13T09:41:29+00:00\",\"description\":\"Hilfe bei Elementarsch\u00e4den Schweizerischer Fonds f\u00fcr Hilfe bei nicht versicherbaren Elementarsch\u00e4den fondssuisse ist eine Stiftung. Sie leistet\",\"breadcrumb\":{\"@id\":\"https:\\\/\\\/agrivalais.ch\\\/de\\\/wlk-mitglieder\\\/brauchen-sie-hilfe\\\/#breadcrumb\"},\"inLanguage\":\"de\",\"potentialAction\":[{\"@type\":\"ReadAction\",\"target\":[\"https:\\\/\\\/agrivalais.ch\\\/de\\\/wlk-mitglieder\\\/brauchen-sie-hilfe\\\/\"]}]},{\"@type\":\"ImageObject\",\"inLanguage\":\"de\",\"@id\":\"https:\\\/\\\/agrivalais.ch\\\/de\\\/wlk-mitglieder\\\/brauchen-sie-hilfe\\\/#primaryimage\",\"url\":\"https:\\\/\\\/agrivalais.ch\\\/wp-content\\\/uploads\\\/2020\\\/01\\\/grele-c-lenouvelliste.jpg\",\"contentUrl\":\"https:\\\/\\\/agrivalais.ch\\\/wp-content\\\/uploads\\\/2020\\\/01\\\/grele-c-lenouvelliste.jpg\",\"width\":800,\"height\":449},{\"@type\":\"BreadcrumbList\",\"@id\":\"https:\\\/\\\/agrivalais.ch\\\/de\\\/wlk-mitglieder\\\/brauchen-sie-hilfe\\\/#breadcrumb\",\"itemListElement\":[{\"@type\":\"ListItem\",\"position\":1,\"name\":\"Home\",\"item\":\"https:\\\/\\\/agrivalais.ch\\\/de\\\/\"},{\"@type\":\"ListItem\",\"position\":2,\"name\":\"WLK Mitglieder\",\"item\":\"https:\\\/\\\/agrivalais.ch\\\/de\\\/wlk-mitglieder\\\/\"},{\"@type\":\"ListItem\",\"position\":3,\"name\":\"Brauchen Sie Hilfe?\"}]},{\"@type\":\"WebSite\",\"@id\":\"https:\\\/\\\/agrivalais.ch\\\/#website\",\"url\":\"https:\\\/\\\/agrivalais.ch\\\/\",\"name\":\"Agrivalais\",\"description\":\"Chambre Valaisanne d\u2019Agriculture - Walliser Landwirtschaftskammer\",\"potentialAction\":[{\"@type\":\"SearchAction\",\"target\":{\"@type\":\"EntryPoint\",\"urlTemplate\":\"https:\\\/\\\/agrivalais.ch\\\/?s={search_term_string}\"},\"query-input\":{\"@type\":\"PropertyValueSpecification\",\"valueRequired\":true,\"valueName\":\"search_term_string\"}}],\"inLanguage\":\"de\"}]}<\/script>\n<!-- \/ Yoast SEO plugin. -->","yoast_head_json":{"title":"Brauchen Sie Hilfe? - Agrivalais","description":"Hilfe bei Elementarsch\u00e4den Schweizerischer Fonds f\u00fcr Hilfe bei nicht versicherbaren Elementarsch\u00e4den fondssuisse ist eine Stiftung. Sie leistet","robots":{"index":"index","follow":"follow","max-snippet":"max-snippet:-1","max-image-preview":"max-image-preview:large","max-video-preview":"max-video-preview:-1"},"canonical":"https:\/\/agrivalais.ch\/de\/wlk-mitglieder\/brauchen-sie-hilfe\/","og_locale":"de_DE","og_type":"article","og_title":"Brauchen Sie Hilfe? - Agrivalais","og_description":"Hilfe bei Elementarsch\u00e4den Schweizerischer Fonds f\u00fcr Hilfe bei nicht versicherbaren Elementarsch\u00e4den fondssuisse ist eine Stiftung. Sie leistet","og_url":"https:\/\/agrivalais.ch\/de\/wlk-mitglieder\/brauchen-sie-hilfe\/","og_site_name":"Agrivalais","article_modified_time":"2020-03-13T09:41:29+00:00","og_image":[{"width":800,"height":449,"url":"https:\/\/agrivalais.ch\/wp-content\/uploads\/2020\/01\/grele-c-lenouvelliste.jpg","type":"image\/jpeg"}],"twitter_card":"summary_large_image","twitter_misc":{"Gesch\u00e4tzte Lesezeit":"4\u00a0Minuten"},"schema":{"@context":"https:\/\/schema.org","@graph":[{"@type":"WebPage","@id":"https:\/\/agrivalais.ch\/de\/wlk-mitglieder\/brauchen-sie-hilfe\/","url":"https:\/\/agrivalais.ch\/de\/wlk-mitglieder\/brauchen-sie-hilfe\/","name":"Brauchen Sie Hilfe? - Agrivalais","isPartOf":{"@id":"https:\/\/agrivalais.ch\/#website"},"primaryImageOfPage":{"@id":"https:\/\/agrivalais.ch\/de\/wlk-mitglieder\/brauchen-sie-hilfe\/#primaryimage"},"image":{"@id":"https:\/\/agrivalais.ch\/de\/wlk-mitglieder\/brauchen-sie-hilfe\/#primaryimage"},"thumbnailUrl":"https:\/\/agrivalais.ch\/wp-content\/uploads\/2020\/01\/grele-c-lenouvelliste.jpg","datePublished":"2014-09-23T09:54:39+00:00","dateModified":"2020-03-13T09:41:29+00:00","description":"Hilfe bei Elementarsch\u00e4den Schweizerischer Fonds f\u00fcr Hilfe bei nicht versicherbaren Elementarsch\u00e4den fondssuisse ist eine Stiftung. Sie leistet","breadcrumb":{"@id":"https:\/\/agrivalais.ch\/de\/wlk-mitglieder\/brauchen-sie-hilfe\/#breadcrumb"},"inLanguage":"de","potentialAction":[{"@type":"ReadAction","target":["https:\/\/agrivalais.ch\/de\/wlk-mitglieder\/brauchen-sie-hilfe\/"]}]},{"@type":"ImageObject","inLanguage":"de","@id":"https:\/\/agrivalais.ch\/de\/wlk-mitglieder\/brauchen-sie-hilfe\/#primaryimage","url":"https:\/\/agrivalais.ch\/wp-content\/uploads\/2020\/01\/grele-c-lenouvelliste.jpg","contentUrl":"https:\/\/agrivalais.ch\/wp-content\/uploads\/2020\/01\/grele-c-lenouvelliste.jpg","width":800,"height":449},{"@type":"BreadcrumbList","@id":"https:\/\/agrivalais.ch\/de\/wlk-mitglieder\/brauchen-sie-hilfe\/#breadcrumb","itemListElement":[{"@type":"ListItem","position":1,"name":"Home","item":"https:\/\/agrivalais.ch\/de\/"},{"@type":"ListItem","position":2,"name":"WLK Mitglieder","item":"https:\/\/agrivalais.ch\/de\/wlk-mitglieder\/"},{"@type":"ListItem","position":3,"name":"Brauchen Sie Hilfe?"}]},{"@type":"WebSite","@id":"https:\/\/agrivalais.ch\/#website","url":"https:\/\/agrivalais.ch\/","name":"Agrivalais","description":"Chambre Valaisanne d\u2019Agriculture - Walliser Landwirtschaftskammer","potentialAction":[{"@type":"SearchAction","target":{"@type":"EntryPoint","urlTemplate":"https:\/\/agrivalais.ch\/?s={search_term_string}"},"query-input":{"@type":"PropertyValueSpecification","valueRequired":true,"valueName":"search_term_string"}}],"inLanguage":"de"}]}},"_links":{"self":[{"href":"https:\/\/agrivalais.ch\/de\/wp-json\/wp\/v2\/pages\/2376","targetHints":{"allow":["GET"]}}],"collection":[{"href":"https:\/\/agrivalais.ch\/de\/wp-json\/wp\/v2\/pages"}],"about":[{"href":"https:\/\/agrivalais.ch\/de\/wp-json\/wp\/v2\/types\/page"}],"author":[{"embeddable":true,"href":"https:\/\/agrivalais.ch\/de\/wp-json\/wp\/v2\/users\/4"}],"replies":[{"embeddable":true,"href":"https:\/\/agrivalais.ch\/de\/wp-json\/wp\/v2\/comments?post=2376"}],"version-history":[{"count":8,"href":"https:\/\/agrivalais.ch\/de\/wp-json\/wp\/v2\/pages\/2376\/revisions"}],"predecessor-version":[{"id":3885,"href":"https:\/\/agrivalais.ch\/de\/wp-json\/wp\/v2\/pages\/2376\/revisions\/3885"}],"up":[{"embeddable":true,"href":"https:\/\/agrivalais.ch\/de\/wp-json\/wp\/v2\/pages\/37"}],"wp:featuredmedia":[{"embeddable":true,"href":"https:\/\/agrivalais.ch\/de\/wp-json\/wp\/v2\/media\/3882"}],"wp:attachment":[{"href":"https:\/\/agrivalais.ch\/de\/wp-json\/wp\/v2\/media?parent=2376"}],"wp:term":[{"taxonomy":"post_tag","embeddable":true,"href":"https:\/\/agrivalais.ch\/de\/wp-json\/wp\/v2\/tags?post=2376"}],"curies":[{"name":"wp","href":"https:\/\/api.w.org\/{rel}","templated":true}]}}