{"id":1785,"date":"2014-09-23T11:26:31","date_gmt":"2014-09-23T09:26:31","guid":{"rendered":"http:\/\/www.agrivalais.ch\/?page_id=1785"},"modified":"2016-01-08T15:34:52","modified_gmt":"2016-01-08T13:34:52","slug":"mission","status":"publish","type":"page","link":"https:\/\/agrivalais.ch\/de\/uber-uns\/mission\/","title":{"rendered":"Mission"},"content":{"rendered":"<p><strong>Wir wollen eine wirtschaftlich, sozial und \u00f6kologisch nachhaltige Landwirtschaft.<\/strong><\/p>\n<p>Unsere Aufgabe ist es, die Walliser Landwirtinnen, Landwirte und Landwirtschaftsinteressierten zu vereinen sowie deren Interessen zu f\u00f6rdern und zu verteidigen. Die Landwirtschaft im Kanton Wallis unterscheidet sich von jener anderer Kantone: Der Berglandwirtschaft und den Spezialkulturen kommt eine besondere Bedeutung zu. Daher ist unsere Rolle \u00e4usserst wichtig.<\/p>\n<p><strong>Wir k\u00e4mpfen f\u00fcr gute Rahmenbedingungen<\/strong><\/p>\n<p>Wir nehmen an den kantonalen und nationalen Vernehmlassungen teil, betreiben ein gezieltes Lobbying in Zusammenarbeit mit anderen Landwirtschaftskammern und beteiligten uns aktiv in verschiedenen Kommissionen.<\/p>\n<p><strong>Wir bieten Landwirtschaftsbetrieben hochstehende Dienstleistungen und Informationen <\/strong><\/p>\n<p>Wir haben einen Gesamtarbeitsvertrag f\u00fcr unsere Mitglieder, welche familienfremde Arbeitskr\u00e4fte besch\u00e4ftigen, erarbeitet. Wir bieten unseren Mitgliedern Versicherungsl\u00f6sungen f\u00fcr ihre Angestellten in den Bereichen Krankheit, Berufs- und Nichtberufsunfall, Erwerbsausfall und berufliche Vorsorge. Landwirtinnen und Landwirte k\u00f6nnen sich auf eine Branchenl\u00f6sung im Bereich der Arbeitssicherheit verlassen, die den Anforderungen der Eidgen\u00f6ssischen Koordinations-Kommission f\u00fcr Arbeitssicherheit entspricht.<\/p>\n<p>Verschiedene Dienstleistungen <strong>stehen unseren Mitgliedern<\/strong> <strong>zur Verf\u00fcgung<\/strong>, oder k\u00f6nnen zu einem Vorzugstarif bezogen werden. Beispielsweise das Merkblatt zu den L\u00f6hnen und die Erstellung von Lohnabrechnungen.<\/p>\n<p><strong>Dies ist eine kurze \u00dcbersicht unserer T\u00e4tigkeiten. <\/strong>Allf\u00e4llige Fragen beantworten wir gerne, bitte z\u00f6gern Sie nicht mit uns <a href=\"http:\/\/www.agrivalais.ch\/de\/uber-uns\/kontakt\/\">Kontakt <\/a>aufzunehmen.<\/p>\n","protected":false},"excerpt":{"rendered":"<p>Wir wollen eine wirtschaftlich, sozial und \u00f6kologisch nachhaltige Landwirtschaft. Unsere Aufgabe ist es, die Walliser Landwirtinnen, Landwirte und Landwirtschaftsinteressierten zu vereinen sowie deren Interessen zu f\u00f6rdern und zu verteidigen. Die Landwirtschaft im Kanton Wallis unterscheidet sich von jener anderer Kantone: Der Berglandwirtschaft und den Spezialkulturen kommt eine besondere Bedeutung zu. Daher ist unsere Rolle \u00e4usserst [&hellip;]<\/p>\n","protected":false},"author":4,"featured_media":1006,"parent":56,"menu_order":0,"comment_status":"closed","ping_status":"open","template":"","meta":{"_acf_changed":false,"footnotes":""},"tags":[],"class_list":["post-1785","page","type-page","status-publish","has-post-thumbnail","hentry"],"acf":[],"yoast_head":"<!-- This site is optimized with the Yoast SEO plugin v27.2 - https:\/\/yoast.com\/product\/yoast-seo-wordpress\/ -->\n<title>Mission - Agrivalais<\/title>\n<meta name=\"description\" content=\"Wir wollen eine wirtschaftlich, sozial und \u00f6kologisch nachhaltige Landwirtschaft. Unsere Aufgabe ist es, die Walliser Landwirtinnen, Landwirte und\" \/>\n<meta name=\"robots\" content=\"index, follow, max-snippet:-1, max-image-preview:large, max-video-preview:-1\" \/>\n<link rel=\"canonical\" href=\"https:\/\/agrivalais.ch\/de\/uber-uns\/mission\/\" \/>\n<meta property=\"og:locale\" content=\"de_DE\" \/>\n<meta property=\"og:type\" content=\"article\" \/>\n<meta property=\"og:title\" content=\"Mission - Agrivalais\" \/>\n<meta property=\"og:description\" content=\"Wir wollen eine wirtschaftlich, sozial und \u00f6kologisch nachhaltige Landwirtschaft. Unsere Aufgabe ist es, die Walliser Landwirtinnen, Landwirte und\" \/>\n<meta property=\"og:url\" content=\"https:\/\/agrivalais.ch\/de\/uber-uns\/mission\/\" \/>\n<meta property=\"og:site_name\" content=\"Agrivalais\" \/>\n<meta property=\"article:modified_time\" content=\"2016-01-08T13:34:52+00:00\" \/>\n<meta property=\"og:image\" content=\"https:\/\/agrivalais.ch\/wp-content\/uploads\/2014\/09\/alpage-vaches.jpg\" \/>\n\t<meta property=\"og:image:width\" content=\"899\" \/>\n\t<meta property=\"og:image:height\" content=\"507\" \/>\n\t<meta property=\"og:image:type\" content=\"image\/jpeg\" \/>\n<meta name=\"twitter:card\" content=\"summary_large_image\" \/>\n<meta name=\"twitter:label1\" content=\"Gesch\u00e4tzte Lesezeit\" \/>\n\t<meta name=\"twitter:data1\" content=\"1\u00a0Minute\" \/>\n<script type=\"application\/ld+json\" class=\"yoast-schema-graph\">{\"@context\":\"https:\/\/schema.org\",\"@graph\":[{\"@type\":\"WebPage\",\"@id\":\"https:\/\/agrivalais.ch\/de\/uber-uns\/mission\/\",\"url\":\"https:\/\/agrivalais.ch\/de\/uber-uns\/mission\/\",\"name\":\"Mission - Agrivalais\",\"isPartOf\":{\"@id\":\"https:\/\/agrivalais.ch\/#website\"},\"primaryImageOfPage\":{\"@id\":\"https:\/\/agrivalais.ch\/de\/uber-uns\/mission\/#primaryimage\"},\"image\":{\"@id\":\"https:\/\/agrivalais.ch\/de\/uber-uns\/mission\/#primaryimage\"},\"thumbnailUrl\":\"https:\/\/agrivalais.ch\/wp-content\/uploads\/2014\/09\/alpage-vaches.jpg\",\"datePublished\":\"2014-09-23T09:26:31+00:00\",\"dateModified\":\"2016-01-08T13:34:52+00:00\",\"description\":\"Wir wollen eine wirtschaftlich, sozial und \u00f6kologisch nachhaltige Landwirtschaft. Unsere Aufgabe ist es, die Walliser Landwirtinnen, Landwirte und\",\"breadcrumb\":{\"@id\":\"https:\/\/agrivalais.ch\/de\/uber-uns\/mission\/#breadcrumb\"},\"inLanguage\":\"de\",\"potentialAction\":[{\"@type\":\"ReadAction\",\"target\":[\"https:\/\/agrivalais.ch\/de\/uber-uns\/mission\/\"]}]},{\"@type\":\"ImageObject\",\"inLanguage\":\"de\",\"@id\":\"https:\/\/agrivalais.ch\/de\/uber-uns\/mission\/#primaryimage\",\"url\":\"https:\/\/agrivalais.ch\/wp-content\/uploads\/2014\/09\/alpage-vaches.jpg\",\"contentUrl\":\"https:\/\/agrivalais.ch\/wp-content\/uploads\/2014\/09\/alpage-vaches.jpg\",\"width\":899,\"height\":507},{\"@type\":\"BreadcrumbList\",\"@id\":\"https:\/\/agrivalais.ch\/de\/uber-uns\/mission\/#breadcrumb\",\"itemListElement\":[{\"@type\":\"ListItem\",\"position\":1,\"name\":\"Home\",\"item\":\"https:\/\/agrivalais.ch\/de\/\"},{\"@type\":\"ListItem\",\"position\":2,\"name\":\"\u00dcber uns\",\"item\":\"https:\/\/agrivalais.ch\/de\/uber-uns\/\"},{\"@type\":\"ListItem\",\"position\":3,\"name\":\"Mission\"}]},{\"@type\":\"WebSite\",\"@id\":\"https:\/\/agrivalais.ch\/#website\",\"url\":\"https:\/\/agrivalais.ch\/\",\"name\":\"Agrivalais\",\"description\":\"Chambre Valaisanne d\u2019Agriculture - Walliser Landwirtschaftskammer\",\"potentialAction\":[{\"@type\":\"SearchAction\",\"target\":{\"@type\":\"EntryPoint\",\"urlTemplate\":\"https:\/\/agrivalais.ch\/?s={search_term_string}\"},\"query-input\":{\"@type\":\"PropertyValueSpecification\",\"valueRequired\":true,\"valueName\":\"search_term_string\"}}],\"inLanguage\":\"de\"}]}<\/script>\n<!-- \/ Yoast SEO plugin. -->","yoast_head_json":{"title":"Mission - Agrivalais","description":"Wir wollen eine wirtschaftlich, sozial und \u00f6kologisch nachhaltige Landwirtschaft. Unsere Aufgabe ist es, die Walliser Landwirtinnen, Landwirte und","robots":{"index":"index","follow":"follow","max-snippet":"max-snippet:-1","max-image-preview":"max-image-preview:large","max-video-preview":"max-video-preview:-1"},"canonical":"https:\/\/agrivalais.ch\/de\/uber-uns\/mission\/","og_locale":"de_DE","og_type":"article","og_title":"Mission - Agrivalais","og_description":"Wir wollen eine wirtschaftlich, sozial und \u00f6kologisch nachhaltige Landwirtschaft. Unsere Aufgabe ist es, die Walliser Landwirtinnen, Landwirte und","og_url":"https:\/\/agrivalais.ch\/de\/uber-uns\/mission\/","og_site_name":"Agrivalais","article_modified_time":"2016-01-08T13:34:52+00:00","og_image":[{"width":899,"height":507,"url":"https:\/\/agrivalais.ch\/wp-content\/uploads\/2014\/09\/alpage-vaches.jpg","type":"image\/jpeg"}],"twitter_card":"summary_large_image","twitter_misc":{"Gesch\u00e4tzte Lesezeit":"1\u00a0Minute"},"schema":{"@context":"https:\/\/schema.org","@graph":[{"@type":"WebPage","@id":"https:\/\/agrivalais.ch\/de\/uber-uns\/mission\/","url":"https:\/\/agrivalais.ch\/de\/uber-uns\/mission\/","name":"Mission - Agrivalais","isPartOf":{"@id":"https:\/\/agrivalais.ch\/#website"},"primaryImageOfPage":{"@id":"https:\/\/agrivalais.ch\/de\/uber-uns\/mission\/#primaryimage"},"image":{"@id":"https:\/\/agrivalais.ch\/de\/uber-uns\/mission\/#primaryimage"},"thumbnailUrl":"https:\/\/agrivalais.ch\/wp-content\/uploads\/2014\/09\/alpage-vaches.jpg","datePublished":"2014-09-23T09:26:31+00:00","dateModified":"2016-01-08T13:34:52+00:00","description":"Wir wollen eine wirtschaftlich, sozial und \u00f6kologisch nachhaltige Landwirtschaft. Unsere Aufgabe ist es, die Walliser Landwirtinnen, Landwirte und","breadcrumb":{"@id":"https:\/\/agrivalais.ch\/de\/uber-uns\/mission\/#breadcrumb"},"inLanguage":"de","potentialAction":[{"@type":"ReadAction","target":["https:\/\/agrivalais.ch\/de\/uber-uns\/mission\/"]}]},{"@type":"ImageObject","inLanguage":"de","@id":"https:\/\/agrivalais.ch\/de\/uber-uns\/mission\/#primaryimage","url":"https:\/\/agrivalais.ch\/wp-content\/uploads\/2014\/09\/alpage-vaches.jpg","contentUrl":"https:\/\/agrivalais.ch\/wp-content\/uploads\/2014\/09\/alpage-vaches.jpg","width":899,"height":507},{"@type":"BreadcrumbList","@id":"https:\/\/agrivalais.ch\/de\/uber-uns\/mission\/#breadcrumb","itemListElement":[{"@type":"ListItem","position":1,"name":"Home","item":"https:\/\/agrivalais.ch\/de\/"},{"@type":"ListItem","position":2,"name":"\u00dcber uns","item":"https:\/\/agrivalais.ch\/de\/uber-uns\/"},{"@type":"ListItem","position":3,"name":"Mission"}]},{"@type":"WebSite","@id":"https:\/\/agrivalais.ch\/#website","url":"https:\/\/agrivalais.ch\/","name":"Agrivalais","description":"Chambre Valaisanne d\u2019Agriculture - Walliser Landwirtschaftskammer","potentialAction":[{"@type":"SearchAction","target":{"@type":"EntryPoint","urlTemplate":"https:\/\/agrivalais.ch\/?s={search_term_string}"},"query-input":{"@type":"PropertyValueSpecification","valueRequired":true,"valueName":"search_term_string"}}],"inLanguage":"de"}]}},"_links":{"self":[{"href":"https:\/\/agrivalais.ch\/de\/wp-json\/wp\/v2\/pages\/1785","targetHints":{"allow":["GET"]}}],"collection":[{"href":"https:\/\/agrivalais.ch\/de\/wp-json\/wp\/v2\/pages"}],"about":[{"href":"https:\/\/agrivalais.ch\/de\/wp-json\/wp\/v2\/types\/page"}],"author":[{"embeddable":true,"href":"https:\/\/agrivalais.ch\/de\/wp-json\/wp\/v2\/users\/4"}],"replies":[{"embeddable":true,"href":"https:\/\/agrivalais.ch\/de\/wp-json\/wp\/v2\/comments?post=1785"}],"version-history":[{"count":1,"href":"https:\/\/agrivalais.ch\/de\/wp-json\/wp\/v2\/pages\/1785\/revisions"}],"predecessor-version":[{"id":1786,"href":"https:\/\/agrivalais.ch\/de\/wp-json\/wp\/v2\/pages\/1785\/revisions\/1786"}],"up":[{"embeddable":true,"href":"https:\/\/agrivalais.ch\/de\/wp-json\/wp\/v2\/pages\/56"}],"wp:featuredmedia":[{"embeddable":true,"href":"https:\/\/agrivalais.ch\/de\/wp-json\/wp\/v2\/media\/1006"}],"wp:attachment":[{"href":"https:\/\/agrivalais.ch\/de\/wp-json\/wp\/v2\/media?parent=1785"}],"wp:term":[{"taxonomy":"post_tag","embeddable":true,"href":"https:\/\/agrivalais.ch\/de\/wp-json\/wp\/v2\/tags?post=1785"}],"curies":[{"name":"wp","href":"https:\/\/api.w.org\/{rel}","templated":true}]}}