{"id":1075,"date":"2014-09-23T11:59:44","date_gmt":"2014-09-23T09:59:44","guid":{"rendered":"http:\/\/www.agrivalais.ch\/?page_id=1075"},"modified":"2021-11-29T14:43:38","modified_gmt":"2021-11-29T14:43:38","slug":"vom-hof","status":"publish","type":"page","link":"https:\/\/agrivalais.ch\/de\/bauern\/vom-hof\/","title":{"rendered":"Vom Hof"},"content":{"rendered":"<p>Diese Dokumente unterst\u00fctzen Sie: <a href=\"https:\/\/www.bauernportal.ch\/hofprojekte\/vom-hof\/\" target=\"_blank\" rel=\"noopener noreferrer\">www.bauernportal.ch<\/a><\/p>\n<p>&nbsp;<\/p>\n<p>&#8222;Vom Hof&#8220; ist DAS Online-Direktvermarktungsportal f\u00fcr Produkte und Dienstleistungen aus der Landwirtschaft.<\/p>\n<div class=\"csc-textpic-text\">\n<p class=\"bodytext\">Ihre Anmeldung und Ihr Eintrag auf <a href=\"http:\/\/www.vomhof.ch\" target=\"_blank\" rel=\"noopener noreferrer\">vomhof.ch<\/a> sind f\u00fcr Sie als Mitglied der Walliser Landwirtschaftskammer kostenlos.<\/p>\n<p class=\"bodytext\">Falls Sie keine Beitr\u00e4ge an den kantonalen Bauernverband entrichten und die Online-Plattform &#8222;Vom Hof&#8220; dennoch nutzen m\u00f6chten, bekommen Sie einen j\u00e4hrlichen Unkostenbeitrag von CHF 100.00 in Rechnung.<\/p>\n<p class=\"bodytext\">\n<\/div>\n<p>Melden Sie sich <strong><a href=\"https:\/\/www.bauernportal.ch\/hofprojekte\/vom-hof\/\" target=\"_blank\" rel=\"noopener noreferrer\">hier<\/a><\/strong> an und erfassen, bearbeiten und verwalten Sie kostenlos Ihre Hof- und Produktdaten.<\/p>\n<p><a href=\"http:\/\/www.agrivalais.ch\/wp-content\/uploads\/2014\/09\/vom-hof-Logo_de.png\"><img loading=\"lazy\" decoding=\"async\" class=\"alignnone wp-image-1257\" src=\"http:\/\/www.agrivalais.ch\/wp-content\/uploads\/2014\/09\/vom-hof-Logo_de-244x300.png\" alt=\"vom-hof-Logo_de\" width=\"108\" height=\"133\" srcset=\"https:\/\/agrivalais.ch\/wp-content\/uploads\/2014\/09\/vom-hof-Logo_de-244x300.png 244w, https:\/\/agrivalais.ch\/wp-content\/uploads\/2014\/09\/vom-hof-Logo_de.png 330w\" sizes=\"auto, (max-width: 108px) 100vw, 108px\" \/><\/a><\/p>\n","protected":false},"excerpt":{"rendered":"<p>Diese Dokumente unterst\u00fctzen Sie: www.bauernportal.ch &nbsp; &#8222;Vom Hof&#8220; ist DAS Online-Direktvermarktungsportal f\u00fcr Produkte und Dienstleistungen aus der Landwirtschaft. Ihre Anmeldung und Ihr Eintrag auf vomhof.ch sind f\u00fcr Sie als Mitglied der Walliser Landwirtschaftskammer kostenlos. Falls Sie keine Beitr\u00e4ge an den kantonalen Bauernverband entrichten und die Online-Plattform &#8222;Vom Hof&#8220; dennoch nutzen m\u00f6chten, bekommen Sie einen j\u00e4hrlichen [&hellip;]<\/p>\n","protected":false},"author":4,"featured_media":1253,"parent":49,"menu_order":8,"comment_status":"closed","ping_status":"open","template":"","meta":{"_acf_changed":false,"footnotes":""},"tags":[],"class_list":["post-1075","page","type-page","status-publish","has-post-thumbnail","hentry"],"acf":[],"yoast_head":"<!-- This site is optimized with the Yoast SEO plugin v27.2 - https:\/\/yoast.com\/product\/yoast-seo-wordpress\/ -->\n<title>Vom Hof - Agrivalais<\/title>\n<meta name=\"description\" content=\"Diese Dokumente unterst\u00fctzen Sie: www.bauernportal.ch &nbsp; &quot;Vom Hof&quot; ist DAS Online-Direktvermarktungsportal f\u00fcr Produkte und Dienstleistungen aus der\" \/>\n<meta name=\"robots\" content=\"index, follow, max-snippet:-1, max-image-preview:large, max-video-preview:-1\" \/>\n<link rel=\"canonical\" href=\"https:\/\/agrivalais.ch\/de\/bauern\/vom-hof\/\" \/>\n<meta property=\"og:locale\" content=\"de_DE\" \/>\n<meta property=\"og:type\" content=\"article\" \/>\n<meta property=\"og:title\" content=\"Vom Hof - Agrivalais\" \/>\n<meta property=\"og:description\" content=\"Diese Dokumente unterst\u00fctzen Sie: www.bauernportal.ch &nbsp; &quot;Vom Hof&quot; ist DAS Online-Direktvermarktungsportal f\u00fcr Produkte und Dienstleistungen aus der\" \/>\n<meta property=\"og:url\" content=\"https:\/\/agrivalais.ch\/de\/bauern\/vom-hof\/\" \/>\n<meta property=\"og:site_name\" content=\"Agrivalais\" \/>\n<meta property=\"article:modified_time\" content=\"2021-11-29T14:43:38+00:00\" \/>\n<meta property=\"og:image\" content=\"https:\/\/agrivalais.ch\/wp-content\/uploads\/2014\/09\/20110617-_MG_4734.jpg\" \/>\n\t<meta property=\"og:image:width\" content=\"800\" \/>\n\t<meta property=\"og:image:height\" content=\"439\" \/>\n\t<meta property=\"og:image:type\" content=\"image\/jpeg\" \/>\n<meta name=\"twitter:card\" content=\"summary_large_image\" \/>\n<script type=\"application\/ld+json\" class=\"yoast-schema-graph\">{\"@context\":\"https:\/\/schema.org\",\"@graph\":[{\"@type\":\"WebPage\",\"@id\":\"https:\/\/agrivalais.ch\/de\/bauern\/vom-hof\/\",\"url\":\"https:\/\/agrivalais.ch\/de\/bauern\/vom-hof\/\",\"name\":\"Vom Hof - Agrivalais\",\"isPartOf\":{\"@id\":\"https:\/\/agrivalais.ch\/#website\"},\"primaryImageOfPage\":{\"@id\":\"https:\/\/agrivalais.ch\/de\/bauern\/vom-hof\/#primaryimage\"},\"image\":{\"@id\":\"https:\/\/agrivalais.ch\/de\/bauern\/vom-hof\/#primaryimage\"},\"thumbnailUrl\":\"https:\/\/agrivalais.ch\/wp-content\/uploads\/2014\/09\/20110617-_MG_4734.jpg\",\"datePublished\":\"2014-09-23T09:59:44+00:00\",\"dateModified\":\"2021-11-29T14:43:38+00:00\",\"description\":\"Diese Dokumente unterst\u00fctzen Sie: www.bauernportal.ch &nbsp; \\\"Vom Hof\\\" ist DAS Online-Direktvermarktungsportal f\u00fcr Produkte und Dienstleistungen aus der\",\"breadcrumb\":{\"@id\":\"https:\/\/agrivalais.ch\/de\/bauern\/vom-hof\/#breadcrumb\"},\"inLanguage\":\"de\",\"potentialAction\":[{\"@type\":\"ReadAction\",\"target\":[\"https:\/\/agrivalais.ch\/de\/bauern\/vom-hof\/\"]}]},{\"@type\":\"ImageObject\",\"inLanguage\":\"de\",\"@id\":\"https:\/\/agrivalais.ch\/de\/bauern\/vom-hof\/#primaryimage\",\"url\":\"https:\/\/agrivalais.ch\/wp-content\/uploads\/2014\/09\/20110617-_MG_4734.jpg\",\"contentUrl\":\"https:\/\/agrivalais.ch\/wp-content\/uploads\/2014\/09\/20110617-_MG_4734.jpg\",\"width\":800,\"height\":439},{\"@type\":\"BreadcrumbList\",\"@id\":\"https:\/\/agrivalais.ch\/de\/bauern\/vom-hof\/#breadcrumb\",\"itemListElement\":[{\"@type\":\"ListItem\",\"position\":1,\"name\":\"Home\",\"item\":\"https:\/\/agrivalais.ch\/de\/\"},{\"@type\":\"ListItem\",\"position\":2,\"name\":\"Betreiber\",\"item\":\"https:\/\/agrivalais.ch\/de\/bauern\/\"},{\"@type\":\"ListItem\",\"position\":3,\"name\":\"Vom Hof\"}]},{\"@type\":\"WebSite\",\"@id\":\"https:\/\/agrivalais.ch\/#website\",\"url\":\"https:\/\/agrivalais.ch\/\",\"name\":\"Agrivalais\",\"description\":\"Chambre Valaisanne d\u2019Agriculture - Walliser Landwirtschaftskammer\",\"potentialAction\":[{\"@type\":\"SearchAction\",\"target\":{\"@type\":\"EntryPoint\",\"urlTemplate\":\"https:\/\/agrivalais.ch\/?s={search_term_string}\"},\"query-input\":{\"@type\":\"PropertyValueSpecification\",\"valueRequired\":true,\"valueName\":\"search_term_string\"}}],\"inLanguage\":\"de\"}]}<\/script>\n<!-- \/ Yoast SEO plugin. -->","yoast_head_json":{"title":"Vom Hof - Agrivalais","description":"Diese Dokumente unterst\u00fctzen Sie: www.bauernportal.ch &nbsp; \"Vom Hof\" ist DAS Online-Direktvermarktungsportal f\u00fcr Produkte und Dienstleistungen aus der","robots":{"index":"index","follow":"follow","max-snippet":"max-snippet:-1","max-image-preview":"max-image-preview:large","max-video-preview":"max-video-preview:-1"},"canonical":"https:\/\/agrivalais.ch\/de\/bauern\/vom-hof\/","og_locale":"de_DE","og_type":"article","og_title":"Vom Hof - Agrivalais","og_description":"Diese Dokumente unterst\u00fctzen Sie: www.bauernportal.ch &nbsp; \"Vom Hof\" ist DAS Online-Direktvermarktungsportal f\u00fcr Produkte und Dienstleistungen aus der","og_url":"https:\/\/agrivalais.ch\/de\/bauern\/vom-hof\/","og_site_name":"Agrivalais","article_modified_time":"2021-11-29T14:43:38+00:00","og_image":[{"width":800,"height":439,"url":"https:\/\/agrivalais.ch\/wp-content\/uploads\/2014\/09\/20110617-_MG_4734.jpg","type":"image\/jpeg"}],"twitter_card":"summary_large_image","schema":{"@context":"https:\/\/schema.org","@graph":[{"@type":"WebPage","@id":"https:\/\/agrivalais.ch\/de\/bauern\/vom-hof\/","url":"https:\/\/agrivalais.ch\/de\/bauern\/vom-hof\/","name":"Vom Hof - Agrivalais","isPartOf":{"@id":"https:\/\/agrivalais.ch\/#website"},"primaryImageOfPage":{"@id":"https:\/\/agrivalais.ch\/de\/bauern\/vom-hof\/#primaryimage"},"image":{"@id":"https:\/\/agrivalais.ch\/de\/bauern\/vom-hof\/#primaryimage"},"thumbnailUrl":"https:\/\/agrivalais.ch\/wp-content\/uploads\/2014\/09\/20110617-_MG_4734.jpg","datePublished":"2014-09-23T09:59:44+00:00","dateModified":"2021-11-29T14:43:38+00:00","description":"Diese Dokumente unterst\u00fctzen Sie: www.bauernportal.ch &nbsp; \"Vom Hof\" ist DAS Online-Direktvermarktungsportal f\u00fcr Produkte und Dienstleistungen aus der","breadcrumb":{"@id":"https:\/\/agrivalais.ch\/de\/bauern\/vom-hof\/#breadcrumb"},"inLanguage":"de","potentialAction":[{"@type":"ReadAction","target":["https:\/\/agrivalais.ch\/de\/bauern\/vom-hof\/"]}]},{"@type":"ImageObject","inLanguage":"de","@id":"https:\/\/agrivalais.ch\/de\/bauern\/vom-hof\/#primaryimage","url":"https:\/\/agrivalais.ch\/wp-content\/uploads\/2014\/09\/20110617-_MG_4734.jpg","contentUrl":"https:\/\/agrivalais.ch\/wp-content\/uploads\/2014\/09\/20110617-_MG_4734.jpg","width":800,"height":439},{"@type":"BreadcrumbList","@id":"https:\/\/agrivalais.ch\/de\/bauern\/vom-hof\/#breadcrumb","itemListElement":[{"@type":"ListItem","position":1,"name":"Home","item":"https:\/\/agrivalais.ch\/de\/"},{"@type":"ListItem","position":2,"name":"Betreiber","item":"https:\/\/agrivalais.ch\/de\/bauern\/"},{"@type":"ListItem","position":3,"name":"Vom Hof"}]},{"@type":"WebSite","@id":"https:\/\/agrivalais.ch\/#website","url":"https:\/\/agrivalais.ch\/","name":"Agrivalais","description":"Chambre Valaisanne d\u2019Agriculture - Walliser Landwirtschaftskammer","potentialAction":[{"@type":"SearchAction","target":{"@type":"EntryPoint","urlTemplate":"https:\/\/agrivalais.ch\/?s={search_term_string}"},"query-input":{"@type":"PropertyValueSpecification","valueRequired":true,"valueName":"search_term_string"}}],"inLanguage":"de"}]}},"_links":{"self":[{"href":"https:\/\/agrivalais.ch\/de\/wp-json\/wp\/v2\/pages\/1075","targetHints":{"allow":["GET"]}}],"collection":[{"href":"https:\/\/agrivalais.ch\/de\/wp-json\/wp\/v2\/pages"}],"about":[{"href":"https:\/\/agrivalais.ch\/de\/wp-json\/wp\/v2\/types\/page"}],"author":[{"embeddable":true,"href":"https:\/\/agrivalais.ch\/de\/wp-json\/wp\/v2\/users\/4"}],"replies":[{"embeddable":true,"href":"https:\/\/agrivalais.ch\/de\/wp-json\/wp\/v2\/comments?post=1075"}],"version-history":[{"count":10,"href":"https:\/\/agrivalais.ch\/de\/wp-json\/wp\/v2\/pages\/1075\/revisions"}],"predecessor-version":[{"id":5534,"href":"https:\/\/agrivalais.ch\/de\/wp-json\/wp\/v2\/pages\/1075\/revisions\/5534"}],"up":[{"embeddable":true,"href":"https:\/\/agrivalais.ch\/de\/wp-json\/wp\/v2\/pages\/49"}],"wp:featuredmedia":[{"embeddable":true,"href":"https:\/\/agrivalais.ch\/de\/wp-json\/wp\/v2\/media\/1253"}],"wp:attachment":[{"href":"https:\/\/agrivalais.ch\/de\/wp-json\/wp\/v2\/media?parent=1075"}],"wp:term":[{"taxonomy":"post_tag","embeddable":true,"href":"https:\/\/agrivalais.ch\/de\/wp-json\/wp\/v2\/tags?post=1075"}],"curies":[{"name":"wp","href":"https:\/\/api.w.org\/{rel}","templated":true}]}}